{"id":47898,"date":"2023-09-06T13:21:36","date_gmt":"2023-09-06T11:21:36","guid":{"rendered":"https:\/\/www.bojungle.eu\/product\/3-in-1-gehhilfe-rubinrot\/"},"modified":"2025-06-19T16:11:46","modified_gmt":"2025-06-19T14:11:46","slug":"3-in-1-gehhilfe-rubinrot","status":"publish","type":"product","link":"https:\/\/www.bojungle.eu\/de\/produkt\/3-in-1-gehhilfe-rubinrot\/","title":{"rendered":"3 in 1 Gehhilfe Rubinrot"},"content":{"rendered":"<div class=\"flex-shrink-0 flex flex-col relative items-end\">\n<div>\n<div class=\"pt-0\">\n<div class=\"gizmo-bot-avatar flex h-8 w-8 items-center justify-center overflow-hidden rounded-full\">\n<div class=\"relative p-1 rounded-sm flex items-center justify-center bg-token-main-surface-primary text-token-text-primary h-8 w-8\">Lassen Sie den Motor knallen mit unserem 3-in-1 Walker Ruby Red, Ihrem kleinen Rennstar! Dieser vielseitige Rollator ist so konzipiert, dass er mit Ihrem Kind mitw\u00e4chst und sich von einem coolen Rennwagensitz in einen Rollator und sogar einen Kinderwagen verwandelt. <\/div>\n<\/div>\n<\/div>\n<\/div>\n<\/div>\n<div class=\"group\/conversation-turn relative flex w-full min-w-0 flex-col agent-turn\">\n<div class=\"flex-col gap-1 md:gap-3\">\n<div class=\"flex max-w-full flex-col flex-grow\">\n<div class=\"min-h-[20px] text-message flex w-full flex-col items-end gap-2 break-words [.text-message+&amp;]:mt-5 overflow-x-auto whitespace-pre-wrap\" dir=\"auto\" data-message-author-role=\"assistant\" data-message-id=\"fedb9589-ff2d-4632-9e0d-009a6d3232ab\">\n<div class=\"flex w-full flex-col gap-1 empty:hidden first:pt-[3px]\">\n<div class=\"markdown prose w-full break-words dark:prose-invert light\">\n<h3>Merkmale:<\/h3>\n<ul>\n<li><strong>W\u00e4chst mit Ihrem Kind: <\/strong>Stellen Sie den Sitz auf 3 verschiedene H\u00f6hen ein, wenn Ihr Kind w\u00e4chst, damit er in jeder Phase bequem sitzt.<\/li>\n<li><strong>Lustiges Lenkrad:<\/strong> Das Armaturenbrett ist mit einem Lenkrad, Lichtern und verschiedenen Melodien ausgestattet, die Ihr Kind bei Laune halten.<\/li>\n<li><strong>Einfaches Man\u00f6vrieren:<\/strong> Mit den 4 R\u00e4dern und den 360\u00b0-Schwenkr\u00e4dern an der Vorderseite kann sich Ihr Kind sanft und leicht bewegen.<\/li>\n<li><strong>Einfache Aufbewahrung: <\/strong>Die Gehhilfe l\u00e4sst sich schnell zusammenklappen, sodass sie leicht verstaut oder mitgenommen werden kann.<\/li>\n<li><strong>3-in-1-Design: <\/strong>Einfacher Wechsel von einer Gehhilfe zu einem Kinderwagen, was Ihnen Flexibilit\u00e4t f\u00fcr jedes Abenteuer bietet.<\/li>\n<li><strong>Leicht zu reinigen: <\/strong>Der Bezug ist abnehmbar und waschbar, damit die Gehhilfe frisch und sauber bleibt.<\/li>\n<\/ul>\n<p>Lassen Sie Ihr Kind mit Freude und Aufregung seine ersten Schritte im 3-in-1 Walker Ruby Red machen. Egal, ob sie durch das Haus cruisen oder laufen lernen, dieser Rollator bietet endlosen Spa\u00df und Unterst\u00fctzung. <\/p>\n<table border=\"1\">\n<tbody>\n<tr>\n<td>Anleitung<\/td>\n<td><a href=\"https:\/\/www.bojungle.eu\/wp-content\/uploads\/2025\/06\/B910530-910540-manual.pdf\">Hier klicken<\/a><\/td>\n<\/tr>\n<\/tbody>\n<\/table>\n<\/div>\n<\/div>\n<\/div>\n<\/div>\n<\/div>\n<\/div>\n<p class=\"cvGsUA direction-ltr align-start para-style-body\">\n","protected":false},"excerpt":{"rendered":"<div class=\"flex max-w-full flex-col flex-grow\">\n<div class=\"min-h-[20px] text-message flex w-full flex-col items-end gap-2 break-words [.text-message+&amp;]:mt-5 overflow-x-auto whitespace-pre-wrap\" dir=\"auto\" data-message-author-role=\"assistant\" data-message-id=\"409651fe-ab51-4f04-83c5-1b327069df1a\">\n<div class=\"flex w-full flex-col gap-1 empty:hidden first:pt-[3px]\">\n<div class=\"markdown prose w-full break-words dark:prose-invert light\">\n<p>Lassen Sie Ihr Kind mit unserem 3-in-1 Walker Ruby Red in Aktion treten! Dieser lustige und flexible Rollator w\u00e4chst mit Ihrem Kind mit und l\u00e4sst sich leicht von einem Rennfahrersitz in einen Rollator und sogar in einen Kinderwagen verwandeln. Mit verstellbaren H\u00f6hen, einem verspielten Lenkrad mit Lichtern und Melodien, leichtg\u00e4ngigen, um 360\u00b0 schwenkbaren R\u00e4dern und einem klappbaren Design f\u00fcr eine einfache Aufbewahrung ist es sowohl f\u00fcr Spa\u00df als auch f\u00fcr Komfort gebaut. Au\u00dferdem h\u00e4lt der abnehmbare, waschbare Bezug ihn sauber und frisch. Perfekt f\u00fcr die ersten Schritte Ihres Kindes und dar\u00fcber hinaus.    <\/p>\n<\/div>\n<\/div>\n<\/div>\n<\/div>\n","protected":false},"featured_media":76441,"comment_status":"closed","ping_status":"closed","template":"","meta":{"_lmt_disableupdate":"","_lmt_disable":""},"product_brand":[],"product_cat":[453,619,502],"product_tag":[],"woo-feed-brand":[],"class_list":{"0":"post-47898","1":"product","2":"type-product","3":"status-publish","4":"has-post-thumbnail","6":"product_cat-spielzeit","7":"product_cat-aktivitatsspielzeug","8":"product_cat-buntes-spielzeug","10":"first","11":"instock","12":"taxable","13":"shipping-taxable","14":"purchasable","15":"product-type-simple"},"_links":{"self":[{"href":"https:\/\/www.bojungle.eu\/de\/wp-json\/wp\/v2\/product\/47898","targetHints":{"allow":["GET"]}}],"collection":[{"href":"https:\/\/www.bojungle.eu\/de\/wp-json\/wp\/v2\/product"}],"about":[{"href":"https:\/\/www.bojungle.eu\/de\/wp-json\/wp\/v2\/types\/product"}],"replies":[{"embeddable":true,"href":"https:\/\/www.bojungle.eu\/de\/wp-json\/wp\/v2\/comments?post=47898"}],"version-history":[{"count":2,"href":"https:\/\/www.bojungle.eu\/de\/wp-json\/wp\/v2\/product\/47898\/revisions"}],"predecessor-version":[{"id":80540,"href":"https:\/\/www.bojungle.eu\/de\/wp-json\/wp\/v2\/product\/47898\/revisions\/80540"}],"wp:featuredmedia":[{"embeddable":true,"href":"https:\/\/www.bojungle.eu\/de\/wp-json\/wp\/v2\/media\/76441"}],"wp:attachment":[{"href":"https:\/\/www.bojungle.eu\/de\/wp-json\/wp\/v2\/media?parent=47898"}],"wp:term":[{"taxonomy":"product_brand","embeddable":true,"href":"https:\/\/www.bojungle.eu\/de\/wp-json\/wp\/v2\/product_brand?post=47898"},{"taxonomy":"product_cat","embeddable":true,"href":"https:\/\/www.bojungle.eu\/de\/wp-json\/wp\/v2\/product_cat?post=47898"},{"taxonomy":"product_tag","embeddable":true,"href":"https:\/\/www.bojungle.eu\/de\/wp-json\/wp\/v2\/product_tag?post=47898"},{"taxonomy":"woo-feed-brand","embeddable":true,"href":"https:\/\/www.bojungle.eu\/de\/wp-json\/wp\/v2\/woo-feed-brand?post=47898"}],"curies":[{"name":"wp","href":"https:\/\/api.w.org\/{rel}","templated":true}]}}