{"id":47978,"date":"2023-09-06T15:42:25","date_gmt":"2023-09-06T13:42:25","guid":{"rendered":"https:\/\/www.bojungle.eu\/?post_type=product&#038;p=47978"},"modified":"2024-04-10T14:36:47","modified_gmt":"2024-04-10T12:36:47","slug":"badebar-terracotta","status":"publish","type":"product","link":"https:\/\/www.bojungle.eu\/de\/produkt\/badebar-terracotta\/","title":{"rendered":"Badeb\u00e4r Terracotta"},"content":{"rendered":"<p>Entdecken Sie den Badeb\u00e4r Terrakotta \u2013 den neuen Lieblingsbadekameraden Ihres Babys! Mit dem niedlichen B\u00e4renohr-Design und der bequemen Form macht das Baden gleich viel mehr Spa\u00df. Diese Babywanne wird mit einem praktischen Badewannenverkleinerer geliefert, der perfekt f\u00fcr Neugeborene ist und sie mit Saugn\u00e4pfen sicher h\u00e4lt. Und wenn es Zeit ist, das Wasser abzulassen, \u00f6ffnen Sie einfach den Ablassdeckel, um die Wanne schnell und einfach zu reinigen. Au\u00dferdem haben wir eine abnehmbare Seifenschale aus umweltfreundlichem Silikon beigelegt, damit Sie all Ihre Badeutensilien immer griffbereit haben, ohne viel Aufhebens machen zu m\u00fcssen.<\/p>\n<p> Dar\u00fcber hinaus k\u00f6nnen Sie sicher sein, dass der Badeb\u00e4r aus Terrakotta BPA-frei ist, sodass Ihr Kleines bei seinen Spritzabenteuern sicher ist.<\/p>\n","protected":false},"excerpt":{"rendered":"<div class=\"elementor-element elementor-element-80cf67d elementor-widget elementor-widget-jet-single-excerpt\" data-id=\"80cf67d\" data-element_type=\"widget\" data-widget_type=\"jet-single-excerpt.default\">\n<div class=\"elementor-widget-container\">\n<div class=\"elementor-jet-single-excerpt jet-woo-builder\">\n<div class=\"woocommerce-product-details__short-description\">\n<p>Lernen Sie den Badeb\u00e4r Terrakotta kennen \u2013 den ultimativen Begleiter f\u00fcr die Badezeit Ihres Babys! Mit den niedlichen B\u00e4renohren und dem ergonomischen Design wird das Baden gleich viel niedlicher und bequemer. Der Badeb\u00e4r ist mit einem Badewannenverkleinerer f\u00fcr Neugeborene, einem einfachen Ablassdeckel und einer umweltfreundlichen Seifenschale ausgestattet &#8211; die perfekte Mischung aus Spa\u00df und Funktionalit\u00e4t. Au\u00dferdem ist sie BPA-frei, damit Sie sich keine Sorgen machen m\u00fcssen.   Machen Sie sich bereit f\u00fcr saubere Abenteuer mit dem Badeb\u00e4ren Terrakotta!<\/p>\n<\/div>\n<\/div>\n<\/div>\n<\/div>\n<div class=\"elementor-element elementor-element-c5d7d93 elementor-widget elementor-widget-spacer\" data-id=\"c5d7d93\" data-element_type=\"widget\" data-widget_type=\"spacer.default\">\n<div class=\"elementor-widget-container\">\n<div class=\"elementor-spacer\"><\/div>\n<\/div>\n<\/div>\n<p>&nbsp;<\/p>\n","protected":false},"featured_media":69220,"comment_status":"closed","ping_status":"closed","template":"","meta":{"_lmt_disableupdate":"","_lmt_disable":""},"product_brand":[],"product_cat":[584,514],"product_tag":[],"woo-feed-brand":[],"class_list":{"0":"post-47978","1":"product","2":"type-product","3":"status-publish","4":"has-post-thumbnail","6":"product_cat-baby-in-der-badewanne","7":"product_cat-korperpflege","9":"first","10":"instock","11":"taxable","12":"shipping-taxable","13":"purchasable","14":"product-type-simple"},"_links":{"self":[{"href":"https:\/\/www.bojungle.eu\/de\/wp-json\/wp\/v2\/product\/47978","targetHints":{"allow":["GET"]}}],"collection":[{"href":"https:\/\/www.bojungle.eu\/de\/wp-json\/wp\/v2\/product"}],"about":[{"href":"https:\/\/www.bojungle.eu\/de\/wp-json\/wp\/v2\/types\/product"}],"replies":[{"embeddable":true,"href":"https:\/\/www.bojungle.eu\/de\/wp-json\/wp\/v2\/comments?post=47978"}],"version-history":[{"count":1,"href":"https:\/\/www.bojungle.eu\/de\/wp-json\/wp\/v2\/product\/47978\/revisions"}],"predecessor-version":[{"id":72711,"href":"https:\/\/www.bojungle.eu\/de\/wp-json\/wp\/v2\/product\/47978\/revisions\/72711"}],"wp:featuredmedia":[{"embeddable":true,"href":"https:\/\/www.bojungle.eu\/de\/wp-json\/wp\/v2\/media\/69220"}],"wp:attachment":[{"href":"https:\/\/www.bojungle.eu\/de\/wp-json\/wp\/v2\/media?parent=47978"}],"wp:term":[{"taxonomy":"product_brand","embeddable":true,"href":"https:\/\/www.bojungle.eu\/de\/wp-json\/wp\/v2\/product_brand?post=47978"},{"taxonomy":"product_cat","embeddable":true,"href":"https:\/\/www.bojungle.eu\/de\/wp-json\/wp\/v2\/product_cat?post=47978"},{"taxonomy":"product_tag","embeddable":true,"href":"https:\/\/www.bojungle.eu\/de\/wp-json\/wp\/v2\/product_tag?post=47978"},{"taxonomy":"woo-feed-brand","embeddable":true,"href":"https:\/\/www.bojungle.eu\/de\/wp-json\/wp\/v2\/woo-feed-brand?post=47978"}],"curies":[{"name":"wp","href":"https:\/\/api.w.org\/{rel}","templated":true}]}}