{"id":48451,"date":"2023-09-07T14:05:40","date_gmt":"2023-09-07T12:05:40","guid":{"rendered":"https:\/\/www.bojungle.eu\/product\/waermestation-shady-grey\/"},"modified":"2025-06-06T13:04:15","modified_gmt":"2025-06-06T11:04:15","slug":"warmestation-shady-grey","status":"publish","type":"product","link":"https:\/\/www.bojungle.eu\/de\/produkt\/warmestation-shady-grey\/","title":{"rendered":"W\u00e4rmestation Shady Grey"},"content":{"rendered":"<p>Die Warming Station Shady Grey ist die ultimative L\u00f6sung, um Wasser m\u00fchelos auf der perfekten Temperatur f\u00fcr verschiedene Getr\u00e4nke und Bed\u00fcrfnisse zu halten. Dieses elegante und moderne Ger\u00e4t wurde entwickelt, um Ihre t\u00e4glichen Routinen einfacher und bequemer als je zuvor zu gestalten. <\/p>\n<p>Mit dem gro\u00dfz\u00fcgigen Edelstahl-Wassertank mit einem Fassungsverm\u00f6gen von 1250 ml k\u00f6nnen Sie mit der Warming Station Shady Grey m\u00fchelos mehrere Flaschen bef\u00fcllen und so sicherstellen, dass Sie immer einen st\u00e4ndigen Vorrat an warmem Wasser zur Hand haben. Verabschieden Sie sich vom l\u00e4stigen st\u00e4ndigen Aufw\u00e4rmen von Wasser oder dem Warten, bis es die gew\u00fcnschte Temperatur erreicht hat. <\/p>\n<p>Dank der voreingestellten Temperaturregelung mit Optionen wie 37\u00b0C zum Erw\u00e4rmen von Milch, 45\u00b0C f\u00fcr Suppen oder 85\u00b0C f\u00fcr Tee k\u00f6nnen Sie die Wassertemperatur m\u00fchelos an Ihre Vorlieben anpassen. Alternativ k\u00f6nnen Sie die Temperatur auch manuell einstellen, um Ihren speziellen Anforderungen gerecht zu werden. <\/p>\n<p>Sie k\u00f6nnen nicht nur die Temperatur einstellen, sondern auch die Menge des ausgegebenen Wassers, die von 30 ml bis 330 ml in praktischen 30-ml-Schritten reicht. Egal, ob Sie eine kleine Menge f\u00fcr ein schnelles Getr\u00e4nk oder eine gr\u00f6\u00dfere Menge zum Kochen ben\u00f6tigen, mit der Warming Station Shady Grey sind Sie bestens versorgt. <\/p>\n<p>Wenn Sie Ihr Wasser schnell abk\u00fchlen m\u00fcssen, nutzen Sie einfach die K\u00fchlfunktion, um die Temperatur m\u00fchelos zu senken.<\/p>\n<p>Mit der Sterilisations- und Kochfunktion, die Temperaturen von 100\u00b0C erreicht, um eine gr\u00fcndliche Reinigung und Sterilisation des Ger\u00e4ts zu gew\u00e4hrleisten, ist die Aufrechterhaltung der Hygiene m\u00fchelos. Halten Sie Ihre Wasserstation mit minimalem Aufwand makellos und sicher f\u00fcr den t\u00e4glichen Gebrauch. <\/p>\n<p>Die Warmhaltestation Shady Grey wurde mit Blick auf Funktionalit\u00e4t und Stil entworfen und besticht durch ihr modernes Design, das jede K\u00fcche und jeden Arbeitsbereich bereichern wird. Mit dieser vielseitigen und innovativen Warmhaltestation f\u00fcr Wasser k\u00f6nnen Sie sich auf Komfort und Effizienz freuen. <\/p>\n<p>&nbsp;<\/p>\n<table border=\"1\">\n<tbody>\n<tr>\n<td>Anleitung<\/td>\n<td><a href=\"https:\/\/www.bojungle.eu\/wp-content\/uploads\/2025\/06\/B553000-Warming-Station-2024.pdf\" target=\"_blank\" rel=\"noopener\">Hier klicken<\/a><\/td>\n<\/tr>\n<\/tbody>\n<\/table>\n","protected":false},"excerpt":{"rendered":"<p>Mit dieser Wassererw\u00e4rmungsstation haben Sie im Handumdrehen Wasser mit der richtigen Temperatur. Dank des gro\u00dfen Wassertanks aus Edelstahl k\u00f6nnen Sie problemlos mehrere Flaschen f\u00fcllen und das Wasser bleibt auf der gew\u00fcnschten Temperatur. Es gibt voreingestellte Temperaturen, zum Beispiel 37\u00b0C f\u00fcr Milch, 45\u00b0C f\u00fcr Suppe oder 85\u00b0C f\u00fcr Tee. Nicht nur die Temperatur, sondern auch die Wassermenge kann eingestellt werden. Sie reicht von 30 ml bis 330 ml und erh\u00f6ht sich in 30-ml-Schritten. Wenn Sie die Temperatur schneller absenken m\u00f6chten, k\u00f6nnen Sie die K\u00fchlfunktion des Ger\u00e4ts nutzen. Auch das Sterilisieren des Ger\u00e4ts ist kinderleicht.      <\/p>\n","protected":false},"featured_media":62471,"comment_status":"closed","ping_status":"closed","template":"","meta":{"_lmt_disableupdate":"","_lmt_disable":""},"product_brand":[],"product_cat":[455,450],"product_tag":[],"woo-feed-brand":[],"class_list":{"0":"post-48451","1":"product","2":"type-product","3":"status-publish","4":"has-post-thumbnail","6":"product_cat-zubereitung-von-mahlzeiten","7":"product_cat-essen-trinken","9":"first","10":"outofstock","11":"taxable","12":"shipping-taxable","13":"purchasable","14":"product-type-simple"},"_links":{"self":[{"href":"https:\/\/www.bojungle.eu\/de\/wp-json\/wp\/v2\/product\/48451","targetHints":{"allow":["GET"]}}],"collection":[{"href":"https:\/\/www.bojungle.eu\/de\/wp-json\/wp\/v2\/product"}],"about":[{"href":"https:\/\/www.bojungle.eu\/de\/wp-json\/wp\/v2\/types\/product"}],"replies":[{"embeddable":true,"href":"https:\/\/www.bojungle.eu\/de\/wp-json\/wp\/v2\/comments?post=48451"}],"version-history":[{"count":2,"href":"https:\/\/www.bojungle.eu\/de\/wp-json\/wp\/v2\/product\/48451\/revisions"}],"predecessor-version":[{"id":80141,"href":"https:\/\/www.bojungle.eu\/de\/wp-json\/wp\/v2\/product\/48451\/revisions\/80141"}],"wp:featuredmedia":[{"embeddable":true,"href":"https:\/\/www.bojungle.eu\/de\/wp-json\/wp\/v2\/media\/62471"}],"wp:attachment":[{"href":"https:\/\/www.bojungle.eu\/de\/wp-json\/wp\/v2\/media?parent=48451"}],"wp:term":[{"taxonomy":"product_brand","embeddable":true,"href":"https:\/\/www.bojungle.eu\/de\/wp-json\/wp\/v2\/product_brand?post=48451"},{"taxonomy":"product_cat","embeddable":true,"href":"https:\/\/www.bojungle.eu\/de\/wp-json\/wp\/v2\/product_cat?post=48451"},{"taxonomy":"product_tag","embeddable":true,"href":"https:\/\/www.bojungle.eu\/de\/wp-json\/wp\/v2\/product_tag?post=48451"},{"taxonomy":"woo-feed-brand","embeddable":true,"href":"https:\/\/www.bojungle.eu\/de\/wp-json\/wp\/v2\/woo-feed-brand?post=48451"}],"curies":[{"name":"wp","href":"https:\/\/api.w.org\/{rel}","templated":true}]}}