{"id":48541,"date":"2023-09-07T14:56:37","date_gmt":"2023-09-07T12:56:37","guid":{"rendered":"https:\/\/www.bojungle.eu\/product\/babypflegebuersten-3-stueck\/"},"modified":"2024-11-07T16:28:11","modified_gmt":"2024-11-07T15:28:11","slug":"babypflegebursten-3-stuck","status":"publish","type":"product","link":"https:\/\/www.bojungle.eu\/de\/produkt\/babypflegebursten-3-stuck\/","title":{"rendered":"Babypflegeb\u00fcrsten (3 St\u00fcck)"},"content":{"rendered":"<p>Unser Set mit Babypflegeb\u00fcrsten ist f\u00fcr die sanfte Pflege der weichen Kopfhaut und Haare Ihres Babys gedacht. Aus nat\u00fcrlichen Materialien und in hoher Qualit\u00e4t hergestellt, enth\u00e4lt dieses Set drei verschiedene B\u00fcrsten f\u00fcr jede Art von Babyhaar, von feinem und weichem bis zu dickerem Haar. <\/p>\n<ul>\n<li><strong>Einfach zu halten:<\/strong> Jede B\u00fcrste hat einen glatten Griff aus Birnbaumholz, so dass sie f\u00fcr die Eltern bequem zu halten und einfach zu bedienen ist.<\/li>\n<li><strong>Abgerundete Z\u00e4hne und Borsten: <\/strong>Mit ihren abgerundeten Spitzen und weichen Eselshaarborsten sind diese B\u00fcrsten sanft zur Kopfhaut und verhindern jegliches Ziehen oder Irritationen.<\/li>\n<li><strong>Perfekt f\u00fcr empfindliche Haut: <\/strong>Diese B\u00fcrsten sind ideal f\u00fcr empfindliche Babyhaut und helfen, das Haar weich und geschmeidig zu halten, w\u00e4hrend sie sehr sanft sind.<\/li>\n<\/ul>\n<div class=\"flex max-w-full flex-col flex-grow\">\n<div class=\"min-h-8 text-message flex w-full flex-col items-end gap-2 whitespace-normal break-words [.text-message+&amp;]:mt-5\" dir=\"auto\" data-message-author-role=\"assistant\" data-message-id=\"534e1b46-fdf7-4e15-9a16-42cce9b45815\" data-message-model-slug=\"gpt-4o\">\n<div class=\"flex w-full flex-col gap-1 empty:hidden first:pt-[3px]\">\n<div class=\"markdown prose w-full break-words dark:prose-invert light\">\n<p>Mit diesem 3-teiligen Set haben Sie alles, was Sie brauchen, um das Haar Ihres Babys frei von Verfilzungen und gut gepflegt zu halten &#8211; und das alles mit dem weichen Gef\u00fchl nat\u00fcrlicher Materialien.<\/p>\n<\/div>\n<\/div>\n<\/div>\n<\/div>\n<div class=\"mb-2 flex gap-3 empty:hidden -ml-2\">\n<div class=\"items-center justify-start rounded-xl p-1 flex\">\n<div class=\"flex items-center\"><button class=\"rounded-lg text-token-text-secondary hover:bg-token-main-surface-secondary\" aria-label=\"Read aloud\" data-testid=\"voice-play-turn-action-button\"><\/button><button class=\"rounded-lg text-token-text-secondary hover:bg-token-main-surface-secondary\" aria-label=\"Kopi\u00ebren\" data-testid=\"copy-turn-action-button\"><\/button><\/p>\n<div class=\"flex\"><\/div>\n<div class=\"flex items-center pb-0\"><\/div>\n<\/div>\n<\/div>\n<\/div>\n","protected":false},"excerpt":{"rendered":"<p>Dieses nat\u00fcrliche 3-teilige Babypflegeb\u00fcrsten-Set ist perfekt f\u00fcr die sanfte Pflege der Haare Ihres Babys. Jede B\u00fcrste hat glatte Griffe aus Birnbaumholz und weiche Eselshaarborsten, die sanft zur empfindlichen Kopfhaut sind und leicht in der Hand liegen. Dieses Set ist ideal f\u00fcr alle Haartypen und sorgt daf\u00fcr, dass das Haar Ihres Babys glatt und frei von Verfilzungen bleibt.  <\/p>\n","protected":false},"featured_media":68780,"comment_status":"closed","ping_status":"closed","template":"","meta":{"_lmt_disableupdate":"","_lmt_disable":""},"product_brand":[],"product_cat":[514,585],"product_tag":[],"woo-feed-brand":[],"class_list":{"0":"post-48541","1":"product","2":"type-product","3":"status-publish","4":"has-post-thumbnail","6":"product_cat-korperpflege","7":"product_cat-schonheit-und-gesundheit-des-babys","9":"first","10":"instock","11":"taxable","12":"shipping-taxable","13":"purchasable","14":"product-type-simple"},"_links":{"self":[{"href":"https:\/\/www.bojungle.eu\/de\/wp-json\/wp\/v2\/product\/48541","targetHints":{"allow":["GET"]}}],"collection":[{"href":"https:\/\/www.bojungle.eu\/de\/wp-json\/wp\/v2\/product"}],"about":[{"href":"https:\/\/www.bojungle.eu\/de\/wp-json\/wp\/v2\/types\/product"}],"replies":[{"embeddable":true,"href":"https:\/\/www.bojungle.eu\/de\/wp-json\/wp\/v2\/comments?post=48541"}],"version-history":[{"count":1,"href":"https:\/\/www.bojungle.eu\/de\/wp-json\/wp\/v2\/product\/48541\/revisions"}],"predecessor-version":[{"id":78396,"href":"https:\/\/www.bojungle.eu\/de\/wp-json\/wp\/v2\/product\/48541\/revisions\/78396"}],"wp:featuredmedia":[{"embeddable":true,"href":"https:\/\/www.bojungle.eu\/de\/wp-json\/wp\/v2\/media\/68780"}],"wp:attachment":[{"href":"https:\/\/www.bojungle.eu\/de\/wp-json\/wp\/v2\/media?parent=48541"}],"wp:term":[{"taxonomy":"product_brand","embeddable":true,"href":"https:\/\/www.bojungle.eu\/de\/wp-json\/wp\/v2\/product_brand?post=48541"},{"taxonomy":"product_cat","embeddable":true,"href":"https:\/\/www.bojungle.eu\/de\/wp-json\/wp\/v2\/product_cat?post=48541"},{"taxonomy":"product_tag","embeddable":true,"href":"https:\/\/www.bojungle.eu\/de\/wp-json\/wp\/v2\/product_tag?post=48541"},{"taxonomy":"woo-feed-brand","embeddable":true,"href":"https:\/\/www.bojungle.eu\/de\/wp-json\/wp\/v2\/woo-feed-brand?post=48541"}],"curies":[{"name":"wp","href":"https:\/\/api.w.org\/{rel}","templated":true}]}}