{"id":48562,"date":"2023-09-08T09:46:10","date_gmt":"2023-09-08T07:46:10","guid":{"rendered":"https:\/\/www.bojungle.eu\/product\/schwaemme-aus-natuerlichem-holzschliff-3-stueck\/"},"modified":"2024-04-02T16:13:30","modified_gmt":"2024-04-02T14:13:30","slug":"naturholz-pulp-schwamme-3st","status":"publish","type":"product","link":"https:\/\/www.bojungle.eu\/de\/produkt\/naturholz-pulp-schwamme-3st\/","title":{"rendered":"Schw\u00e4mme aus nat\u00fcrlichem Holzschliff (3 St\u00fcck)"},"content":{"rendered":"<p>Wir stellen unsere Schw\u00e4mme aus nat\u00fcrlichem Zellstoff vor &#8211; die umweltfreundliche L\u00f6sung f\u00fcr Ihre Hautpflegeroutine! Diese Schw\u00e4mme werden aus reinem Zellstoff hergestellt und sind nicht nur sanft zu Ihrer Haut, sondern auch zur Umwelt, da sie vollst\u00e4ndig biologisch abbaubar sind. Mit ihrer au\u00dfergew\u00f6hnlichen Saugf\u00e4higkeit und ihrer weichen, pl\u00fcschigen Beschaffenheit sind unsere Schw\u00e4mme perfekt f\u00fcr die zarte Haut Ihres Babys. Ihre sanfte Ber\u00fchrung macht das Baden zu einem Kinderspiel und sorgt f\u00fcr ein pflegendes und komfortables Erlebnis f\u00fcr Ihr Kind. Jeder Schwamm hat eine einzigartige Form, die der t\u00e4glichen Hautpflege einen Hauch von Laune verleiht. Diese Schw\u00e4mme sind in drei verspielten Farben erh\u00e4ltlich und bringen ein lustiges Element in Ihre Badezimmerausstattung. Unsere nat\u00fcrlichen Schw\u00e4mme eignen sich sowohl f\u00fcr das Gesicht als auch f\u00fcr den K\u00f6rper und sorgen f\u00fcr eine gr\u00fcndliche Reinigung, ohne empfindliche Haut zu reizen. Verabschieden Sie sich von aggressiven Chemikalien und begr\u00fc\u00dfen Sie die reine G\u00fcte von Holzfasern. Erweitern Sie Ihre Hautpflegeroutine mit unseren Schw\u00e4mmen aus nat\u00fcrlichem Zellstoff &#8211; denn die Pflege Ihrer Haut und unseres Planeten sollte immer Hand in Hand gehen. <\/p>\n<ul>\n<li>Lustige, spielerische Formen und Farben<\/li>\n<li>Hergestellt aus Zellstoff<\/li>\n<li>Satz mit 3 St\u00fcck<\/li>\n<li>Ideal f\u00fcr Gesicht und K\u00f6rper<\/li>\n<li>Geeignet f\u00fcr empfindliche Hauttypen<\/li>\n<\/ul>\n","protected":false},"excerpt":{"rendered":"<p><span class=\"OYPEnA text-decoration-none text-strikethrough-none\">Die Schw\u00e4mme aus nat\u00fcrlichem Zellstoff werden aus Zellstoff hergestellt und sind biologisch abbaubar. Sie haben gro\u00dfe Saugf\u00e4higkeit und sind weich in der Textur, die daher ideale Faktoren f\u00fcr die Haut Ihres Babys sind. Jeder Schwamm hat eine einzigartige Form. Die Naturschw\u00e4mme sind ideal f\u00fcr die Reinigung von Gesicht und K\u00f6rper und eignen sich auch f\u00fcr empfindliche Hauttypen.   <\/span><\/p>\n","protected":false},"featured_media":68840,"comment_status":"closed","ping_status":"closed","template":"","meta":{"_lmt_disableupdate":"","_lmt_disable":""},"product_brand":[],"product_cat":[584,514],"product_tag":[],"woo-feed-brand":[],"class_list":{"0":"post-48562","1":"product","2":"type-product","3":"status-publish","4":"has-post-thumbnail","6":"product_cat-baby-in-der-badewanne","7":"product_cat-korperpflege","9":"first","10":"instock","11":"taxable","12":"shipping-taxable","13":"purchasable","14":"product-type-simple"},"_links":{"self":[{"href":"https:\/\/www.bojungle.eu\/de\/wp-json\/wp\/v2\/product\/48562","targetHints":{"allow":["GET"]}}],"collection":[{"href":"https:\/\/www.bojungle.eu\/de\/wp-json\/wp\/v2\/product"}],"about":[{"href":"https:\/\/www.bojungle.eu\/de\/wp-json\/wp\/v2\/types\/product"}],"replies":[{"embeddable":true,"href":"https:\/\/www.bojungle.eu\/de\/wp-json\/wp\/v2\/comments?post=48562"}],"version-history":[{"count":1,"href":"https:\/\/www.bojungle.eu\/de\/wp-json\/wp\/v2\/product\/48562\/revisions"}],"predecessor-version":[{"id":71912,"href":"https:\/\/www.bojungle.eu\/de\/wp-json\/wp\/v2\/product\/48562\/revisions\/71912"}],"wp:featuredmedia":[{"embeddable":true,"href":"https:\/\/www.bojungle.eu\/de\/wp-json\/wp\/v2\/media\/68840"}],"wp:attachment":[{"href":"https:\/\/www.bojungle.eu\/de\/wp-json\/wp\/v2\/media?parent=48562"}],"wp:term":[{"taxonomy":"product_brand","embeddable":true,"href":"https:\/\/www.bojungle.eu\/de\/wp-json\/wp\/v2\/product_brand?post=48562"},{"taxonomy":"product_cat","embeddable":true,"href":"https:\/\/www.bojungle.eu\/de\/wp-json\/wp\/v2\/product_cat?post=48562"},{"taxonomy":"product_tag","embeddable":true,"href":"https:\/\/www.bojungle.eu\/de\/wp-json\/wp\/v2\/product_tag?post=48562"},{"taxonomy":"woo-feed-brand","embeddable":true,"href":"https:\/\/www.bojungle.eu\/de\/wp-json\/wp\/v2\/woo-feed-brand?post=48562"}],"curies":[{"name":"wp","href":"https:\/\/api.w.org\/{rel}","templated":true}]}}