{"id":48582,"date":"2023-09-08T10:49:22","date_gmt":"2023-09-08T08:49:22","guid":{"rendered":"https:\/\/www.bojungle.eu\/product\/baby-nasenspuelungen-2-stueck\/"},"modified":"2024-11-21T11:42:11","modified_gmt":"2024-11-21T10:42:11","slug":"baby-nasal-irrigators-2-pcs","status":"publish","type":"product","link":"https:\/\/www.bojungle.eu\/de\/produkt\/baby-nasal-irrigators-2-pcs\/","title":{"rendered":"Baby-Nasensp\u00fclungen (2 St\u00fcck)"},"content":{"rendered":"<p><span class=\"OYPEnA text-decoration-none text-strikethrough-none\">Der Bo Jungle Nasensp\u00fcler ist eine 10-ml-Spritze, mit der Sie die Nase leicht aussp\u00fclen und \u00fcbersch\u00fcssige Nasenschleimhaut mit nur einem Druck sofort l\u00f6sen k\u00f6nnen. Eine verstopfte Nase kann einen gro\u00dfen Einfluss auf den Schlaf und das allgemeine Wohlbefinden Ihres Kindes haben. Die Silikonspitze macht das Einf\u00fchren in die Nase einfacher und glatter.  <\/span> <span class=\"OYPEnA text-decoration-none text-strikethrough-none\">Sehr empfehlenswert f\u00fcr junge Eltern mit Babys von der Geburt bis zu dem Zeitpunkt, an dem sie sich selbst\u00e4ndig die Nase putzen k\u00f6nnen. Auch f\u00fcr Erwachsene kann diese Spritze die dringend ben\u00f6tigte Linderung bei einer verstopften Nase bringen. <\/span><\/p>\n<ul>\n<li><span class=\"OYPEnA text-decoration-none text-strikethrough-none\">F\u00fcr alle Altersgruppen<\/span><\/li>\n<li><span class=\"OYPEnA text-decoration-none text-strikethrough-none\">10ml<\/span><\/li>\n<li><span class=\"OYPEnA text-decoration-none text-strikethrough-none\">Spitze aus Silikon<\/span><\/li>\n<li><span class=\"OYPEnA text-decoration-none text-strikethrough-none\">2 Spritzen<\/span><\/li>\n<\/ul>\n","protected":false},"excerpt":{"rendered":"<p><span class=\"OYPEnA text-decoration-none text-strikethrough-none\">Eine verstopfte Nase kann gro\u00dfe Auswirkungen auf den Schlaf und das allgemeine Wohlbefinden Ihres Kindes haben. Der Bo Jungle Nasensp\u00fcler ist eine 10-ml-Spritze, mit der Sie die Nase leicht sp\u00fclen und \u00fcbersch\u00fcssige Nasenschleimhaut mit nur einem Druck sofort befreien k\u00f6nnen. Die Silikonspitze macht das Einf\u00fchren in die Nase einfacher und glatter.  <\/span> <span class=\"OYPEnA text-decoration-none text-strikethrough-none\">Sehr empfehlenswert f\u00fcr junge Eltern mit Babys von der Geburt bis zu dem Zeitpunkt, an dem sie sich selbst\u00e4ndig die Nase putzen k\u00f6nnen. Auch f\u00fcr Erwachsene kann diese Spritze die dringend ben\u00f6tigte Linderung bei einer verstopften Nase bringen. <\/span><\/p>\n","protected":false},"featured_media":62634,"comment_status":"closed","ping_status":"closed","template":"","meta":{"_lmt_disableupdate":"","_lmt_disable":""},"product_brand":[],"product_cat":[514,585],"product_tag":[],"woo-feed-brand":[],"class_list":{"0":"post-48582","1":"product","2":"type-product","3":"status-publish","4":"has-post-thumbnail","6":"product_cat-korperpflege","7":"product_cat-schonheit-und-gesundheit-des-babys","9":"first","10":"instock","11":"taxable","12":"shipping-taxable","13":"purchasable","14":"product-type-simple"},"_links":{"self":[{"href":"https:\/\/www.bojungle.eu\/de\/wp-json\/wp\/v2\/product\/48582","targetHints":{"allow":["GET"]}}],"collection":[{"href":"https:\/\/www.bojungle.eu\/de\/wp-json\/wp\/v2\/product"}],"about":[{"href":"https:\/\/www.bojungle.eu\/de\/wp-json\/wp\/v2\/types\/product"}],"replies":[{"embeddable":true,"href":"https:\/\/www.bojungle.eu\/de\/wp-json\/wp\/v2\/comments?post=48582"}],"version-history":[{"count":1,"href":"https:\/\/www.bojungle.eu\/de\/wp-json\/wp\/v2\/product\/48582\/revisions"}],"predecessor-version":[{"id":78450,"href":"https:\/\/www.bojungle.eu\/de\/wp-json\/wp\/v2\/product\/48582\/revisions\/78450"}],"wp:featuredmedia":[{"embeddable":true,"href":"https:\/\/www.bojungle.eu\/de\/wp-json\/wp\/v2\/media\/62634"}],"wp:attachment":[{"href":"https:\/\/www.bojungle.eu\/de\/wp-json\/wp\/v2\/media?parent=48582"}],"wp:term":[{"taxonomy":"product_brand","embeddable":true,"href":"https:\/\/www.bojungle.eu\/de\/wp-json\/wp\/v2\/product_brand?post=48582"},{"taxonomy":"product_cat","embeddable":true,"href":"https:\/\/www.bojungle.eu\/de\/wp-json\/wp\/v2\/product_cat?post=48582"},{"taxonomy":"product_tag","embeddable":true,"href":"https:\/\/www.bojungle.eu\/de\/wp-json\/wp\/v2\/product_tag?post=48582"},{"taxonomy":"woo-feed-brand","embeddable":true,"href":"https:\/\/www.bojungle.eu\/de\/wp-json\/wp\/v2\/woo-feed-brand?post=48582"}],"curies":[{"name":"wp","href":"https:\/\/api.w.org\/{rel}","templated":true}]}}