{"id":49078,"date":"2023-10-11T14:08:01","date_gmt":"2023-10-11T12:08:01","guid":{"rendered":"https:\/\/www.bojungle.eu\/product\/cuddly-koala-trinkbecher-360\/"},"modified":"2024-04-16T15:06:00","modified_gmt":"2024-04-16T13:06:00","slug":"kuschelig-koala-trinkbecher-360","status":"publish","type":"product","link":"https:\/\/www.bojungle.eu\/de\/produkt\/kuschelig-koala-trinkbecher-360\/","title":{"rendered":"Cuddly Koala Trinkbecher 360\u00b0"},"content":{"rendered":"<div class=\"w-full text-token-text-primary\" dir=\"auto\" data-testid=\"conversation-turn-5\">\n<div class=\"px-4 py-2 justify-center text-base md:gap-6 m-auto\">\n<div class=\"flex flex-1 text-base mx-auto gap-3 juice:gap-4 juice:md:gap-6 md:px-5 lg:px-1 xl:px-5 md:max-w-3xl lg:max-w-[40rem] xl:max-w-[48rem]\">\n<div class=\"relative flex w-full flex-col agent-turn\">\n<div class=\"flex-col gap-1 md:gap-3\">\n<div class=\"flex flex-grow flex-col max-w-full\">\n<div class=\"min-h-[20px] text-message flex flex-col items-start gap-3 whitespace-pre-wrap break-words [.text-message+&amp;]:mt-5 overflow-x-auto\" dir=\"auto\" data-message-author-role=\"assistant\" data-message-id=\"a5c48557-a76e-4d79-b8ea-5b87861ef68f\">\n<div class=\"markdown prose w-full break-words dark:prose-invert light\">\n<p>Der Cuddly Koala Drinking Cup 360\u00b0 ist der perfekte Begleiter f\u00fcr die Trinkabenteuer Ihres Kindes! Dieser innovative Trinklernbecher, bei dessen Entwicklung sowohl Spa\u00df als auch Funktionalit\u00e4t im Vordergrund standen, macht den \u00dcbergang zum selbstst\u00e4ndigen Trinken zum Kinderspiel. Mit seinem verspielten 360\u00b0-Design ermutigt dieser Becher Ihr Kind, aus jedem Winkel zu schl\u00fcrfen und zu erforschen, und f\u00f6rdert so wichtige Trinkf\u00e4higkeiten, w\u00e4hrend gleichzeitig die Unordnung auf ein Minimum reduziert wird. Der integrierte Silikonrand sorgt daf\u00fcr, dass die Fl\u00fcssigkeit nur dann flie\u00dft, wenn Ihr Kind Druck aus\u00fcbt, wodurch weniger versch\u00fcttet wird und ein kontrollierteres Trinkerlebnis m\u00f6glich ist. Der Becher ist mit einem niedlichen Koala-Design verziert und verf\u00fcgt \u00fcber charmante Griffe, die das Trinken erleichtern, sowie einen praktischen Deckel, der den Inhalt zwischen den Schlucken frisch h\u00e4lt. Mit unserer Anti-Auslauf-Technologie k\u00f6nnen Sie sich von auslaufenden Getr\u00e4nken verabschieden und haben bei jedem Schluck ein sicheres Gef\u00fchl. Mit seinem gro\u00dfz\u00fcgigen Fassungsverm\u00f6gen von 240 ml ist er perfekt geeignet, um den Durst Ihres Kindes beim Spielen oder bei Abenteuern unterwegs zu stillen. Und wenn es an der Zeit ist, ihn zu reinigen, k\u00f6nnen Sie ihn einfach in der Sp\u00fclmaschine reinigen, damit Sie mehr Zeit haben, die kostbaren Momente mit Ihrem Kind zu genie\u00dfen. Mit dem Cuddly Koala Drinking Cup 360\u00b0 macht das Trinken Spa\u00df und ist ganz einfach &#8211; denn jeder Schluck sollte ein Abenteuer sein! <\/p>\n<\/div>\n<\/div>\n<\/div>\n<\/div>\n<\/div>\n<\/div>\n<\/div>\n<\/div>\n","protected":false},"excerpt":{"rendered":"<p>Entdecken Sie den Cuddly Koala Trinklernbecher 360\u00b0! Mit ihm lernt Ihr Kind spielerisch, selbstst\u00e4ndig zu trinken. Dank des Silikonrands wird das Auslaufen von Getr\u00e4nken verhindert, so dass das Trinken ohne Probleme Spa\u00df macht. Mit seinem niedlichen Koala-Design, den Griffen zum einfachen Halten und dem Deckel, der die Getr\u00e4nke frisch h\u00e4lt, ist er sowohl niedlich als auch praktisch. Au\u00dferdem ist er auslaufsicher und sp\u00fclmaschinenfest f\u00fcr eine einfache Reinigung. Mit einem Fassungsverm\u00f6gen von 240 ml ist er perfekt f\u00fcr den Durst Ihres Kindes. Mit dem Cuddly Koala Trinkbecher 360\u00b0 ist das Trinken jetzt kein Problem mehr!      <\/p>\n","protected":false},"featured_media":73816,"comment_status":"closed","ping_status":"closed","template":"","meta":{"_lmt_disableupdate":"","_lmt_disable":""},"product_brand":[],"product_cat":[450,455],"product_tag":[],"woo-feed-brand":[],"class_list":{"0":"post-49078","1":"product","2":"type-product","3":"status-publish","4":"has-post-thumbnail","6":"product_cat-essen-trinken","7":"product_cat-zubereitung-von-mahlzeiten","9":"first","10":"instock","11":"taxable","12":"shipping-taxable","13":"purchasable","14":"product-type-simple"},"_links":{"self":[{"href":"https:\/\/www.bojungle.eu\/de\/wp-json\/wp\/v2\/product\/49078","targetHints":{"allow":["GET"]}}],"collection":[{"href":"https:\/\/www.bojungle.eu\/de\/wp-json\/wp\/v2\/product"}],"about":[{"href":"https:\/\/www.bojungle.eu\/de\/wp-json\/wp\/v2\/types\/product"}],"replies":[{"embeddable":true,"href":"https:\/\/www.bojungle.eu\/de\/wp-json\/wp\/v2\/comments?post=49078"}],"version-history":[{"count":1,"href":"https:\/\/www.bojungle.eu\/de\/wp-json\/wp\/v2\/product\/49078\/revisions"}],"predecessor-version":[{"id":73875,"href":"https:\/\/www.bojungle.eu\/de\/wp-json\/wp\/v2\/product\/49078\/revisions\/73875"}],"wp:featuredmedia":[{"embeddable":true,"href":"https:\/\/www.bojungle.eu\/de\/wp-json\/wp\/v2\/media\/73816"}],"wp:attachment":[{"href":"https:\/\/www.bojungle.eu\/de\/wp-json\/wp\/v2\/media?parent=49078"}],"wp:term":[{"taxonomy":"product_brand","embeddable":true,"href":"https:\/\/www.bojungle.eu\/de\/wp-json\/wp\/v2\/product_brand?post=49078"},{"taxonomy":"product_cat","embeddable":true,"href":"https:\/\/www.bojungle.eu\/de\/wp-json\/wp\/v2\/product_cat?post=49078"},{"taxonomy":"product_tag","embeddable":true,"href":"https:\/\/www.bojungle.eu\/de\/wp-json\/wp\/v2\/product_tag?post=49078"},{"taxonomy":"woo-feed-brand","embeddable":true,"href":"https:\/\/www.bojungle.eu\/de\/wp-json\/wp\/v2\/woo-feed-brand?post=49078"}],"curies":[{"name":"wp","href":"https:\/\/api.w.org\/{rel}","templated":true}]}}