{"id":49089,"date":"2023-10-11T14:16:23","date_gmt":"2023-10-11T12:16:23","guid":{"rendered":"https:\/\/www.bojungle.eu\/?post_type=product&#038;p=49089"},"modified":"2024-04-23T14:04:42","modified_gmt":"2024-04-23T12:04:42","slug":"royal-foxy-trinkbecher-360","status":"publish","type":"product","link":"https:\/\/www.bojungle.eu\/de\/produkt\/royal-foxy-trinkbecher-360\/","title":{"rendered":"Royal Foxy Trinkbecher 360\u00b0"},"content":{"rendered":"<p>Der Royal Foxy Drinking Cup 360\u00b0 ist der perfekte Begleiter f\u00fcr die Trinkabenteuer Ihres Kindes! Dieser innovative Trinklernbecher wurde mit Blick auf Spa\u00df und Funktionalit\u00e4t entwickelt, um den \u00dcbergang zum selbstst\u00e4ndigen Trinken zum Kinderspiel zu machen. Mit seinem verspielten 360\u00b0-Design ermutigt dieser Becher Ihr Kind, aus jedem Winkel zu schl\u00fcrfen und zu erforschen, und f\u00f6rdert so wichtige Trinkf\u00e4higkeiten, w\u00e4hrend gleichzeitig die Unordnung auf ein Minimum reduziert wird. Der integrierte Silikonrand sorgt daf\u00fcr, dass die Fl\u00fcssigkeit nur dann flie\u00dft, wenn Ihr Kind Druck aus\u00fcbt, wodurch weniger versch\u00fcttet wird und ein kontrollierteres Trinkerlebnis m\u00f6glich ist. Der Becher mit dem niedlichen Fuchsdesign, den griffigen Henkeln und dem praktischen Deckel, der den Inhalt zwischen den Schlucken frisch h\u00e4lt, ist nicht nur praktisch, sondern auch unwiderstehlich niedlich. Mit unserer Anti-Auslauf-Technologie k\u00f6nnen Sie sich von auslaufenden Getr\u00e4nken verabschieden und haben bei jedem Schluck ein sicheres Gef\u00fchl. Mit seinem gro\u00dfz\u00fcgigen Fassungsverm\u00f6gen von 240 ml ist er perfekt geeignet, um den Durst Ihres Kindes beim Spielen oder bei Abenteuern unterwegs zu stillen. Und wenn es an der Zeit ist, ihn zu reinigen, k\u00f6nnen Sie ihn einfach in der Sp\u00fclmaschine reinigen, damit Sie mehr Zeit haben, die kostbaren Momente mit Ihrem Kind zu genie\u00dfen. Mit dem Royal Foxy Trinkbecher 360\u00b0 macht das Trinken Spa\u00df und ist unproblematisch &#8211; denn jeder Schluck sollte ein Abenteuer sein! <\/p>\n","protected":false},"excerpt":{"rendered":"<div class=\"elementor-element elementor-element-80cf67d elementor-widget elementor-widget-jet-single-excerpt\" data-id=\"80cf67d\" data-element_type=\"widget\" data-widget_type=\"jet-single-excerpt.default\">\n<div class=\"elementor-widget-container\">\n<div class=\"elementor-jet-single-excerpt jet-woo-builder\">\n<div class=\"woocommerce-product-details__short-description\">\n<div class=\"elementor-element elementor-element-80cf67d elementor-widget elementor-widget-jet-single-excerpt\" data-id=\"80cf67d\" data-element_type=\"widget\" data-widget_type=\"jet-single-excerpt.default\">\n<div class=\"elementor-widget-container\">\n<div class=\"elementor-jet-single-excerpt jet-woo-builder\">\n<div class=\"woocommerce-product-details__short-description\">\n<p>Entdecken Sie den Royal Foxy Trinkbecher 360\u00b0! Mit ihm lernt Ihr Kind spielerisch das selbstst\u00e4ndige Trinken. Dank des Silikonrands wird das Versch\u00fctten von Getr\u00e4nken reduziert, so dass der Trinkbecher ohne Probleme funktioniert. Mit seinem niedlichen Fuchsdesign, den Griffen zum einfachen Halten und einem Deckel, der das Getr\u00e4nk frisch h\u00e4lt, ist er sowohl niedlich als auch praktisch. Au\u00dferdem ist er auslaufsicher und sp\u00fclmaschinenfest f\u00fcr eine einfache Reinigung. Mit einem Fassungsverm\u00f6gen von 240 ml ist er perfekt f\u00fcr den Durst Ihres Kindes. Mit dem Royal Foxy Trinkbecher 360\u00b0 ist das Trinken jetzt kein Problem mehr!      <\/p>\n<\/div>\n<\/div>\n<\/div>\n<\/div>\n<div class=\"elementor-element elementor-element-c5d7d93 elementor-widget elementor-widget-spacer\" data-id=\"c5d7d93\" data-element_type=\"widget\" data-widget_type=\"spacer.default\">\n<div class=\"elementor-widget-container\">\n<div class=\"elementor-spacer\"><\/div>\n<\/div>\n<\/div>\n<\/div>\n<\/div>\n<\/div>\n<\/div>\n<div class=\"elementor-element elementor-element-c5d7d93 elementor-widget elementor-widget-spacer\" data-id=\"c5d7d93\" data-element_type=\"widget\" data-widget_type=\"spacer.default\">\n<div class=\"elementor-widget-container\">\n<div class=\"elementor-spacer\"><\/div>\n<\/div>\n<\/div>\n","protected":false},"featured_media":73886,"comment_status":"closed","ping_status":"closed","template":"","meta":{"_lmt_disableupdate":"","_lmt_disable":""},"product_brand":[],"product_cat":[450,455],"product_tag":[],"woo-feed-brand":[],"class_list":{"0":"post-49089","1":"product","2":"type-product","3":"status-publish","4":"has-post-thumbnail","6":"product_cat-essen-trinken","7":"product_cat-zubereitung-von-mahlzeiten","9":"first","10":"instock","11":"taxable","12":"shipping-taxable","13":"purchasable","14":"product-type-simple"},"_links":{"self":[{"href":"https:\/\/www.bojungle.eu\/de\/wp-json\/wp\/v2\/product\/49089","targetHints":{"allow":["GET"]}}],"collection":[{"href":"https:\/\/www.bojungle.eu\/de\/wp-json\/wp\/v2\/product"}],"about":[{"href":"https:\/\/www.bojungle.eu\/de\/wp-json\/wp\/v2\/types\/product"}],"replies":[{"embeddable":true,"href":"https:\/\/www.bojungle.eu\/de\/wp-json\/wp\/v2\/comments?post=49089"}],"version-history":[{"count":2,"href":"https:\/\/www.bojungle.eu\/de\/wp-json\/wp\/v2\/product\/49089\/revisions"}],"predecessor-version":[{"id":74582,"href":"https:\/\/www.bojungle.eu\/de\/wp-json\/wp\/v2\/product\/49089\/revisions\/74582"}],"wp:featuredmedia":[{"embeddable":true,"href":"https:\/\/www.bojungle.eu\/de\/wp-json\/wp\/v2\/media\/73886"}],"wp:attachment":[{"href":"https:\/\/www.bojungle.eu\/de\/wp-json\/wp\/v2\/media?parent=49089"}],"wp:term":[{"taxonomy":"product_brand","embeddable":true,"href":"https:\/\/www.bojungle.eu\/de\/wp-json\/wp\/v2\/product_brand?post=49089"},{"taxonomy":"product_cat","embeddable":true,"href":"https:\/\/www.bojungle.eu\/de\/wp-json\/wp\/v2\/product_cat?post=49089"},{"taxonomy":"product_tag","embeddable":true,"href":"https:\/\/www.bojungle.eu\/de\/wp-json\/wp\/v2\/product_tag?post=49089"},{"taxonomy":"woo-feed-brand","embeddable":true,"href":"https:\/\/www.bojungle.eu\/de\/wp-json\/wp\/v2\/woo-feed-brand?post=49089"}],"curies":[{"name":"wp","href":"https:\/\/api.w.org\/{rel}","templated":true}]}}