{"id":64151,"date":"2024-01-08T16:24:48","date_gmt":"2024-01-08T15:24:48","guid":{"rendered":"https:\/\/www.bojungle.eu\/product\/teil-kuechenmaschine-schuessel-fuer-b580000\/"},"modified":"2024-01-08T16:26:29","modified_gmt":"2024-01-08T15:26:29","slug":"teil-kuechenmaschine-schuessel-fuer-b580000","status":"publish","type":"product","link":"https:\/\/www.bojungle.eu\/de\/produkt\/teil-kuechenmaschine-schuessel-fuer-b580000\/","title":{"rendered":"Teil &#8211; K\u00fcchenmaschine Sch\u00fcssel f\u00fcr B580000"},"content":{"rendered":"<p>Ersatzteil &#8218;Sch\u00fcssel&#8216; f\u00fcr B580000 K\u00fcchenmaschine<\/p>\n","protected":false},"excerpt":{"rendered":"<p>Ersatzteil &#8218;Sch\u00fcssel&#8216; f\u00fcr B580000 K\u00fcchenmaschine<\/p>\n","protected":false},"featured_media":64140,"comment_status":"closed","ping_status":"closed","template":"","meta":{"_lmt_disableupdate":"","_lmt_disable":""},"product_brand":[],"product_cat":[450,455],"product_tag":[],"woo-feed-brand":[],"class_list":{"0":"post-64151","1":"product","2":"type-product","3":"status-publish","4":"has-post-thumbnail","6":"product_cat-essen-trinken","7":"product_cat-zubereitung-von-mahlzeiten","9":"first","10":"instock","11":"taxable","12":"shipping-taxable","13":"purchasable","14":"product-type-simple"},"_links":{"self":[{"href":"https:\/\/www.bojungle.eu\/de\/wp-json\/wp\/v2\/product\/64151","targetHints":{"allow":["GET"]}}],"collection":[{"href":"https:\/\/www.bojungle.eu\/de\/wp-json\/wp\/v2\/product"}],"about":[{"href":"https:\/\/www.bojungle.eu\/de\/wp-json\/wp\/v2\/types\/product"}],"replies":[{"embeddable":true,"href":"https:\/\/www.bojungle.eu\/de\/wp-json\/wp\/v2\/comments?post=64151"}],"version-history":[{"count":0,"href":"https:\/\/www.bojungle.eu\/de\/wp-json\/wp\/v2\/product\/64151\/revisions"}],"wp:featuredmedia":[{"embeddable":true,"href":"https:\/\/www.bojungle.eu\/de\/wp-json\/wp\/v2\/media\/64140"}],"wp:attachment":[{"href":"https:\/\/www.bojungle.eu\/de\/wp-json\/wp\/v2\/media?parent=64151"}],"wp:term":[{"taxonomy":"product_brand","embeddable":true,"href":"https:\/\/www.bojungle.eu\/de\/wp-json\/wp\/v2\/product_brand?post=64151"},{"taxonomy":"product_cat","embeddable":true,"href":"https:\/\/www.bojungle.eu\/de\/wp-json\/wp\/v2\/product_cat?post=64151"},{"taxonomy":"product_tag","embeddable":true,"href":"https:\/\/www.bojungle.eu\/de\/wp-json\/wp\/v2\/product_tag?post=64151"},{"taxonomy":"woo-feed-brand","embeddable":true,"href":"https:\/\/www.bojungle.eu\/de\/wp-json\/wp\/v2\/woo-feed-brand?post=64151"}],"curies":[{"name":"wp","href":"https:\/\/api.w.org\/{rel}","templated":true}]}}