{"id":64866,"date":"2024-01-26T13:24:53","date_gmt":"2024-01-26T12:24:53","guid":{"rendered":"https:\/\/www.bojungle.eu\/product\/digitales-thermometer\/"},"modified":"2025-05-15T13:12:39","modified_gmt":"2025-05-15T11:12:39","slug":"digitales-thermometer","status":"publish","type":"product","link":"https:\/\/www.bojungle.eu\/de\/produkt\/digitales-thermometer\/","title":{"rendered":"Digitales Thermometer"},"content":{"rendered":"<p>Unser digitales Thermometer bietet schnelle, zuverl\u00e4ssige Messwerte f\u00fcr die ganze Familie mit einer Genauigkeit von bis zu 0,1 Grad. Diese Pr\u00e4zision gew\u00e4hrleistet, dass Sie jedes Mal zuverl\u00e4ssige Ergebnisse erhalten, sei es bei leichtem Fieber oder bei der Routine\u00fcberwachung. <\/p>\n<p>Mit seiner weichen, biegsamen Spitze ist dieses Thermometer sowohl f\u00fcr Kinder als auch f\u00fcr Erwachsene angenehm und sanft, so dass es auch f\u00fcr die kleinsten Patienten leicht zu handhaben ist. Die BPA-freie Konstruktion garantiert eine sichere Verwendung, frei von sch\u00e4dlichen Chemikalien. Das leicht ablesbare LCD-Display zeigt klare Messwerte an, so dass Sie die Ergebnisse auf einen Blick erkennen k\u00f6nnen.  <\/p>\n<p>Ganz gleich, ob Sie die Temperatur schnell \u00fcberpr\u00fcfen oder \u00fcber einen l\u00e4ngeren Zeitraum \u00fcberwachen m\u00fcssen, unser digitales Thermometer vereint Effizienz und Sicherheit in einem einfachen Ger\u00e4t.<\/p>\n<p>&nbsp;<\/p>\n<table border=\"1\">\n<tbody>\n<tr>\n<td>Anleitung<\/td>\n<td><a href=\"https:\/\/www.bojungle.eu\/wp-content\/uploads\/2025\/05\/B400400.jpg\">Hier klicken<\/a><\/td>\n<\/tr>\n<\/tbody>\n<\/table>\n<p>&nbsp;<\/p>\n","protected":false},"excerpt":{"rendered":"<p><span class=\"OYPEnA text-decoration-none text-strikethrough-none\">Dieses digitale Thermometer liefert Ihnen einen zuverl\u00e4ssigen und genauen Messwert. Dank seiner Form und der flexiblen Spitze kann die K\u00f6rpertemperatur oral, rektal oder durch die Achselh\u00f6hle gemessen werden. Nach dem Piepton k\u00f6nnen Sie die genaue K\u00f6rpertemperatur auf dem LCD-Display ablesen.<\/span><\/p>\n","protected":false},"featured_media":64857,"comment_status":"closed","ping_status":"closed","template":"","meta":{"_lmt_disableupdate":"","_lmt_disable":""},"product_brand":[],"product_cat":[514,585],"product_tag":[],"woo-feed-brand":[],"class_list":{"0":"post-64866","1":"product","2":"type-product","3":"status-publish","4":"has-post-thumbnail","6":"product_cat-korperpflege","7":"product_cat-schonheit-und-gesundheit-des-babys","9":"first","10":"instock","11":"taxable","12":"shipping-taxable","13":"purchasable","14":"product-type-simple"},"_links":{"self":[{"href":"https:\/\/www.bojungle.eu\/de\/wp-json\/wp\/v2\/product\/64866","targetHints":{"allow":["GET"]}}],"collection":[{"href":"https:\/\/www.bojungle.eu\/de\/wp-json\/wp\/v2\/product"}],"about":[{"href":"https:\/\/www.bojungle.eu\/de\/wp-json\/wp\/v2\/types\/product"}],"replies":[{"embeddable":true,"href":"https:\/\/www.bojungle.eu\/de\/wp-json\/wp\/v2\/comments?post=64866"}],"version-history":[{"count":2,"href":"https:\/\/www.bojungle.eu\/de\/wp-json\/wp\/v2\/product\/64866\/revisions"}],"predecessor-version":[{"id":79744,"href":"https:\/\/www.bojungle.eu\/de\/wp-json\/wp\/v2\/product\/64866\/revisions\/79744"}],"wp:featuredmedia":[{"embeddable":true,"href":"https:\/\/www.bojungle.eu\/de\/wp-json\/wp\/v2\/media\/64857"}],"wp:attachment":[{"href":"https:\/\/www.bojungle.eu\/de\/wp-json\/wp\/v2\/media?parent=64866"}],"wp:term":[{"taxonomy":"product_brand","embeddable":true,"href":"https:\/\/www.bojungle.eu\/de\/wp-json\/wp\/v2\/product_brand?post=64866"},{"taxonomy":"product_cat","embeddable":true,"href":"https:\/\/www.bojungle.eu\/de\/wp-json\/wp\/v2\/product_cat?post=64866"},{"taxonomy":"product_tag","embeddable":true,"href":"https:\/\/www.bojungle.eu\/de\/wp-json\/wp\/v2\/product_tag?post=64866"},{"taxonomy":"woo-feed-brand","embeddable":true,"href":"https:\/\/www.bojungle.eu\/de\/wp-json\/wp\/v2\/woo-feed-brand?post=64866"}],"curies":[{"name":"wp","href":"https:\/\/api.w.org\/{rel}","templated":true}]}}