{"id":64889,"date":"2024-01-26T14:44:14","date_gmt":"2024-01-26T13:44:14","guid":{"rendered":"https:\/\/www.bojungle.eu\/product\/dobbs-anti-rutsch-badematte\/"},"modified":"2024-08-26T13:14:27","modified_gmt":"2024-08-26T11:14:27","slug":"dobbs-anti-rutsch-badematte","status":"publish","type":"product","link":"https:\/\/www.bojungle.eu\/de\/produkt\/dobbs-anti-rutsch-badematte\/","title":{"rendered":"Dobbs &#8211; Anti Rutsch Badematte"},"content":{"rendered":"<p>Machen rutschige Badew\u00e4nde oder Duschwannen die Badezeit zu einem nervenaufreibenden Erlebnis? Mit unserer Dobbs Anti-Rutsch-Badematte k\u00f6nnen Sie Ihr Badezimmer in einen sicheren und lustigen Ort f\u00fcr Ihr Kind verwandeln. Diese niedliche Badematte mit einem verspielten Wal sorgt daf\u00fcr, dass Ihr Kind beim Baden oder Duschen sicher und gl\u00fccklich ist. Die Dobbs Anti-Rutsch-Badematte ist mit mehreren Saugn\u00e4pfen an der Unterseite ausgestattet, die daf\u00fcr sorgen, dass sie auf jeder glatten Oberfl\u00e4che fest an ihrem Platz bleibt und ein Ausrutschen und St\u00fcrzen verhindert. Das durchdachte Design umfasst ein praktisches Loch am Ende, durch das Sie die Matte nach dem Gebrauch einfach zum Trocknen aufh\u00e4ngen k\u00f6nnen. Wir haben auch einen praktischen Saugnapfhaken beigef\u00fcgt, damit Sie Ihre Badematte ordentlich aufbewahren und f\u00fcr das n\u00e4chste spritzige Abenteuer bereithalten k\u00f6nnen.      <strong>Wesentliche Merkmale:<\/strong><\/p>\n<ul>\n<li><strong>Bezaubernde Designs<\/strong>: Ein fr\u00f6hlicher Wal, der die Badezeit noch lustiger macht.<\/li>\n<li><strong>Anti-Rutsch-Oberfl\u00e4che: <\/strong>Sch\u00fctzt Ihr Kind vor dem Ausrutschen in der Badewanne oder Dusche.<\/li>\n<li><strong>Sichere Saugn\u00e4pfe: <\/strong>Starker Halt auf dem Badewannen- oder Duschboden, um Unf\u00e4lle zu vermeiden.<\/li>\n<li><strong>Leicht zu trocknen:<\/strong> Das eingebaute Loch erm\u00f6glicht ein einfaches Aufh\u00e4ngen und Trocknen am mitgelieferten Haken.<\/li>\n<li><strong>Bequemer Haken:<\/strong> Kommt mit einem Saugnapf Haken f\u00fcr einfache Lagerung, wenn nicht in Gebrauch.<\/li>\n<\/ul>\n<p> Mit der Dobbs Anti-Rutsch-Badematte wird das Baden sicher und angenehm. Perfekt f\u00fcr Kinder, die gerne Spa\u00df haben, und Eltern, die Wert auf Sicherheit legen.  &nbsp;<\/p>\n","protected":false},"excerpt":{"rendered":"<p>Bringen Sie Sicherheit und Spa\u00df in die Badewanne mit der Dobbs Anti-Rutsch Badematte! Diese niedliche Matte in Form eines Wals verf\u00fcgt \u00fcber eine rutschfeste Oberfl\u00e4che und mehrere Saugn\u00e4pfe, die den Boden in der Badewanne oder Dusche sicher festhalten und so Ausrutschen und St\u00fcrzen vorbeugen. Ein praktisches Loch im Schwanz des Wals erleichtert das Aufh\u00e4ngen zum Trocknen an dem mitgelieferten Saugnapfhaken. Perfekt f\u00fcr kleine Kinder, die ein spritziges Abenteuer lieben.   <\/p>\n","protected":false},"featured_media":64877,"comment_status":"closed","ping_status":"closed","template":"","meta":{"_lmt_disableupdate":"","_lmt_disable":""},"product_brand":[],"product_cat":[584,514],"product_tag":[],"woo-feed-brand":[],"class_list":{"0":"post-64889","1":"product","2":"type-product","3":"status-publish","4":"has-post-thumbnail","6":"product_cat-baby-in-der-badewanne","7":"product_cat-korperpflege","9":"first","10":"instock","11":"taxable","12":"shipping-taxable","13":"purchasable","14":"product-type-simple"},"_links":{"self":[{"href":"https:\/\/www.bojungle.eu\/de\/wp-json\/wp\/v2\/product\/64889","targetHints":{"allow":["GET"]}}],"collection":[{"href":"https:\/\/www.bojungle.eu\/de\/wp-json\/wp\/v2\/product"}],"about":[{"href":"https:\/\/www.bojungle.eu\/de\/wp-json\/wp\/v2\/types\/product"}],"replies":[{"embeddable":true,"href":"https:\/\/www.bojungle.eu\/de\/wp-json\/wp\/v2\/comments?post=64889"}],"version-history":[{"count":1,"href":"https:\/\/www.bojungle.eu\/de\/wp-json\/wp\/v2\/product\/64889\/revisions"}],"predecessor-version":[{"id":76530,"href":"https:\/\/www.bojungle.eu\/de\/wp-json\/wp\/v2\/product\/64889\/revisions\/76530"}],"wp:featuredmedia":[{"embeddable":true,"href":"https:\/\/www.bojungle.eu\/de\/wp-json\/wp\/v2\/media\/64877"}],"wp:attachment":[{"href":"https:\/\/www.bojungle.eu\/de\/wp-json\/wp\/v2\/media?parent=64889"}],"wp:term":[{"taxonomy":"product_brand","embeddable":true,"href":"https:\/\/www.bojungle.eu\/de\/wp-json\/wp\/v2\/product_brand?post=64889"},{"taxonomy":"product_cat","embeddable":true,"href":"https:\/\/www.bojungle.eu\/de\/wp-json\/wp\/v2\/product_cat?post=64889"},{"taxonomy":"product_tag","embeddable":true,"href":"https:\/\/www.bojungle.eu\/de\/wp-json\/wp\/v2\/product_tag?post=64889"},{"taxonomy":"woo-feed-brand","embeddable":true,"href":"https:\/\/www.bojungle.eu\/de\/wp-json\/wp\/v2\/woo-feed-brand?post=64889"}],"curies":[{"name":"wp","href":"https:\/\/api.w.org\/{rel}","templated":true}]}}