{"id":64915,"date":"2024-01-26T14:59:18","date_gmt":"2024-01-26T13:59:18","guid":{"rendered":"https:\/\/www.bojungle.eu\/product\/rumpy-anti-rutsch-badematte\/"},"modified":"2024-08-26T14:01:28","modified_gmt":"2024-08-26T12:01:28","slug":"rumpy-anti-rutsch-badematte","status":"publish","type":"product","link":"https:\/\/www.bojungle.eu\/de\/produkt\/rumpy-anti-rutsch-badematte\/","title":{"rendered":"Rumpy &#8211; Anti Rutsch Badematte"},"content":{"rendered":"<p>Machen rutschige Badewannenw\u00e4nde oder Duschwannen das Baden zu einer nervenaufreibenden Erfahrung? Mit unserer rutschfesten Badematte Rumpy k\u00f6nnen Sie Ihr Badezimmer in einen sicheren und lustigen Ort f\u00fcr Ihren Kleinen verwandeln. Diese entz\u00fcckende Badematte mit einem fr\u00f6hlichen Nilpferd ist so gestaltet, dass Ihr Kind beim Baden oder Duschen sicher und gl\u00fccklich ist. Die rutschfeste Badematte Rumpy ist an der Unterseite mit mehreren Saugn\u00e4pfen ausgestattet, die daf\u00fcr sorgen, dass sie auf jeder glatten Oberfl\u00e4che fest sitzt und Ausrutschen und St\u00fcrzen vorbeugt. Das durchdachte Design umfasst ein praktisches Loch im Schwanz, sodass Sie die Matte nach dem Gebrauch einfach zum Trocknen aufh\u00e4ngen k\u00f6nnen. Wir haben auch einen praktischen Saugnapfhaken beigelegt, damit Sie Ihre Badematte ordentlich aufbewahren und f\u00fcr das n\u00e4chste spritzige Abenteuer bereithalten k\u00f6nnen.      <strong>Wesentliche Merkmale:<\/strong><\/p>\n<ul>\n<li><strong>Bezaubernde Designs:<\/strong> Ein fr\u00f6hliches Nilpferd, das f\u00fcr noch mehr Spa\u00df beim Baden sorgt.<\/li>\n<li><strong>Anti-Rutsch-Oberfl\u00e4che: <\/strong>Sch\u00fctzt Ihr Kind vor dem Ausrutschen in der Badewanne oder Dusche.<\/li>\n<li><strong>Sichere Saugn\u00e4pfe: <\/strong>Starker Halt auf dem Badewannen- oder Duschboden, um Unf\u00e4lle zu vermeiden.<\/li>\n<li><strong>Leicht zu trocknen:<\/strong> Das eingebaute Loch erm\u00f6glicht ein einfaches Aufh\u00e4ngen und Trocknen am mitgelieferten Haken.<\/li>\n<li><strong>Bequemer Haken:<\/strong> Kommt mit einem Saugnapf Haken f\u00fcr einfache Lagerung, wenn nicht in Gebrauch.<\/li>\n<\/ul>\n<p> Machen Sie das Baden mit der rutschfesten Badematte Rumpy sicher und angenehm. Perfekt f\u00fcr Kinder, die Spa\u00df haben m\u00f6chten, und Eltern, die Wert auf Sicherheit legen.  &nbsp;<\/p>\n","protected":false},"excerpt":{"rendered":"<p>Kommen Ihnen diese rutschigen Badewannenw\u00e4nde oder Duschwannen auch so gef\u00e4hrlich vor? Dann gibt es jetzt noch unsere extrem s\u00fc\u00dfen Anti-Rutsch-Badematten. Unser Nilpferd und unser Wal sorgen daf\u00fcr, dass Ihr Kleines sicher baden oder duschen kann, ohne auszurutschen. An der Unterseite der Badematten befinden sich mehrere Saugn\u00e4pfe, damit sie sicher an der Oberfl\u00e4che haften. Dar\u00fcber hinaus gibt es ein Loch, so dass Sie die Badematte nach Gebrauch einfach zum Trocknen an einem mitgelieferten Haken aufh\u00e4ngen k\u00f6nnen, der auch \u00fcber einen Saugnapf verf\u00fcgt.<\/p>\n","protected":false},"featured_media":64900,"comment_status":"closed","ping_status":"closed","template":"","meta":{"_lmt_disableupdate":"","_lmt_disable":""},"product_brand":[],"product_cat":[584,514],"product_tag":[],"woo-feed-brand":[],"class_list":{"0":"post-64915","1":"product","2":"type-product","3":"status-publish","4":"has-post-thumbnail","6":"product_cat-baby-in-der-badewanne","7":"product_cat-korperpflege","9":"first","10":"instock","11":"taxable","12":"shipping-taxable","13":"purchasable","14":"product-type-simple"},"_links":{"self":[{"href":"https:\/\/www.bojungle.eu\/de\/wp-json\/wp\/v2\/product\/64915","targetHints":{"allow":["GET"]}}],"collection":[{"href":"https:\/\/www.bojungle.eu\/de\/wp-json\/wp\/v2\/product"}],"about":[{"href":"https:\/\/www.bojungle.eu\/de\/wp-json\/wp\/v2\/types\/product"}],"replies":[{"embeddable":true,"href":"https:\/\/www.bojungle.eu\/de\/wp-json\/wp\/v2\/comments?post=64915"}],"version-history":[{"count":1,"href":"https:\/\/www.bojungle.eu\/de\/wp-json\/wp\/v2\/product\/64915\/revisions"}],"predecessor-version":[{"id":76539,"href":"https:\/\/www.bojungle.eu\/de\/wp-json\/wp\/v2\/product\/64915\/revisions\/76539"}],"wp:featuredmedia":[{"embeddable":true,"href":"https:\/\/www.bojungle.eu\/de\/wp-json\/wp\/v2\/media\/64900"}],"wp:attachment":[{"href":"https:\/\/www.bojungle.eu\/de\/wp-json\/wp\/v2\/media?parent=64915"}],"wp:term":[{"taxonomy":"product_brand","embeddable":true,"href":"https:\/\/www.bojungle.eu\/de\/wp-json\/wp\/v2\/product_brand?post=64915"},{"taxonomy":"product_cat","embeddable":true,"href":"https:\/\/www.bojungle.eu\/de\/wp-json\/wp\/v2\/product_cat?post=64915"},{"taxonomy":"product_tag","embeddable":true,"href":"https:\/\/www.bojungle.eu\/de\/wp-json\/wp\/v2\/product_tag?post=64915"},{"taxonomy":"woo-feed-brand","embeddable":true,"href":"https:\/\/www.bojungle.eu\/de\/wp-json\/wp\/v2\/woo-feed-brand?post=64915"}],"curies":[{"name":"wp","href":"https:\/\/api.w.org\/{rel}","templated":true}]}}