{"id":64979,"date":"2024-01-29T15:06:24","date_gmt":"2024-01-29T14:06:24","guid":{"rendered":"https:\/\/www.bojungle.eu\/product\/soft-spoons-silikon-weiss-grau-blau\/"},"modified":"2024-10-04T13:19:20","modified_gmt":"2024-10-04T11:19:20","slug":"soft-spoons-silikon-weiss-grau-blau","status":"publish","type":"product","link":"https:\/\/www.bojungle.eu\/de\/produkt\/soft-spoons-silikon-weiss-grau-blau\/","title":{"rendered":"Soft Spoons Silikon (Wei\u00df-Grau-Blau)"},"content":{"rendered":"<p>Mit unseren weichen Babyl\u00f6ffeln aus Silikon, die speziell f\u00fcr den Komfort Ihres Kindes entwickelt wurden, werden die Mahlzeiten noch angenehmer. Die sanfte Silikonspitze sch\u00fctzt das empfindliche Zahnfleisch, w\u00e4hrend die flache Vorderseite das Sch\u00f6pfen und Herausnehmen der Nahrung zum Kinderspiel macht. Diese sicheren und praktischen L\u00f6ffel sind zur einfachen Reinigung sp\u00fclmaschinenfest und werden im Dreierset geliefert. Au\u00dferdem sind sie BPA-frei, sodass die Sicherheit Ihres Babys bei jedem Bissen gew\u00e4hrleistet ist.    <\/p>\n<ul>\n<li><strong>Weiche Silikonspitze<\/strong>: Schonend f\u00fcr das Zahnfleisch und perfekt f\u00fcr die ersten Bisse.<\/li>\n<li><strong>Flache Vorderseite: <\/strong>F\u00fcr einfaches Sch\u00f6pfen konzipiert.<\/li>\n<li><strong>Sp\u00fclmaschinenfest:<\/strong> Problemlose Reinigung.<\/li>\n<li><strong>BPA-frei: <\/strong>Sicher und ungiftig.<\/li>\n<\/ul>\n<p> So macht das F\u00fcttern Spa\u00df, ist sicher und einfach!<\/p>\n","protected":false},"excerpt":{"rendered":"<div class=\"flex max-w-full flex-col flex-grow\">\n<div class=\"min-h-8 text-message flex w-full flex-col items-end gap-2 whitespace-normal break-words [.text-message+&amp;]:mt-5\" dir=\"auto\" data-message-author-role=\"assistant\" data-message-id=\"fd204360-cbd3-4df0-9ab5-f22ed10ca1b7\">\n<div class=\"flex w-full flex-col gap-1 empty:hidden first:pt-[3px]\">\n<div class=\"markdown prose w-full break-words dark:prose-invert light\"> Das weiche Silikonset wurde f\u00fcr die ersten Bisse Ihres Babys entwickelt. Diese L\u00f6ffel haben eine weiche Silikonspitze, um das zarte Zahnfleisch zu sch\u00fctzen, und eine flache Vorderseite zum einfachen Sch\u00f6pfen der Nahrung. Sp\u00fclmaschinenfest und BPA-frei f\u00fcr eine sichere und einfache Verwendung.  <\/div>\n<\/div>\n<\/div>\n<\/div>\n<div class=\"mb-2 flex gap-3 empty:hidden -ml-2\">\n<div class=\"items-center justify-start rounded-xl p-1 flex\">\n<div class=\"flex items-center\">\n<div class=\"flex\"><\/div>\n<div class=\"flex items-center pb-0\"><\/div>\n<\/div>\n<\/div>\n<\/div>\n","protected":false},"featured_media":64928,"comment_status":"closed","ping_status":"closed","template":"","meta":{"_lmt_disableupdate":"","_lmt_disable":""},"product_brand":[],"product_cat":[450,555],"product_tag":[],"woo-feed-brand":[],"class_list":{"0":"post-64979","1":"product","2":"type-product","3":"status-publish","4":"has-post-thumbnail","6":"product_cat-essen-trinken","7":"product_cat-zeit-zum-abendessen","9":"first","10":"outofstock","11":"taxable","12":"shipping-taxable","13":"purchasable","14":"product-type-simple"},"_links":{"self":[{"href":"https:\/\/www.bojungle.eu\/de\/wp-json\/wp\/v2\/product\/64979","targetHints":{"allow":["GET"]}}],"collection":[{"href":"https:\/\/www.bojungle.eu\/de\/wp-json\/wp\/v2\/product"}],"about":[{"href":"https:\/\/www.bojungle.eu\/de\/wp-json\/wp\/v2\/types\/product"}],"replies":[{"embeddable":true,"href":"https:\/\/www.bojungle.eu\/de\/wp-json\/wp\/v2\/comments?post=64979"}],"version-history":[{"count":1,"href":"https:\/\/www.bojungle.eu\/de\/wp-json\/wp\/v2\/product\/64979\/revisions"}],"predecessor-version":[{"id":78261,"href":"https:\/\/www.bojungle.eu\/de\/wp-json\/wp\/v2\/product\/64979\/revisions\/78261"}],"wp:featuredmedia":[{"embeddable":true,"href":"https:\/\/www.bojungle.eu\/de\/wp-json\/wp\/v2\/media\/64928"}],"wp:attachment":[{"href":"https:\/\/www.bojungle.eu\/de\/wp-json\/wp\/v2\/media?parent=64979"}],"wp:term":[{"taxonomy":"product_brand","embeddable":true,"href":"https:\/\/www.bojungle.eu\/de\/wp-json\/wp\/v2\/product_brand?post=64979"},{"taxonomy":"product_cat","embeddable":true,"href":"https:\/\/www.bojungle.eu\/de\/wp-json\/wp\/v2\/product_cat?post=64979"},{"taxonomy":"product_tag","embeddable":true,"href":"https:\/\/www.bojungle.eu\/de\/wp-json\/wp\/v2\/product_tag?post=64979"},{"taxonomy":"woo-feed-brand","embeddable":true,"href":"https:\/\/www.bojungle.eu\/de\/wp-json\/wp\/v2\/woo-feed-brand?post=64979"}],"curies":[{"name":"wp","href":"https:\/\/api.w.org\/{rel}","templated":true}]}}