{"id":65042,"date":"2024-01-29T15:20:22","date_gmt":"2024-01-29T14:20:22","guid":{"rendered":"https:\/\/www.bojungle.eu\/product\/soft-spoons-silikon-weiss-grau-terrakotta\/"},"modified":"2024-01-29T15:22:41","modified_gmt":"2024-01-29T14:22:41","slug":"soft-spoons-silikon-weiss-grau-terrakotta","status":"publish","type":"product","link":"https:\/\/www.bojungle.eu\/de\/produkt\/soft-spoons-silikon-weiss-grau-terrakotta\/","title":{"rendered":"Soft Spoons Silikon (Wei\u00df-Grau-Terrakotta)"},"content":{"rendered":"<ul>\n<li>Weiche Silikonspitze<\/li>\n<li>Flache Vorderseite<\/li>\n<li>Sp\u00fclmaschinenfest<\/li>\n<li>BPA-frei<\/li>\n<\/ul>\n","protected":false},"excerpt":{"rendered":"<div class=\"elementor-element elementor-element-80cf67d elementor-widget elementor-widget-jet-single-excerpt\" data-id=\"80cf67d\" data-element_type=\"widget\" data-widget_type=\"jet-single-excerpt.default\">\n<div class=\"elementor-widget-container\">\n<div class=\"elementor-jet-single-excerpt jet-woo-builder\">\n<div class=\"woocommerce-product-details__short-description\">\n<p>Der ideale L\u00f6ffel f\u00fcr die ersten Bissen. Dank seiner weichen Silikonspitze ist das Zahnfleisch Ihres Kindes immer gesch\u00fctzt. Die flache Vorderseite erleichtert das Aushaken von Lebensmitteln erheblich. Die L\u00f6ffel sind sp\u00fclmaschinenfest und werden im 3er-Set verkauft.<\/p>\n<\/div>\n<\/div>\n<\/div>\n<\/div>\n<div class=\"elementor-element elementor-element-c5d7d93 elementor-widget elementor-widget-spacer\" data-id=\"c5d7d93\" data-element_type=\"widget\" data-widget_type=\"spacer.default\">\n<div class=\"elementor-widget-container\">\n<div class=\"elementor-spacer\"><\/div>\n<\/div>\n<\/div>\n","protected":false},"featured_media":64992,"comment_status":"closed","ping_status":"closed","template":"","meta":{"_lmt_disableupdate":"","_lmt_disable":""},"product_brand":[],"product_cat":[450,555],"product_tag":[],"woo-feed-brand":[],"class_list":{"0":"post-65042","1":"product","2":"type-product","3":"status-publish","4":"has-post-thumbnail","6":"product_cat-essen-trinken","7":"product_cat-zeit-zum-abendessen","9":"first","10":"instock","11":"taxable","12":"shipping-taxable","13":"purchasable","14":"product-type-simple"},"_links":{"self":[{"href":"https:\/\/www.bojungle.eu\/de\/wp-json\/wp\/v2\/product\/65042","targetHints":{"allow":["GET"]}}],"collection":[{"href":"https:\/\/www.bojungle.eu\/de\/wp-json\/wp\/v2\/product"}],"about":[{"href":"https:\/\/www.bojungle.eu\/de\/wp-json\/wp\/v2\/types\/product"}],"replies":[{"embeddable":true,"href":"https:\/\/www.bojungle.eu\/de\/wp-json\/wp\/v2\/comments?post=65042"}],"version-history":[{"count":1,"href":"https:\/\/www.bojungle.eu\/de\/wp-json\/wp\/v2\/product\/65042\/revisions"}],"predecessor-version":[{"id":65043,"href":"https:\/\/www.bojungle.eu\/de\/wp-json\/wp\/v2\/product\/65042\/revisions\/65043"}],"wp:featuredmedia":[{"embeddable":true,"href":"https:\/\/www.bojungle.eu\/de\/wp-json\/wp\/v2\/media\/64992"}],"wp:attachment":[{"href":"https:\/\/www.bojungle.eu\/de\/wp-json\/wp\/v2\/media?parent=65042"}],"wp:term":[{"taxonomy":"product_brand","embeddable":true,"href":"https:\/\/www.bojungle.eu\/de\/wp-json\/wp\/v2\/product_brand?post=65042"},{"taxonomy":"product_cat","embeddable":true,"href":"https:\/\/www.bojungle.eu\/de\/wp-json\/wp\/v2\/product_cat?post=65042"},{"taxonomy":"product_tag","embeddable":true,"href":"https:\/\/www.bojungle.eu\/de\/wp-json\/wp\/v2\/product_tag?post=65042"},{"taxonomy":"woo-feed-brand","embeddable":true,"href":"https:\/\/www.bojungle.eu\/de\/wp-json\/wp\/v2\/woo-feed-brand?post=65042"}],"curies":[{"name":"wp","href":"https:\/\/api.w.org\/{rel}","templated":true}]}}