{"id":76661,"date":"2024-08-27T14:49:13","date_gmt":"2024-08-27T12:49:13","guid":{"rendered":"https:\/\/www.bojungle.eu\/?post_type=product&#038;p=76661"},"modified":"2025-06-05T10:43:25","modified_gmt":"2025-06-05T08:43:25","slug":"balneo-changing-table-shady-grey","status":"publish","type":"product","link":"https:\/\/www.bojungle.eu\/de\/produkt\/balneo-changing-table-shady-grey\/","title":{"rendered":"Balneo Changing Table Shady Grey"},"content":{"rendered":"<p>Der Balneo Wickeltisch ist eine gro\u00dfartige Erg\u00e4nzung f\u00fcr jedes Kinderzimmer. Er kombiniert Stil und Zweckm\u00e4\u00dfigkeit mit einem schlichten, modernen Design, das in jedem Raum gut aussieht. Der Wickeltisch ist in zwei neutralen Farben erh\u00e4ltlich, Pure White und Shady Grey, so dass er problemlos mit anderen M\u00f6beln kombiniert werden kann. Die stabilen Holzbeine verleihen ihm eine warme, nat\u00fcrliche Ausstrahlung und einen klaren Look.   <\/p>\n<p>Der Tisch ist so konzipiert, dass Windelwechsel und Babypflege so einfach wie m\u00f6glich sind. Er enth\u00e4lt eine praktische Aufbewahrungstasche und einen Beh\u00e4lter, so dass alle wichtigen Utensilien immer griffbereit sind. So bleibt das Kinderzimmer organisiert und frei von Unordnung, und die Eltern k\u00f6nnen sich auf ihr Baby konzentrieren.  <\/p>\n<p>Um das Ganze noch bequemer zu machen, sind Bez\u00fcge f\u00fcr den Wickeltisch separat erh\u00e4ltlich. Diese Abdeckungen helfen, den Tisch sauber und ordentlich zu halten, und machen die Pflege einfach. Der Balneo Wickeltisch Shady Grey ist eine praktische und stilvolle Wahl f\u00fcr jedes Kinderzimmer, die sowohl Funktionalit\u00e4t als auch ein sch\u00f6nes, einfaches Design bietet.  <\/p>\n<p>&nbsp;<\/p>\n<table border=\"1\">\n<tbody>\n<tr>\n<td>Anleitung<\/td>\n<td><a href=\"https:\/\/www.bojungle.eu\/wp-content\/uploads\/2025\/05\/B430200-B430210-Manual-Changing-Table.pdf\">Hier klicken<\/a><\/td>\n<\/tr>\n<\/tbody>\n<\/table>\n","protected":false},"excerpt":{"rendered":"<p><span class=\"OYPEnA font-feature-liga-off font-feature-clig-off font-feature-calt-off text-decoration-none text-strikethrough-none\">Der Wickeltisch Balneo ist die ideale Erg\u00e4nzung f\u00fcr jedes Kinderzimmer. Dieser sch\u00f6ne Wickeltisch kombiniert Funktionalit\u00e4t mit einem klaren, minimalistischen Design und ist in zwei neutralen Farben erh\u00e4ltlich: Pure White und Shady Grey. Beide Varianten verf\u00fcgen \u00fcber stabile Holzbeine, die dem modernen Look des Tisches eine warme, nat\u00fcrliche Note verleihen. F\u00fcr zus\u00e4tzlichen Komfort und Schutz sind separat erh\u00e4ltliche Bez\u00fcge erh\u00e4ltlich, die den Wickeltisch sauber und ordentlich halten.   <\/span><\/p>\n","protected":false},"featured_media":76671,"comment_status":"closed","ping_status":"closed","template":"","meta":{"_lmt_disableupdate":"no","_lmt_disable":""},"product_brand":[],"product_cat":[514,585],"product_tag":[],"woo-feed-brand":[],"class_list":{"0":"post-76661","1":"product","2":"type-product","3":"status-publish","4":"has-post-thumbnail","6":"product_cat-korperpflege","7":"product_cat-schonheit-und-gesundheit-des-babys","9":"first","10":"instock","11":"taxable","12":"shipping-taxable","13":"purchasable","14":"product-type-simple"},"_links":{"self":[{"href":"https:\/\/www.bojungle.eu\/de\/wp-json\/wp\/v2\/product\/76661","targetHints":{"allow":["GET"]}}],"collection":[{"href":"https:\/\/www.bojungle.eu\/de\/wp-json\/wp\/v2\/product"}],"about":[{"href":"https:\/\/www.bojungle.eu\/de\/wp-json\/wp\/v2\/types\/product"}],"replies":[{"embeddable":true,"href":"https:\/\/www.bojungle.eu\/de\/wp-json\/wp\/v2\/comments?post=76661"}],"version-history":[{"count":3,"href":"https:\/\/www.bojungle.eu\/de\/wp-json\/wp\/v2\/product\/76661\/revisions"}],"predecessor-version":[{"id":80038,"href":"https:\/\/www.bojungle.eu\/de\/wp-json\/wp\/v2\/product\/76661\/revisions\/80038"}],"wp:featuredmedia":[{"embeddable":true,"href":"https:\/\/www.bojungle.eu\/de\/wp-json\/wp\/v2\/media\/76671"}],"wp:attachment":[{"href":"https:\/\/www.bojungle.eu\/de\/wp-json\/wp\/v2\/media?parent=76661"}],"wp:term":[{"taxonomy":"product_brand","embeddable":true,"href":"https:\/\/www.bojungle.eu\/de\/wp-json\/wp\/v2\/product_brand?post=76661"},{"taxonomy":"product_cat","embeddable":true,"href":"https:\/\/www.bojungle.eu\/de\/wp-json\/wp\/v2\/product_cat?post=76661"},{"taxonomy":"product_tag","embeddable":true,"href":"https:\/\/www.bojungle.eu\/de\/wp-json\/wp\/v2\/product_tag?post=76661"},{"taxonomy":"woo-feed-brand","embeddable":true,"href":"https:\/\/www.bojungle.eu\/de\/wp-json\/wp\/v2\/woo-feed-brand?post=76661"}],"curies":[{"name":"wp","href":"https:\/\/api.w.org\/{rel}","templated":true}]}}