{"id":76794,"date":"2024-08-27T16:42:22","date_gmt":"2024-08-27T14:42:22","guid":{"rendered":"https:\/\/www.bojungle.eu\/?post_type=product&#038;p=76794"},"modified":"2025-04-15T14:59:04","modified_gmt":"2025-04-15T12:59:04","slug":"bezug-wickelkissen-grau-kopie","status":"publish","type":"product","link":"https:\/\/www.bojungle.eu\/de\/produkt\/bezug-wickelkissen-grau-kopie\/","title":{"rendered":"Cover Changing Pillow White"},"content":{"rendered":"<p><span class=\"OYPEnA font-feature-liga-off font-feature-clig-off font-feature-calt-off text-decoration-none text-strikethrough-none\">Das Cover Changing Pillow White ist perfekt f\u00fcr den Balneo Wickeltisch von Bo Jungle. Das weiche Material bietet Komfort f\u00fcr die zarte Haut Ihres Babys. Das Kissen l\u00e4sst sich leicht austauschen, was das Wickeln einfacher und hygienischer macht. <\/span><\/p>\n<ul>\n<li><span class=\"OYPEnA font-feature-liga-off font-feature-clig-off font-feature-calt-off text-decoration-none text-strikethrough-none\">Kompatibel f\u00fcr Balneo Wickeltisch von Bo Jungle<\/span><\/li>\n<li>Angenehmes Gef\u00fchl f\u00fcr die zarte Haut des Babys<\/li>\n<li>Leicht zu \u00e4ndern<\/li>\n<\/ul>\n","protected":false},"excerpt":{"rendered":"<p><span class=\"OYPEnA font-feature-liga-off font-feature-clig-off font-feature-calt-off text-decoration-none text-strikethrough-none\">Das Cover Changing Pillow White ist perfekt f\u00fcr den Balneo Wickeltisch von Bo Jungle. Das weiche Material bietet Komfort f\u00fcr die zarte Haut Ihres Babys. Das Kissen l\u00e4sst sich leicht austauschen, was das Wickeln einfacher und hygienischer macht. <\/span><\/p>\n","protected":false},"featured_media":76611,"comment_status":"closed","ping_status":"closed","template":"","meta":{"_lmt_disableupdate":"no","_lmt_disable":""},"product_brand":[],"product_cat":[585,514],"product_tag":[],"woo-feed-brand":[],"class_list":{"0":"post-76794","1":"product","2":"type-product","3":"status-publish","4":"has-post-thumbnail","6":"product_cat-schonheit-und-gesundheit-des-babys","7":"product_cat-korperpflege","9":"first","10":"instock","11":"taxable","12":"shipping-taxable","13":"purchasable","14":"product-type-simple"},"_links":{"self":[{"href":"https:\/\/www.bojungle.eu\/de\/wp-json\/wp\/v2\/product\/76794","targetHints":{"allow":["GET"]}}],"collection":[{"href":"https:\/\/www.bojungle.eu\/de\/wp-json\/wp\/v2\/product"}],"about":[{"href":"https:\/\/www.bojungle.eu\/de\/wp-json\/wp\/v2\/types\/product"}],"replies":[{"embeddable":true,"href":"https:\/\/www.bojungle.eu\/de\/wp-json\/wp\/v2\/comments?post=76794"}],"version-history":[{"count":2,"href":"https:\/\/www.bojungle.eu\/de\/wp-json\/wp\/v2\/product\/76794\/revisions"}],"predecessor-version":[{"id":79585,"href":"https:\/\/www.bojungle.eu\/de\/wp-json\/wp\/v2\/product\/76794\/revisions\/79585"}],"wp:featuredmedia":[{"embeddable":true,"href":"https:\/\/www.bojungle.eu\/de\/wp-json\/wp\/v2\/media\/76611"}],"wp:attachment":[{"href":"https:\/\/www.bojungle.eu\/de\/wp-json\/wp\/v2\/media?parent=76794"}],"wp:term":[{"taxonomy":"product_brand","embeddable":true,"href":"https:\/\/www.bojungle.eu\/de\/wp-json\/wp\/v2\/product_brand?post=76794"},{"taxonomy":"product_cat","embeddable":true,"href":"https:\/\/www.bojungle.eu\/de\/wp-json\/wp\/v2\/product_cat?post=76794"},{"taxonomy":"product_tag","embeddable":true,"href":"https:\/\/www.bojungle.eu\/de\/wp-json\/wp\/v2\/product_tag?post=76794"},{"taxonomy":"woo-feed-brand","embeddable":true,"href":"https:\/\/www.bojungle.eu\/de\/wp-json\/wp\/v2\/woo-feed-brand?post=76794"}],"curies":[{"name":"wp","href":"https:\/\/api.w.org\/{rel}","templated":true}]}}