{"id":76953,"date":"2024-09-10T09:30:51","date_gmt":"2024-09-10T07:30:51","guid":{"rendered":"https:\/\/www.bojungle.eu\/?post_type=product&#038;p=76953"},"modified":"2024-09-10T09:30:55","modified_gmt":"2024-09-10T07:30:55","slug":"ellies-hide-n-seek","status":"publish","type":"product","link":"https:\/\/www.bojungle.eu\/de\/produkt\/ellies-hide-n-seek\/","title":{"rendered":"ELLIE\u2019s Hide \u2018n Seek"},"content":{"rendered":"<p>ELLIEs Hide \u2018n Seek ist ein entz\u00fcckender und verspielter Musikelefant, der Ihrem Kind endlosen Spa\u00df und Lernstoff in die Spielzeit bringt! Dieses interaktive Spielzeug ist mit seinen leuchtenden Farben und entz\u00fcckenden Kl\u00e4ngen zur Unterhaltung und Besch\u00e4ftigung konzipiert.  Merkmale: <\/p>\n<ul>\n<li><strong>Drei spielerische Modi:<\/strong> Wechseln Sie ganz einfach mit einer einzigen Taste zwischen drei spannenden Modi! W\u00e4hlen Sie aus coolen Soundeffekten, lustigen Tierger\u00e4uschen oder eing\u00e4ngigen Melodien. Jeder Modus bietet eine andere M\u00f6glichkeit zum Spielen und Lernen und wird Ihr Kleines stundenlang unterhalten.  <\/li>\n<li><strong>Interaktives Spielen: <\/strong>Dr\u00fccken Sie die Kn\u00f6pfe, um niedliche Tiere zum Vorschein zu bringen, die sich darin verstecken! Wenn Ihr Kind mit ELLIE spielt, wird es erfreut sein, wenn niedliche Tiere herausspringen, was dem Spiel ein Element der \u00dcberraschung und Spannung verleiht. <\/li>\n<li><strong>Spannendes Lernen: <\/strong>Bei ELLIEs Hide \u2018n Seek geht es nicht nur um Spa\u00df, sondern es soll auch Lernen und Entdecken f\u00f6rdern. Es ermutigt Ihr Kind, Ger\u00e4usche zu erkunden und Feinmotorik zu entwickeln, w\u00e4hrend es jede Menge Spa\u00df hat! <\/li>\n<li><strong>Einstellbare Lautst\u00e4rke<\/strong>: Mit den Lautst\u00e4rkeeinstellungen \u201eNiedrig\u201c und \u201eHoch\u201c k\u00f6nnen Sie den Ton an Ihre Umgebung anpassen. Egal, ob Sie gerade in Ruhe oder zum Spielen sind, ELLIE passt perfekt dazu. <\/li>\n<li><strong>Spielbereit: <\/strong>ELLIE wird mit drei 1,5-V-AAA-Batterien geliefert, sodass Ihr Kind sofort mit dem Spielen beginnen kann. Keine zus\u00e4tzlichen Eink\u00e4ufe erforderlich! <\/li>\n<\/ul>\n<p> Machen Sie sich bereit f\u00fcr endloses Lachen und Abenteuer mit ELLIE\u2019s Hide \u2018n Seek \u2013 dem perfekten Elefantenfreund f\u00fcr interaktives Spielen und Lernspa\u00df!<\/p>\n","protected":false},"excerpt":{"rendered":"<p>Sagen Sie Hallo zu \u201eELLIE\u2019S Hide \u2018n Seek\u201c \u2013 dem superlustigen musikalischen Spielzeugelefanten! Er hat drei Modi, die Sie mit einer Taste umschalten k\u00f6nnen: coole Soundeffekte, Tierger\u00e4usche und eing\u00e4ngige Melodien. Dr\u00fccken Sie die Tasten, um niedliche Tiere zu finden und herausspringen zu sehen! Bei ELLIE\u2019S Hide \u2018n Seek dreht sich alles um Spa\u00df und Lernen. Machen Sie sich bereit f\u00fcr jede Menge Gel\u00e4chter und Abenteuer mit diesem s\u00fc\u00dfen Elefantenfreund!    <\/p>\n","protected":false},"featured_media":76893,"comment_status":"closed","ping_status":"closed","template":"","meta":{"_lmt_disableupdate":"","_lmt_disable":""},"product_brand":[],"product_cat":[453,502,620],"product_tag":[],"woo-feed-brand":[],"class_list":{"0":"post-76953","1":"product","2":"type-product","3":"status-publish","4":"has-post-thumbnail","6":"product_cat-spielzeit","7":"product_cat-buntes-spielzeug","8":"product_cat-musikalisches-spielzeug","10":"first","11":"instock","12":"taxable","13":"shipping-taxable","14":"purchasable","15":"product-type-simple"},"_links":{"self":[{"href":"https:\/\/www.bojungle.eu\/de\/wp-json\/wp\/v2\/product\/76953","targetHints":{"allow":["GET"]}}],"collection":[{"href":"https:\/\/www.bojungle.eu\/de\/wp-json\/wp\/v2\/product"}],"about":[{"href":"https:\/\/www.bojungle.eu\/de\/wp-json\/wp\/v2\/types\/product"}],"replies":[{"embeddable":true,"href":"https:\/\/www.bojungle.eu\/de\/wp-json\/wp\/v2\/comments?post=76953"}],"version-history":[{"count":1,"href":"https:\/\/www.bojungle.eu\/de\/wp-json\/wp\/v2\/product\/76953\/revisions"}],"predecessor-version":[{"id":77488,"href":"https:\/\/www.bojungle.eu\/de\/wp-json\/wp\/v2\/product\/76953\/revisions\/77488"}],"wp:featuredmedia":[{"embeddable":true,"href":"https:\/\/www.bojungle.eu\/de\/wp-json\/wp\/v2\/media\/76893"}],"wp:attachment":[{"href":"https:\/\/www.bojungle.eu\/de\/wp-json\/wp\/v2\/media?parent=76953"}],"wp:term":[{"taxonomy":"product_brand","embeddable":true,"href":"https:\/\/www.bojungle.eu\/de\/wp-json\/wp\/v2\/product_brand?post=76953"},{"taxonomy":"product_cat","embeddable":true,"href":"https:\/\/www.bojungle.eu\/de\/wp-json\/wp\/v2\/product_cat?post=76953"},{"taxonomy":"product_tag","embeddable":true,"href":"https:\/\/www.bojungle.eu\/de\/wp-json\/wp\/v2\/product_tag?post=76953"},{"taxonomy":"woo-feed-brand","embeddable":true,"href":"https:\/\/www.bojungle.eu\/de\/wp-json\/wp\/v2\/woo-feed-brand?post=76953"}],"curies":[{"name":"wp","href":"https:\/\/api.w.org\/{rel}","templated":true}]}}