{"id":77054,"date":"2024-09-10T09:18:57","date_gmt":"2024-09-10T07:18:57","guid":{"rendered":"https:\/\/www.bojungle.eu\/?post_type=product&#038;p=77054"},"modified":"2024-09-10T09:19:01","modified_gmt":"2024-09-10T07:19:01","slug":"enchanting-owl","status":"publish","type":"product","link":"https:\/\/www.bojungle.eu\/de\/produkt\/enchanting-owl\/","title":{"rendered":"Enchanting Owl"},"content":{"rendered":"<p>F\u00fchren Sie Ihr Kind mit der bezaubernden Eule in die Magie der Musik ein &#8211; ein entz\u00fcckender musikalischer Begleiter, der es fesselt und unterh\u00e4lt! Diese bezaubernde Eule ist perfekt f\u00fcr kleine Kinder, die gerne Kl\u00e4nge und Melodien erforschen.  <strong>Merkmale:<\/strong><\/p>\n<ul>\n<li><strong>Drei Musikmodi: <\/strong>Mit einem einfachen Schalter kann Ihr Kind leicht zwischen entz\u00fcckenden Tierger\u00e4uschen, beruhigenden Schlafliedern und bezaubernden Melodien wie \u201eDo Re Mi\u201c umschalten. Jeder Modus bietet ein einzigartiges H\u00f6rerlebnis und macht das Spielen zum Vergn\u00fcgen und zur Herausforderung. <\/li>\n<li><strong>Tierger\u00e4usche: <\/strong>H\u00f6ren Sie die bezaubernden Ger\u00e4usche verschiedener Tiere, darunter Hunde, Katzen, Affen und Hasen! Diese spielerischen Ger\u00e4usche regen die Fantasie und die Neugierde Ihres Kindes an. <\/li>\n<li><strong>Einstellbare Lautst\u00e4rke:<\/strong> Die Enchanting Owl verf\u00fcgt \u00fcber einen praktischen Lautst\u00e4rkeregler, mit dem Sie die Lautst\u00e4rke an Ihre Vorlieben anpassen k\u00f6nnen. Ob ein ruhiges Schlaflied f\u00fcr den Mittagsschlaf oder lebhafte Melodien zum Spielen &#8211; Sie k\u00f6nnen die perfekte H\u00f6rumgebung schaffen. <\/li>\n<li><strong>Spielbereit:<\/strong> Mit 2 x 1,5 V \u201eAA\u201c-Batterien, die im Lieferumfang enthalten sind, kann Ihr Kind sein musikalisches Abenteuer gleich nach dem Auspacken beginnen. Sie brauchen keine zus\u00e4tzlichen Batterien &#8211; nur endlosen Spa\u00df! <\/li>\n<\/ul>\n<p> Bringen Sie die bezaubernde Eule mit nach Hause und beobachten Sie, wie Ihr Kind auf eine musikalische Reise voller Freude, Lachen und Entdeckungen geht!<\/p>\n","protected":false},"excerpt":{"rendered":"<p>Lernen Sie unsere bezaubernde Eule kennen &#8211; den zauberhaften musikalischen Begleiter f\u00fcr Ihre Kleinen! Mit der einfachen Umschalttaste k\u00f6nnen sie zwischen entz\u00fcckenden Tierger\u00e4uschen, beruhigenden Schlafliedern und bezaubernden Melodien wie Do Re Mi wechseln. Sie werden es auch lieben, die Ger\u00e4usche verschiedener Tiere wie Hunde, Katzen, Affen und Hasen zu h\u00f6ren! Au\u00dferdem k\u00f6nnen Sie die Lautst\u00e4rke f\u00fcr das perfekte H\u00f6rerlebnis lauter oder leiser stellen. Diese bezaubernde Eule wird mit 2 x 1,5 V \u201eAA\u201c-Batterien geliefert, so dass der Spa\u00df nie aufh\u00f6ren muss. Mach dich bereit f\u00fcr endlose musikalische Abenteuer mit unserer bezaubernden Eule!     <\/p>\n","protected":false},"featured_media":77027,"comment_status":"closed","ping_status":"closed","template":"","meta":{"_lmt_disableupdate":"","_lmt_disable":""},"product_brand":[],"product_cat":[453,619,502],"product_tag":[],"woo-feed-brand":[],"class_list":{"0":"post-77054","1":"product","2":"type-product","3":"status-publish","4":"has-post-thumbnail","6":"product_cat-spielzeit","7":"product_cat-aktivitatsspielzeug","8":"product_cat-buntes-spielzeug","10":"first","11":"instock","12":"taxable","13":"shipping-taxable","14":"purchasable","15":"product-type-simple"},"_links":{"self":[{"href":"https:\/\/www.bojungle.eu\/de\/wp-json\/wp\/v2\/product\/77054","targetHints":{"allow":["GET"]}}],"collection":[{"href":"https:\/\/www.bojungle.eu\/de\/wp-json\/wp\/v2\/product"}],"about":[{"href":"https:\/\/www.bojungle.eu\/de\/wp-json\/wp\/v2\/types\/product"}],"replies":[{"embeddable":true,"href":"https:\/\/www.bojungle.eu\/de\/wp-json\/wp\/v2\/comments?post=77054"}],"version-history":[{"count":1,"href":"https:\/\/www.bojungle.eu\/de\/wp-json\/wp\/v2\/product\/77054\/revisions"}],"predecessor-version":[{"id":77456,"href":"https:\/\/www.bojungle.eu\/de\/wp-json\/wp\/v2\/product\/77054\/revisions\/77456"}],"wp:featuredmedia":[{"embeddable":true,"href":"https:\/\/www.bojungle.eu\/de\/wp-json\/wp\/v2\/media\/77027"}],"wp:attachment":[{"href":"https:\/\/www.bojungle.eu\/de\/wp-json\/wp\/v2\/media?parent=77054"}],"wp:term":[{"taxonomy":"product_brand","embeddable":true,"href":"https:\/\/www.bojungle.eu\/de\/wp-json\/wp\/v2\/product_brand?post=77054"},{"taxonomy":"product_cat","embeddable":true,"href":"https:\/\/www.bojungle.eu\/de\/wp-json\/wp\/v2\/product_cat?post=77054"},{"taxonomy":"product_tag","embeddable":true,"href":"https:\/\/www.bojungle.eu\/de\/wp-json\/wp\/v2\/product_tag?post=77054"},{"taxonomy":"woo-feed-brand","embeddable":true,"href":"https:\/\/www.bojungle.eu\/de\/wp-json\/wp\/v2\/woo-feed-brand?post=77054"}],"curies":[{"name":"wp","href":"https:\/\/api.w.org\/{rel}","templated":true}]}}