{"id":77105,"date":"2024-09-10T09:24:05","date_gmt":"2024-09-10T07:24:05","guid":{"rendered":"https:\/\/www.bojungle.eu\/?post_type=product&#038;p=77105"},"modified":"2024-09-10T09:24:09","modified_gmt":"2024-09-10T07:24:09","slug":"musikalische-autoschlussel","status":"publish","type":"product","link":"https:\/\/www.bojungle.eu\/de\/produkt\/musikalische-autoschlussel\/","title":{"rendered":"Musikalische Autoschl\u00fcssel"},"content":{"rendered":"<p>Unterhalten Sie Ihre Kleinen mit den Musical Car Keys, dem perfekten Spielzeug zum Mitnehmen! Diese farbenfrohen Schl\u00fcssel sind aus weichen, kindersicheren Materialien gefertigt, die ideal f\u00fcr zahnende und kleine H\u00e4nde sind. Mit nur einem Knopfdruck kann Ihr Kind herrliche Trompeten- und Motorstartger\u00e4usche erleben, die von hellen, blinkenden Lichtern begleitet werden, die sicher die Aufmerksamkeit des Kindes wecken. Dr\u00fccken Sie den Schl\u00fcsselknopf, um realistische Motorenger\u00e4usche zu h\u00f6ren, oder dr\u00fccken Sie den Hupenknopf, um einen lebhaften Hupenton mit synchronisierten Blinklichtern zu h\u00f6ren. Die Musical Car Keys sind einfach, fesselnd und bieten stundenlanges interaktives Spiel, das die sensorischen F\u00e4higkeiten und die Hand-Augen-Koordination Ihres Kindes f\u00f6rdert.     <strong>Merkmale:<\/strong><\/p>\n<ul>\n<li><strong>Bunte, bissfeste Schl\u00fcssel: <\/strong>Hergestellt aus weichen, zahnfreundlichen Materialien, auf denen Ihr Kind sicher kauen kann.<\/li>\n<li><strong>Interaktive Sounds und Lichter: <\/strong>Beim Einschalten ert\u00f6nt ein lustiges Trompeten- und Motorstartger\u00e4usch, das von blinkenden Lichtern begleitet wird.<\/li>\n<li><strong>Realistische Auto-Motor- und Hupenger\u00e4usche: <\/strong>Dr\u00fccken Sie die Schl\u00fcsseltaste f\u00fcr einen authentischen Motorensound oder die Hupentaste f\u00fcr einen klassischen Hupensound mit begleitendem Blinken.<\/li>\n<li><strong>Perfekt f\u00fcr unterwegs: <\/strong>Durch sein geringes Gewicht und seine Tragbarkeit ist er ein idealer Reisebegleiter, mit dem Ihr Kind \u00fcberall unterhalten wird.<\/li>\n<\/ul>\n<p> Lassen Sie Ihr Kind mit den musikalischen Autoschl\u00fcsseln erforschen und lernen &#8211; jeder Druck und jede Drehung erweckt eine Welt voller T\u00f6ne und Lichter zum Leben!<\/p>\n","protected":false},"excerpt":{"rendered":"<p>diese musikalischen Autoschl\u00fcssel sind das perfekte Spielzeug zum Mitnehmen f\u00fcr Ihr Kind! Die Schl\u00fcssel selbst sind aus weichem Material und daher ideal zum Zahnen. Schalten Sie das Auto ein, um lustige Trompeten- und Startger\u00e4usche mit blinkenden Lichtern zu h\u00f6ren. Dr\u00fccke den Schl\u00fcsselknopf f\u00fcr ein Motorenger\u00e4usch oder die Hupe f\u00fcr einen Hupton. Es ist einfach, fesselnd und wird Ihr Kind stundenlang besch\u00e4ftigen!    <\/p>\n","protected":false},"featured_media":77066,"comment_status":"closed","ping_status":"closed","template":"","meta":{"_lmt_disableupdate":"","_lmt_disable":""},"product_brand":[],"product_cat":[619,502,620,453],"product_tag":[],"woo-feed-brand":[],"class_list":{"0":"post-77105","1":"product","2":"type-product","3":"status-publish","4":"has-post-thumbnail","6":"product_cat-aktivitatsspielzeug","7":"product_cat-buntes-spielzeug","8":"product_cat-musikalisches-spielzeug","9":"product_cat-spielzeit","11":"first","12":"instock","13":"taxable","14":"shipping-taxable","15":"purchasable","16":"product-type-simple"},"_links":{"self":[{"href":"https:\/\/www.bojungle.eu\/de\/wp-json\/wp\/v2\/product\/77105","targetHints":{"allow":["GET"]}}],"collection":[{"href":"https:\/\/www.bojungle.eu\/de\/wp-json\/wp\/v2\/product"}],"about":[{"href":"https:\/\/www.bojungle.eu\/de\/wp-json\/wp\/v2\/types\/product"}],"replies":[{"embeddable":true,"href":"https:\/\/www.bojungle.eu\/de\/wp-json\/wp\/v2\/comments?post=77105"}],"version-history":[{"count":1,"href":"https:\/\/www.bojungle.eu\/de\/wp-json\/wp\/v2\/product\/77105\/revisions"}],"predecessor-version":[{"id":77106,"href":"https:\/\/www.bojungle.eu\/de\/wp-json\/wp\/v2\/product\/77105\/revisions\/77106"}],"wp:featuredmedia":[{"embeddable":true,"href":"https:\/\/www.bojungle.eu\/de\/wp-json\/wp\/v2\/media\/77066"}],"wp:attachment":[{"href":"https:\/\/www.bojungle.eu\/de\/wp-json\/wp\/v2\/media?parent=77105"}],"wp:term":[{"taxonomy":"product_brand","embeddable":true,"href":"https:\/\/www.bojungle.eu\/de\/wp-json\/wp\/v2\/product_brand?post=77105"},{"taxonomy":"product_cat","embeddable":true,"href":"https:\/\/www.bojungle.eu\/de\/wp-json\/wp\/v2\/product_cat?post=77105"},{"taxonomy":"product_tag","embeddable":true,"href":"https:\/\/www.bojungle.eu\/de\/wp-json\/wp\/v2\/product_tag?post=77105"},{"taxonomy":"woo-feed-brand","embeddable":true,"href":"https:\/\/www.bojungle.eu\/de\/wp-json\/wp\/v2\/woo-feed-brand?post=77105"}],"curies":[{"name":"wp","href":"https:\/\/api.w.org\/{rel}","templated":true}]}}