{"id":77704,"date":"2024-09-10T11:30:57","date_gmt":"2024-09-10T09:30:57","guid":{"rendered":"https:\/\/www.bojungle.eu\/product\/grow-with-me-hochstuhl-reinweiss\/"},"modified":"2025-06-19T14:39:26","modified_gmt":"2025-06-19T12:39:26","slug":"grow-with-me-hochstuhl-reinweiss","status":"publish","type":"product","link":"https:\/\/www.bojungle.eu\/de\/produkt\/grow-with-me-hochstuhl-reinweiss\/","title":{"rendered":"Grow With Me Hochstuhl Reinwei\u00df"},"content":{"rendered":"<p>Der Grow With Me Hochstuhl in Pure White ist die perfekte L\u00f6sung f\u00fcr Familien, die ihren Kleinen lang anhaltenden Komfort und Stil w\u00fcnschen. Dieser vielseitige Stuhl passt sich jeder Entwicklungsphase Ihres Kindes an und sorgt daf\u00fcr, dass Ihr Kind vom S\u00e4uglingsalter bis zum Erwachsenenalter auf Augenh\u00f6he mit der Familie sitzt. <\/p>\n<p>Merkmale:<\/p>\n<ul>\n<li><strong>Herausnehmbares Tablett<\/strong> f\u00fcr einfache Reinigung und vielseitige Verwendung.<\/li>\n<li><strong>Der abnehmbare Babysitz<\/strong> ist ideal f\u00fcr Babys und Kleinkinder.<\/li>\n<li><strong>Sitz und Trittbrett sind verstellbar<\/strong>, so dass der Stuhl mit Ihrem Kind mitwachsen kann.<\/li>\n<li>Ein <strong>Sicherheitsgurt <\/strong>sorgt f\u00fcr zus\u00e4tzliche Sicherheit.<\/li>\n<li><strong>F\u00fcr Neugeborene geeignet<\/strong>: Kombinieren Sie ihn mit unserer Grow With Me Babywippe f\u00fcr zus\u00e4tzlichen Komfort vom ersten Tag an.<\/li>\n<\/ul>\n<p>Sorgen Sie mit diesem schlanken, modernen Hochstuhl daf\u00fcr, dass Ihr Kind in jedem Alter eine ergonomische, bequeme Sitzposition genie\u00dft.<\/p>\n<table border=\"1\">\n<tbody>\n<tr>\n<td>Anleitung<\/td>\n<td><a href=\"https:\/\/www.bojungle.eu\/wp-content\/uploads\/2025\/06\/Manual-High-Chair.pdf\" target=\"_blank\" rel=\"noopener\">Hier klicken<\/a><\/td>\n<\/tr>\n<\/tbody>\n<\/table>\n","protected":false},"excerpt":{"rendered":"<p><span class=\"OYPEnA font-feature-liga-off font-feature-clig-off font-feature-calt-off text-decoration-none text-strikethrough-none\">Mit dem Grow With Me Hochstuhl Pure White sitzt Ihr Kleines immer bequem auf Augenh\u00f6he am Tisch. Wenn Ihr Kind w\u00e4chst, k\u00f6nnen Sie den Sitz leicht verstellen. Dank der abnehmbaren Babyschale und des verstellbaren Fu\u00dfteils w\u00e4chst der Stuhl mit, vom Baby bis zum Erwachsenen. Ihr Kind hat immer eine bequeme und ergonomische Sitzposition.     <\/span><\/p>\n<p>&nbsp;<\/p>\n","protected":false},"featured_media":77511,"comment_status":"closed","ping_status":"closed","template":"","meta":{"_lmt_disableupdate":"","_lmt_disable":""},"product_brand":[],"product_cat":[450,658],"product_tag":[],"woo-feed-brand":[],"class_list":{"0":"post-77704","1":"product","2":"type-product","3":"status-publish","4":"has-post-thumbnail","6":"product_cat-essen-trinken","7":"product_cat-hochstuhle-und-kindersitze","9":"first","10":"instock","11":"taxable","12":"shipping-taxable","13":"purchasable","14":"product-type-simple"},"_links":{"self":[{"href":"https:\/\/www.bojungle.eu\/de\/wp-json\/wp\/v2\/product\/77704","targetHints":{"allow":["GET"]}}],"collection":[{"href":"https:\/\/www.bojungle.eu\/de\/wp-json\/wp\/v2\/product"}],"about":[{"href":"https:\/\/www.bojungle.eu\/de\/wp-json\/wp\/v2\/types\/product"}],"replies":[{"embeddable":true,"href":"https:\/\/www.bojungle.eu\/de\/wp-json\/wp\/v2\/comments?post=77704"}],"version-history":[{"count":2,"href":"https:\/\/www.bojungle.eu\/de\/wp-json\/wp\/v2\/product\/77704\/revisions"}],"predecessor-version":[{"id":80499,"href":"https:\/\/www.bojungle.eu\/de\/wp-json\/wp\/v2\/product\/77704\/revisions\/80499"}],"wp:featuredmedia":[{"embeddable":true,"href":"https:\/\/www.bojungle.eu\/de\/wp-json\/wp\/v2\/media\/77511"}],"wp:attachment":[{"href":"https:\/\/www.bojungle.eu\/de\/wp-json\/wp\/v2\/media?parent=77704"}],"wp:term":[{"taxonomy":"product_brand","embeddable":true,"href":"https:\/\/www.bojungle.eu\/de\/wp-json\/wp\/v2\/product_brand?post=77704"},{"taxonomy":"product_cat","embeddable":true,"href":"https:\/\/www.bojungle.eu\/de\/wp-json\/wp\/v2\/product_cat?post=77704"},{"taxonomy":"product_tag","embeddable":true,"href":"https:\/\/www.bojungle.eu\/de\/wp-json\/wp\/v2\/product_tag?post=77704"},{"taxonomy":"woo-feed-brand","embeddable":true,"href":"https:\/\/www.bojungle.eu\/de\/wp-json\/wp\/v2\/woo-feed-brand?post=77704"}],"curies":[{"name":"wp","href":"https:\/\/api.w.org\/{rel}","templated":true}]}}