{"id":78126,"date":"2024-09-19T16:45:13","date_gmt":"2024-09-19T14:45:13","guid":{"rendered":"https:\/\/www.bojungle.eu\/?post_type=product&#038;p=78126"},"modified":"2024-09-19T16:45:17","modified_gmt":"2024-09-19T14:45:17","slug":"grow-with-me-complete-set-shady-grey","status":"publish","type":"product","link":"https:\/\/www.bojungle.eu\/de\/produkt\/grow-with-me-complete-set-shady-grey\/","title":{"rendered":"Grow With Me Complete Set Shady Grey"},"content":{"rendered":"<p>Das Grow With Me Komplettset Shady Grey ist die ultimative Sitzl\u00f6sung f\u00fcr die Reise Ihres Kindes vom Neugeborenen bis zum Erwachsenenalter. Dieses stilvolle und vielseitige Set umfasst sowohl den Grow With Me Hochstuhl als auch die Grow With Me Babywippe und kombiniert nahtlos Komfort, Sicherheit und Anpassungsf\u00e4higkeit f\u00fcr jede Entwicklungsstufe.  <strong>Merkmale:<\/strong><\/p>\n<ul>\n<li><strong>Hochstuhl:<\/strong>\n<ul>\n<li>Herausnehmbares Tablett f\u00fcr m\u00fchelose Reinigung und mehrfache Verwendung.<\/li>\n<li>Sitz und Trittbrett sind verstellbar und wachsen mit Ihrem Kind mit.<\/li>\n<li>Ein Sicherheitsgurt sorgt f\u00fcr zus\u00e4tzliche Sicherheit und Seelenfrieden.<\/li>\n<li>Ergonomisches Design f\u00fcr optimalen Sitzkomfort f\u00fcr alle Altersgruppen.<\/li>\n<\/ul>\n<\/li>\n<li><strong>Wippe:<\/strong>\n<ul>\n<li>Befestigen Sie den Grow With Me Bouncer am Hochstuhl f\u00fcr eine perfekte Einrichtung f\u00fcr Neugeborene.<\/li>\n<li>Das weiche, abnehmbare Kissen und der maschinenwaschbare Bezug sorgen f\u00fcr einfache Pflege.<\/li>\n<li>Zusammenklappbar f\u00fcr kompakte Lagerung und bequemes Reisen.<\/li>\n<\/ul>\n<\/li>\n<\/ul>\n<p> Ob beim Essen oder beim Spielen, das Grow With Me Complete Set ist der perfekte Begleiter f\u00fcr Ihre Familie. Es bietet lang anhaltenden Komfort und Flexibilit\u00e4t &#8211; und das alles in einem modernen, eleganten Shady Grey Design.<\/p>\n","protected":false},"excerpt":{"rendered":"<div class=\"flex max-w-full flex-col flex-grow\">\n<div class=\"min-h-[20px] text-message flex w-full flex-col items-end gap-2 whitespace-normal break-words [.text-message+&amp;]:mt-5\" dir=\"auto\" data-message-author-role=\"assistant\" data-message-id=\"86751314-bcc5-4504-a219-4bf3f1df37bb\">\n<div class=\"flex w-full flex-col gap-1 empty:hidden first:pt-[3px]\">\n<div class=\"markdown prose w-full break-words dark:prose-invert light\"> Das Grow With Me Komplettset in Shady Grey bietet die perfekte Sitzl\u00f6sung f\u00fcr Ihr Kind vom Neugeborenen bis zum Erwachsenenalter. Dieses vielseitige Set umfasst den Grow With Me Hochstuhl und die Babywippe, die f\u00fcr Komfort, Sicherheit und Anpassungsf\u00e4higkeit in jeder Phase entwickelt wurden. Mit verstellbaren Funktionen, einem abnehmbaren Tablett und einer kompakten, faltbaren Babywippe ist es die perfekte Mischung aus Stil und Zweckm\u00e4\u00dfigkeit f\u00fcr moderne Familien.   <\/div>\n<\/div>\n<\/div>\n<\/div>\n","protected":false},"featured_media":77667,"comment_status":"closed","ping_status":"closed","template":"","meta":{"_lmt_disableupdate":"","_lmt_disable":""},"product_brand":[],"product_cat":[450,658,529],"product_tag":[],"woo-feed-brand":[],"class_list":{"0":"post-78126","1":"product","2":"type-product","3":"status-publish","4":"has-post-thumbnail","6":"product_cat-essen-trinken","7":"product_cat-hochstuhle-und-kindersitze","8":"product_cat-schaukeln-und-wippen","10":"first","11":"instock","12":"featured","13":"taxable","14":"shipping-taxable","15":"purchasable","16":"product-type-simple"},"_links":{"self":[{"href":"https:\/\/www.bojungle.eu\/de\/wp-json\/wp\/v2\/product\/78126","targetHints":{"allow":["GET"]}}],"collection":[{"href":"https:\/\/www.bojungle.eu\/de\/wp-json\/wp\/v2\/product"}],"about":[{"href":"https:\/\/www.bojungle.eu\/de\/wp-json\/wp\/v2\/types\/product"}],"replies":[{"embeddable":true,"href":"https:\/\/www.bojungle.eu\/de\/wp-json\/wp\/v2\/comments?post=78126"}],"version-history":[{"count":1,"href":"https:\/\/www.bojungle.eu\/de\/wp-json\/wp\/v2\/product\/78126\/revisions"}],"predecessor-version":[{"id":78135,"href":"https:\/\/www.bojungle.eu\/de\/wp-json\/wp\/v2\/product\/78126\/revisions\/78135"}],"wp:featuredmedia":[{"embeddable":true,"href":"https:\/\/www.bojungle.eu\/de\/wp-json\/wp\/v2\/media\/77667"}],"wp:attachment":[{"href":"https:\/\/www.bojungle.eu\/de\/wp-json\/wp\/v2\/media?parent=78126"}],"wp:term":[{"taxonomy":"product_brand","embeddable":true,"href":"https:\/\/www.bojungle.eu\/de\/wp-json\/wp\/v2\/product_brand?post=78126"},{"taxonomy":"product_cat","embeddable":true,"href":"https:\/\/www.bojungle.eu\/de\/wp-json\/wp\/v2\/product_cat?post=78126"},{"taxonomy":"product_tag","embeddable":true,"href":"https:\/\/www.bojungle.eu\/de\/wp-json\/wp\/v2\/product_tag?post=78126"},{"taxonomy":"woo-feed-brand","embeddable":true,"href":"https:\/\/www.bojungle.eu\/de\/wp-json\/wp\/v2\/woo-feed-brand?post=78126"}],"curies":[{"name":"wp","href":"https:\/\/api.w.org\/{rel}","templated":true}]}}