{"id":80459,"date":"2025-06-18T11:42:52","date_gmt":"2025-06-18T09:42:52","guid":{"rendered":"https:\/\/www.bojungle.eu\/product\/tragbare-schaukel-dolphy-shady-grey\/"},"modified":"2025-06-18T11:58:41","modified_gmt":"2025-06-18T09:58:41","slug":"tragbare-schaukel-dolphy-shady-grey","status":"publish","type":"product","link":"https:\/\/www.bojungle.eu\/de\/produkt\/tragbare-schaukel-dolphy-shady-grey\/","title":{"rendered":"Tragbare Schaukel Dolphy Shady Grey"},"content":{"rendered":"<p>Entdecken Sie die tragbare Schaukel Dolphy Shady Grey, die ultimative Mischung aus Komfort, Bequemlichkeit und Unterhaltung f\u00fcr Ihr Kind. Diese tragbare Schaukel wurde speziell f\u00fcr die Bed\u00fcrfnisse von Eltern und den Komfort von Babys vom Neugeborenen bis zu 9 kg entwickelt und bietet eine einzigartige Kombination von Funktionen, die sie zu einem Muss in Ihrer Babyausstattungssammlung machen.<\/p>\n<p><strong>Vielseitige Stromversorgungsoptionen<\/strong><br \/>\nSeien Sie nie an einen einzigen Ort gebunden! Die tragbare Schaukel Dolphy Shady Grey kann mit dem mitgelieferten Stromkabel oder mit 4 x C\/LR14-Batterien (nicht im Lieferumfang enthalten) betrieben werden, so dass Ihr Baby sowohl zu Hause als auch unterwegs eine beruhigende Schaukel genie\u00dfen kann.<\/p>\n<p><strong>Anpassbarer Komfort<\/strong><br \/>\nMit einer in 2 Positionen verstellbaren R\u00fcckenlehne passt sich diese Schaukel leicht an die Komfortbed\u00fcrfnisse Ihres Babys an und stellt sicher, dass es sich immer an der perfekten Stelle zum Entspannen oder Beobachten befindet.<\/p>\n<p><strong>Intuitive Timer-Funktion<\/strong><br \/>\nMit der Timer-Funktion, die f\u00fcr 15, 30, 45 oder 60 Minuten eingestellt werden kann, erm\u00f6glicht es Ihnen die tragbare Schaukel Dolphy Shady Grey, die Schaukelzeit an die Stimmung und die Bed\u00fcrfnisse Ihres Babys anzupassen, um sicherzustellen, dass es genau die richtige Zeit beruhigt und unterhalten wird.<\/p>\n<p><strong>Intuitive Timer-Funktion<\/strong><br \/>\nMit einer Timer-Funktion mit Einstellungen f\u00fcr 15, 30, 45 oder 60 Minuten erm\u00f6glicht die tragbare Schaukel Dolphy Wood Pure White die Anpassung der Schaukelzeit an die Stimmung und die Bed\u00fcrfnisse Ihres Babys, um sicherzustellen, dass es genau richtig beruhigt und unterhalten wird. Es ist der perfekte Weg, um Ihr Kind zu beruhigen oder zu besch\u00e4ftigen, wenn es noch klein ist.<\/p>\n<p><strong>H\u00f6chster Komfort und Sicherheit<\/strong><br \/>\nMit weichen, hochwertigen Stoffen, die f\u00fcr eine einfache Pflege in der Maschine gewaschen werden k\u00f6nnen, und einer pl\u00fcschigen Kopfst\u00fctze f\u00fcr zus\u00e4tzlichen Halt sorgt diese Schaukel jederzeit f\u00fcr den Komfort Ihres Babys. Der 5-Punkt-Sicherheitsgurt sorgt daf\u00fcr, dass Ihr Kleines sicher sitzt und Sie sich keine Sorgen machen m\u00fcssen. <\/p>\n<p><strong>Fesselnd und unterhaltsam<\/strong><br \/>\nDer leicht abnehmbare Spielzeugbogen, der mit zwei fesselnden Spielzeugen geschm\u00fcckt ist, fesselt die Aufmerksamkeit Ihres Babys und regt seine sich entwickelnden Sinne an, so dass die Schaukelzeit zu einem lustigen und lehrreichen Erlebnis wird.<\/p>\n<p><strong>Praktisch tragbar<\/strong><br \/>\nDer Dolphy Shady Grey wurde mit Blick auf vielbesch\u00e4ftigte Familien entwickelt und l\u00e4sst sich leicht zusammenklappen, um ihn effizient zu lagern und zu transportieren, damit Sie den Komfort Ihres Zuhauses \u00fcberallhin mitnehmen k\u00f6nnen.<\/p>\n<p>Die tragbare Schaukel Dolphy Shady Grey ist nicht nur eine Schaukel, sondern ein gem\u00fctlicher, unterhaltsamer und sicherer Ort f\u00fcr Ihr Baby. Es stellt eine perfekte Mischung aus Funktionalit\u00e4t und Spa\u00df dar und ist somit eine unverzichtbare Erg\u00e4nzung Ihrer Babypflegeutensilien.<\/p>\n<table border=\"1\">\n<tbody>\n<tr>\n<td>Anleitung<\/td>\n<td><a href=\"https:\/\/www.bojungle.eu\/wp-content\/uploads\/2025\/06\/Handleiding-B-Dolphy-Portable-Swing.pdf\" target=\"_blank\" rel=\"noopener\">Hier klicken<\/a><\/td>\n<\/tr>\n<\/tbody>\n<\/table>\n","protected":false},"excerpt":{"rendered":"<div class=\"elementor-element elementor-element-80cf67d elementor-widget elementor-widget-jet-single-excerpt\" data-id=\"80cf67d\" data-element_type=\"widget\" data-widget_type=\"jet-single-excerpt.default\">\n<div class=\"elementor-widget-container\">\n<div class=\"elementor-jet-single-excerpt jet-woo-builder\">\n<div class=\"woocommerce-product-details__short-description\">\n<div class=\"flex-1 overflow-hidden\">\n<div class=\"react-scroll-to-bottom--css-fpkau-79elbk h-full\">\n<div class=\"react-scroll-to-bottom--css-fpkau-1n7m0yu\">\n<div class=\"flex flex-col text-sm pb-9\">\n<div class=\"w-full text-token-text-primary\" data-testid=\"conversation-turn-8\">\n<div class=\"px-4 py-2 justify-center text-base md:gap-6 m-auto\">\n<div class=\"flex flex-1 text-base mx-auto gap-3 md:px-5 lg:px-1 xl:px-5 md:max-w-3xl lg:max-w-[40rem] xl:max-w-[48rem] group final-completion\">\n<div class=\"relative flex w-full flex-col agent-turn\">\n<div class=\"flex-col gap-1 md:gap-3\">\n<div class=\"flex flex-grow flex-col max-w-full\">\n<div class=\"min-h-[20px] text-message flex flex-col items-start gap-3 whitespace-pre-wrap break-words [.text-message+&amp;]:mt-5 overflow-x-auto\" data-message-author-role=\"assistant\" data-message-id=\"fbd77af2-e82b-4b38-a269-e92651bbb0c3\">\n<div class=\"markdown prose w-full break-words dark:prose-invert light\">\n<p>Begr\u00fc\u00dfen Sie die tragbare Schaukel Dolphy Shady Grey: ein praktischer Weg, um Ihr Baby kuschelig und gl\u00fccklich zu halten, wo immer Sie hingehen. Es hat einstellbare Einstellungen, damit Ihr Baby es bequem hat, verschiedene Geschwindigkeiten zum Schaukeln und spielt sch\u00f6ne Melodien. Au\u00dferdem bietet er Ihrem Kind Sicherheit mit einem Gurt und Spa\u00df mit Spielzeug. Und wenn Sie fertig sind, falten Sie ihn einfach zusammen, um ihn leicht zu verstauen oder zu transportieren. Ideal f\u00fcr Babys bis zu 9 kg und perfekt f\u00fcr vielbesch\u00e4ftigte Familien!  <\/p>\n<\/div>\n<\/div>\n<\/div>\n<\/div>\n<\/div>\n<\/div>\n<\/div>\n<\/div>\n<\/div>\n<\/div>\n<\/div>\n<\/div>\n<\/div>\n<\/div>\n<\/div>\n<\/div>\n","protected":false},"featured_media":80338,"comment_status":"open","ping_status":"closed","template":"","meta":{"_lmt_disableupdate":"","_lmt_disable":""},"product_brand":[],"product_cat":[529],"product_tag":[],"woo-feed-brand":[],"class_list":{"0":"post-80459","1":"product","2":"type-product","3":"status-publish","4":"has-post-thumbnail","6":"product_cat-schaukeln-und-wippen","8":"first","9":"instock","10":"taxable","11":"shipping-taxable","12":"purchasable","13":"product-type-simple"},"_links":{"self":[{"href":"https:\/\/www.bojungle.eu\/de\/wp-json\/wp\/v2\/product\/80459","targetHints":{"allow":["GET"]}}],"collection":[{"href":"https:\/\/www.bojungle.eu\/de\/wp-json\/wp\/v2\/product"}],"about":[{"href":"https:\/\/www.bojungle.eu\/de\/wp-json\/wp\/v2\/types\/product"}],"replies":[{"embeddable":true,"href":"https:\/\/www.bojungle.eu\/de\/wp-json\/wp\/v2\/comments?post=80459"}],"version-history":[{"count":0,"href":"https:\/\/www.bojungle.eu\/de\/wp-json\/wp\/v2\/product\/80459\/revisions"}],"wp:featuredmedia":[{"embeddable":true,"href":"https:\/\/www.bojungle.eu\/de\/wp-json\/wp\/v2\/media\/80338"}],"wp:attachment":[{"href":"https:\/\/www.bojungle.eu\/de\/wp-json\/wp\/v2\/media?parent=80459"}],"wp:term":[{"taxonomy":"product_brand","embeddable":true,"href":"https:\/\/www.bojungle.eu\/de\/wp-json\/wp\/v2\/product_brand?post=80459"},{"taxonomy":"product_cat","embeddable":true,"href":"https:\/\/www.bojungle.eu\/de\/wp-json\/wp\/v2\/product_cat?post=80459"},{"taxonomy":"product_tag","embeddable":true,"href":"https:\/\/www.bojungle.eu\/de\/wp-json\/wp\/v2\/product_tag?post=80459"},{"taxonomy":"woo-feed-brand","embeddable":true,"href":"https:\/\/www.bojungle.eu\/de\/wp-json\/wp\/v2\/woo-feed-brand?post=80459"}],"curies":[{"name":"wp","href":"https:\/\/api.w.org\/{rel}","templated":true}]}}