{"id":82141,"date":"2025-11-26T14:51:25","date_gmt":"2025-11-26T13:51:25","guid":{"rendered":"https:\/\/www.bojungle.eu\/?post_type=product&#038;p=82141"},"modified":"2026-04-07T13:41:50","modified_gmt":"2026-04-07T11:41:50","slug":"borneo-musical-lichtspiel-spielplatz","status":"publish","type":"product","link":"https:\/\/www.bojungle.eu\/de\/produkt\/borneo-musical-lichtspiel-spielplatz\/","title":{"rendered":"Borneo Musical &amp; Light Play Gym"},"content":{"rendered":"<p>Das musikalische Spielcenter mit Licht Borneo wurde entwickelt, um Ihr Baby w\u00e4hrend des t\u00e4glichen Spielens zu besch\u00e4ftigen, zu beruhigen und in seiner Entwicklung zu f\u00f6rdern.<\/p>\n<p>Mit seinen sanften Farben, verspielten Spielzeugen, Lichtern und Melodien schafft dieses Spielcenter f\u00fcr Babys einen einladenden Erlebnisbereich, in dem Ihr Kind entspannen, entdecken und wichtige erste F\u00e4higkeiten entwickeln kann.<br \/>\nDie h\u00e4ngenden Spielzeuge regen zum Greifen, Strampeln und Tasten an und unterst\u00fctzen so schon ab den ersten Monaten die sensorische Wahrnehmung und die motorische Entwicklung.<\/p>\n<p>Die weiche Spielmatte bietet einen gem\u00fctlichen Platz zum Liegen, Strecken und Spielen, w\u00e4hrend die Licht- und Musikfunktionen f\u00fcr zus\u00e4tzliche Anregung und noch mehr Spielspa\u00df sorgen.<br \/>\nDamit ist das musikalische Spielcenter mit Licht Borneo eine wunderbare Wahl f\u00fcr die ersten Spiel- und Entdeckungsmomente Ihres Babys.<\/p>\n<p>Das musikalische Spielcenter mit Licht Borneo ist ein praktisches und ansprechendes Aktivit\u00e4tscenter f\u00fcr Babys \u2013 ideal f\u00fcr Eltern, die Komfort, Anregung und spielerische Entwicklung in einem stilvollen Design suchen.<\/p>\n<p>\u2022 Weiches und komfortables Spielcenter f\u00fcr Babys<br \/>\n\u2022 Sanfte Farben f\u00fcr eine beruhigende Ausstrahlung<br \/>\n\u2022 Mit Licht- und Melodiefunktionen<br \/>\n\u2022 Anregende h\u00e4ngende Spielzeuge<br \/>\n\u2022 F\u00f6rdert die sensorische Entdeckung<br \/>\n\u2022 Unterst\u00fctzt die fr\u00fche motorische Entwicklung<br \/>\n\u2022 Ideal f\u00fcr das t\u00e4gliche Spielen<br \/>\n\u2022 Gem\u00fctlicher Platz f\u00fcr die ersten Spielmomente<\/p>\n","protected":false},"excerpt":{"rendered":"<div class=\"relative w-full mt-4 mb-1\">\n<div class=\"\">\n<div class=\"relative\">\n<div class=\"h-full min-h-0 min-w-0\">\n<div class=\"h-full min-h-0 min-w-0\">\n<div class=\"border border-token-border-light border-radius-3xl corner-superellipse\/1.1 rounded-3xl\">\n<div class=\"h-full w-full border-radius-3xl bg-token-bg-elevated-secondary corner-superellipse\/1.1 overflow-clip rounded-3xl lxnfua_clipPathFallback\">\n<div class=\"w-full overflow-x-hidden overflow-y-auto pe-11 pt-3\">\n<div class=\"relative z-0 flex max-w-full\">\n<div id=\"code-block-viewer\" class=\"q9tKkq_viewer cm-editor z-10 light:cm-light dark:cm-light flex h-full w-full flex-col items-stretch \u037c5 \u037cj\" dir=\"ltr\">\n<div class=\"cm-scroller\">\n<div class=\"cm-content q9tKkq_readonly\">Schaffen Sie mit dem musikalischen Spielcenter mit Licht Borneo einen weichen und anregenden Spielbereich f\u00fcr Ihr Baby. Dieses Aktivit\u00e4tscenter f\u00fcr Babys vereint sanfte Farben, Lichter, Melodien und verspielte h\u00e4ngende Spielzeuge, um die sensorische Entdeckung, erste Bewegungen und ein angenehmes t\u00e4gliches Spielerlebnis zu f\u00f6rdern. <\/div>\n<\/div>\n<\/div>\n<\/div>\n<\/div>\n<\/div>\n<\/div>\n<\/div>\n<\/div>\n<div class=\"\">\n<div class=\"\"><\/div>\n<\/div>\n<\/div>\n<\/div>\n<\/div>\n","protected":false},"featured_media":82251,"comment_status":"closed","ping_status":"closed","template":"","meta":{"_lmt_disableupdate":"no","_lmt_disable":""},"product_brand":[],"product_cat":[453,619,620,456],"product_tag":[1630,1632,1636,1631,1633,1629,1634,1635],"woo-feed-brand":[],"class_list":{"0":"post-82141","1":"product","2":"type-product","3":"status-publish","4":"has-post-thumbnail","6":"product_cat-spielzeit","7":"product_cat-aktivitatsspielzeug","8":"product_cat-musikalisches-spielzeug","9":"product_cat-pluschtiere","10":"product_tag-aktivitatscenter-fur-babys","11":"product_tag-aktivitatsmatte-fur-babys","12":"product_tag-borneo-spielcenter-fur-babys","13":"product_tag-musikalisches-spielcenter-fur-babys","14":"product_tag-sensorikspielzeug-fur-babys","15":"product_tag-spielcenter-fur-babys","16":"product_tag-spielcenter-mit-licht-fur-babys","17":"product_tag-spielcenter-zur-entwicklungsforderung-fur-babys","19":"first","20":"instock","21":"taxable","22":"shipping-taxable","23":"purchasable","24":"product-type-simple"},"_links":{"self":[{"href":"https:\/\/www.bojungle.eu\/de\/wp-json\/wp\/v2\/product\/82141","targetHints":{"allow":["GET"]}}],"collection":[{"href":"https:\/\/www.bojungle.eu\/de\/wp-json\/wp\/v2\/product"}],"about":[{"href":"https:\/\/www.bojungle.eu\/de\/wp-json\/wp\/v2\/types\/product"}],"replies":[{"embeddable":true,"href":"https:\/\/www.bojungle.eu\/de\/wp-json\/wp\/v2\/comments?post=82141"}],"version-history":[{"count":4,"href":"https:\/\/www.bojungle.eu\/de\/wp-json\/wp\/v2\/product\/82141\/revisions"}],"predecessor-version":[{"id":85526,"href":"https:\/\/www.bojungle.eu\/de\/wp-json\/wp\/v2\/product\/82141\/revisions\/85526"}],"wp:featuredmedia":[{"embeddable":true,"href":"https:\/\/www.bojungle.eu\/de\/wp-json\/wp\/v2\/media\/82251"}],"wp:attachment":[{"href":"https:\/\/www.bojungle.eu\/de\/wp-json\/wp\/v2\/media?parent=82141"}],"wp:term":[{"taxonomy":"product_brand","embeddable":true,"href":"https:\/\/www.bojungle.eu\/de\/wp-json\/wp\/v2\/product_brand?post=82141"},{"taxonomy":"product_cat","embeddable":true,"href":"https:\/\/www.bojungle.eu\/de\/wp-json\/wp\/v2\/product_cat?post=82141"},{"taxonomy":"product_tag","embeddable":true,"href":"https:\/\/www.bojungle.eu\/de\/wp-json\/wp\/v2\/product_tag?post=82141"},{"taxonomy":"woo-feed-brand","embeddable":true,"href":"https:\/\/www.bojungle.eu\/de\/wp-json\/wp\/v2\/woo-feed-brand?post=82141"}],"curies":[{"name":"wp","href":"https:\/\/api.w.org\/{rel}","templated":true}]}}