{"id":82611,"date":"2025-11-26T15:05:46","date_gmt":"2025-11-26T14:05:46","guid":{"rendered":"https:\/\/www.bojungle.eu\/?post_type=product&#038;p=82611"},"modified":"2026-01-14T15:29:37","modified_gmt":"2026-01-14T14:29:37","slug":"midnight-expedition-faltbare-ballgruben-spielhalle","status":"publish","type":"product","link":"https:\/\/www.bojungle.eu\/de\/produkt\/midnight-expedition-faltbare-ballgruben-spielhalle\/","title":{"rendered":"&#8218;Midnight Expedition&#8216; faltbare Ballgruben-Spielhalle"},"content":{"rendered":"<p>Wecken Sie die Sinne und lassen Sie Ihr Kleines eine magische Reise voller Farben, Ger\u00e4usche und Bewegung beginnen. Diese Aktivit\u00e4tsmatte ist speziell daf\u00fcr entworfen, die ersten Abenteuer des Babys wirklich unvergesslich zu machen. Mit einer sorgf\u00e4ltig ausgew\u00e4hlten Farbpalette, die die Sinne von den allerersten Anzeichen visueller Erkennung an stimuliert, l\u00e4dt jedes Detail zu Staunen und Spiel ein. Die weichen Texturen und verspielten Elemente machen diese Matte nicht nur bequem, sondern auch unwiderstehlich unterhaltsam.<\/p>\n<ul>\n<li>Weiches Design<\/li>\n<li>30 bunte B\u00e4lle in einem niedlichen Aufbewahrungsnetz<\/li>\n<li>F\u00f6rdert die motorische Entwicklung<\/li>\n<li>F\u00f6rdert die kognitive Entwicklung<\/li>\n<li>Umwandelbar in eine Ballgrube<\/li>\n<li>Verschiedene Rasseln<\/li>\n<li>Gro\u00dfer Spielspiegel zur Selbstentdeckung<\/li>\n<\/ul>\n","protected":false},"excerpt":{"rendered":"<p>Wecken Sie die Sinne und lassen Sie Ihr Kleines eine magische Reise voller Farben, Ger\u00e4usche und Bewegung beginnen. Diese Aktivit\u00e4tsmatte ist speziell daf\u00fcr entworfen, die ersten Abenteuer des Babys wirklich unvergesslich zu machen. Mit einer sorgf\u00e4ltig ausgew\u00e4hlten Farbpalette, die die Sinne von den allerersten Anzeichen visueller Erkennung an stimuliert, l\u00e4dt jedes Detail zu Staunen und Spiel ein. Die weichen Texturen und verspielten Elemente machen diese Matte nicht nur bequem, sondern auch unwiderstehlich unterhaltsam.<\/p>\n","protected":false},"featured_media":82781,"comment_status":"closed","ping_status":"closed","template":"","meta":{"_lmt_disableupdate":"no","_lmt_disable":""},"product_brand":[],"product_cat":[619,453],"product_tag":[],"woo-feed-brand":[],"class_list":{"0":"post-82611","1":"product","2":"type-product","3":"status-publish","4":"has-post-thumbnail","6":"product_cat-aktivitatsspielzeug","7":"product_cat-spielzeit","9":"first","10":"instock","11":"taxable","12":"shipping-taxable","13":"purchasable","14":"product-type-simple"},"_links":{"self":[{"href":"https:\/\/www.bojungle.eu\/de\/wp-json\/wp\/v2\/product\/82611","targetHints":{"allow":["GET"]}}],"collection":[{"href":"https:\/\/www.bojungle.eu\/de\/wp-json\/wp\/v2\/product"}],"about":[{"href":"https:\/\/www.bojungle.eu\/de\/wp-json\/wp\/v2\/types\/product"}],"replies":[{"embeddable":true,"href":"https:\/\/www.bojungle.eu\/de\/wp-json\/wp\/v2\/comments?post=82611"}],"version-history":[{"count":3,"href":"https:\/\/www.bojungle.eu\/de\/wp-json\/wp\/v2\/product\/82611\/revisions"}],"predecessor-version":[{"id":83855,"href":"https:\/\/www.bojungle.eu\/de\/wp-json\/wp\/v2\/product\/82611\/revisions\/83855"}],"wp:featuredmedia":[{"embeddable":true,"href":"https:\/\/www.bojungle.eu\/de\/wp-json\/wp\/v2\/media\/82781"}],"wp:attachment":[{"href":"https:\/\/www.bojungle.eu\/de\/wp-json\/wp\/v2\/media?parent=82611"}],"wp:term":[{"taxonomy":"product_brand","embeddable":true,"href":"https:\/\/www.bojungle.eu\/de\/wp-json\/wp\/v2\/product_brand?post=82611"},{"taxonomy":"product_cat","embeddable":true,"href":"https:\/\/www.bojungle.eu\/de\/wp-json\/wp\/v2\/product_cat?post=82611"},{"taxonomy":"product_tag","embeddable":true,"href":"https:\/\/www.bojungle.eu\/de\/wp-json\/wp\/v2\/product_tag?post=82611"},{"taxonomy":"woo-feed-brand","embeddable":true,"href":"https:\/\/www.bojungle.eu\/de\/wp-json\/wp\/v2\/woo-feed-brand?post=82611"}],"curies":[{"name":"wp","href":"https:\/\/api.w.org\/{rel}","templated":true}]}}