{"id":83001,"date":"2025-11-26T15:27:14","date_gmt":"2025-11-26T14:27:14","guid":{"rendered":"https:\/\/www.bojungle.eu\/?post_type=product&#038;p=83001"},"modified":"2026-01-14T14:54:07","modified_gmt":"2026-01-14T13:54:07","slug":"water-teether-butterfly-2-stueck","status":"publish","type":"product","link":"https:\/\/www.bojungle.eu\/de\/produkt\/water-teether-butterfly-2-stueck\/","title":{"rendered":"Water Teether Butterfly 2 St\u00fcck"},"content":{"rendered":"<p>K\u00fchlende Bei\u00dfringe in Form eines fr\u00f6hlichen Schmetterlings, ideal, um das Zahnfleisch Ihres Babys w\u00e4hrend des Zahnens zu beruhigen. Die sch\u00f6nen Farben und Formen stimulieren auch die Sinne Ihres Kindes.<\/p>\n<ul>\n<li>Set aus 2 bunten, schmetterlingsf\u00f6rmigen Zahnringen<\/li>\n<li>Gef\u00fcllt mit sicherem, sterilisiertem Wasser zur K\u00fchlung<\/li>\n<li>Leicht und leicht zu halten f\u00fcr kleine H\u00e4nde<\/li>\n<li>Textur auf den Fl\u00fcgeln f\u00fcr zus\u00e4tzliche Zahnfleischmassage<\/li>\n<li>Kann im K\u00fchlschrank abgek\u00fchlt werden, um extra beruhigend zu sein<\/li>\n<li>BPA-frei und sicher zum Kauen<\/li>\n<\/ul>\n","protected":false},"excerpt":{"rendered":"<p>K\u00fchlende Bei\u00dfringe in Form eines fr\u00f6hlichen Schmetterlings, ideal, um das Zahnfleisch Ihres Babys w\u00e4hrend des Zahnens zu beruhigen. Die sch\u00f6nen Farben und Formen stimulieren auch die Sinne Ihres Kindes.<\/p>\n","protected":false},"featured_media":83011,"comment_status":"closed","ping_status":"closed","template":"","meta":{"_lmt_disableupdate":"no","_lmt_disable":""},"product_brand":[],"product_cat":[619,502,453],"product_tag":[],"woo-feed-brand":[],"class_list":{"0":"post-83001","1":"product","2":"type-product","3":"status-publish","4":"has-post-thumbnail","6":"product_cat-aktivitatsspielzeug","7":"product_cat-buntes-spielzeug","8":"product_cat-spielzeit","10":"first","11":"instock","12":"taxable","13":"shipping-taxable","14":"purchasable","15":"product-type-simple"},"_links":{"self":[{"href":"https:\/\/www.bojungle.eu\/de\/wp-json\/wp\/v2\/product\/83001","targetHints":{"allow":["GET"]}}],"collection":[{"href":"https:\/\/www.bojungle.eu\/de\/wp-json\/wp\/v2\/product"}],"about":[{"href":"https:\/\/www.bojungle.eu\/de\/wp-json\/wp\/v2\/types\/product"}],"replies":[{"embeddable":true,"href":"https:\/\/www.bojungle.eu\/de\/wp-json\/wp\/v2\/comments?post=83001"}],"version-history":[{"count":3,"href":"https:\/\/www.bojungle.eu\/de\/wp-json\/wp\/v2\/product\/83001\/revisions"}],"predecessor-version":[{"id":83836,"href":"https:\/\/www.bojungle.eu\/de\/wp-json\/wp\/v2\/product\/83001\/revisions\/83836"}],"wp:featuredmedia":[{"embeddable":true,"href":"https:\/\/www.bojungle.eu\/de\/wp-json\/wp\/v2\/media\/83011"}],"wp:attachment":[{"href":"https:\/\/www.bojungle.eu\/de\/wp-json\/wp\/v2\/media?parent=83001"}],"wp:term":[{"taxonomy":"product_brand","embeddable":true,"href":"https:\/\/www.bojungle.eu\/de\/wp-json\/wp\/v2\/product_brand?post=83001"},{"taxonomy":"product_cat","embeddable":true,"href":"https:\/\/www.bojungle.eu\/de\/wp-json\/wp\/v2\/product_cat?post=83001"},{"taxonomy":"product_tag","embeddable":true,"href":"https:\/\/www.bojungle.eu\/de\/wp-json\/wp\/v2\/product_tag?post=83001"},{"taxonomy":"woo-feed-brand","embeddable":true,"href":"https:\/\/www.bojungle.eu\/de\/wp-json\/wp\/v2\/woo-feed-brand?post=83001"}],"curies":[{"name":"wp","href":"https:\/\/api.w.org\/{rel}","templated":true}]}}