{"id":83267,"date":"2025-10-22T10:09:26","date_gmt":"2025-10-22T08:09:26","guid":{"rendered":"https:\/\/www.bojungle.eu\/product\/obstfutterspender-gefrierschalen-duene\/"},"modified":"2025-12-10T14:08:24","modified_gmt":"2025-12-10T13:08:24","slug":"obstfutterspender-gefrierschalen-duene","status":"publish","type":"product","link":"https:\/\/www.bojungle.eu\/de\/produkt\/obstfutterspender-gefrierschalen-duene\/","title":{"rendered":"Obstfutterspender-Gefrierschalen-D\u00fcne"},"content":{"rendered":"<p data-start=\"1748\" data-end=\"2051\">Mit diesem praktischen Obstfutter-Gefrierbrett ist es schnell und einfach, gesunde gefrorene Leckerlis f\u00fcr Ihr Baby zuzubereiten. F\u00fcllen Sie das Tablett einfach mit frischem Obst, Obst- oder Gem\u00fcsep\u00fcree oder sogar Babymilch. Stell es in den Gefrierfach, und bald hast du leckere, erfrischende W\u00fcrfel, die perfekt in unsere Obstfutterspender passen.  <\/p>\n<p data-start=\"2053\" data-end=\"2341\">Diese nat\u00fcrlichen gefrorenen Snacks sind perfekt f\u00fcr zahnende Babys, sie beruhigen schmerzendes Zahnfleisch und f\u00fchren Ihr Kleines an frische, gesunde Aromen heran. Kein zugesetzter Zucker, kein Aufwand, nur gesunde, hausgemachte K\u00f6stlichkeiten.<br data-start=\"2259\" data-end=\"2262\">Eine praktische, beruhigende und gesunde M\u00f6glichkeit, Ihr Baby gl\u00fccklich und erfrischt zu halten. <\/p>\n","protected":false},"excerpt":{"rendered":"<p data-start=\"1466\" data-end=\"1715\">Erschaffen Sie in k\u00fcrzester Zeit gesunde, erfrischende Babysnacks mit diesem Obstfutterspender-Gefrierbrett. F\u00fcllen Sie es mit Obst, P\u00fcree oder Babymilch, frieren Sie sie ein und genie\u00dfen Sie nat\u00fcrliche W\u00fcrfel, die perfekt in unsere Obstfutterspender passen \u2013 ideal, um schmerzendes Zahnfleisch beim Zahnen zu beruhigen. <\/p>\n<h3 data-start=\"1717\" data-end=\"1747\"><\/h3>\n","protected":false},"featured_media":81066,"comment_status":"open","ping_status":"closed","template":"","meta":{"_lmt_disableupdate":"","_lmt_disable":""},"product_brand":[],"product_cat":[452,450,455],"product_tag":[],"woo-feed-brand":[],"class_list":{"0":"post-83267","1":"product","2":"type-product","3":"status-publish","4":"has-post-thumbnail","6":"product_cat-bereich-silikone","7":"product_cat-essen-trinken","8":"product_cat-zubereitung-von-mahlzeiten","10":"first","11":"instock","12":"taxable","13":"shipping-taxable","14":"purchasable","15":"product-type-simple"},"_links":{"self":[{"href":"https:\/\/www.bojungle.eu\/de\/wp-json\/wp\/v2\/product\/83267","targetHints":{"allow":["GET"]}}],"collection":[{"href":"https:\/\/www.bojungle.eu\/de\/wp-json\/wp\/v2\/product"}],"about":[{"href":"https:\/\/www.bojungle.eu\/de\/wp-json\/wp\/v2\/types\/product"}],"replies":[{"embeddable":true,"href":"https:\/\/www.bojungle.eu\/de\/wp-json\/wp\/v2\/comments?post=83267"}],"version-history":[{"count":0,"href":"https:\/\/www.bojungle.eu\/de\/wp-json\/wp\/v2\/product\/83267\/revisions"}],"wp:featuredmedia":[{"embeddable":true,"href":"https:\/\/www.bojungle.eu\/de\/wp-json\/wp\/v2\/media\/81066"}],"wp:attachment":[{"href":"https:\/\/www.bojungle.eu\/de\/wp-json\/wp\/v2\/media?parent=83267"}],"wp:term":[{"taxonomy":"product_brand","embeddable":true,"href":"https:\/\/www.bojungle.eu\/de\/wp-json\/wp\/v2\/product_brand?post=83267"},{"taxonomy":"product_cat","embeddable":true,"href":"https:\/\/www.bojungle.eu\/de\/wp-json\/wp\/v2\/product_cat?post=83267"},{"taxonomy":"product_tag","embeddable":true,"href":"https:\/\/www.bojungle.eu\/de\/wp-json\/wp\/v2\/product_tag?post=83267"},{"taxonomy":"woo-feed-brand","embeddable":true,"href":"https:\/\/www.bojungle.eu\/de\/wp-json\/wp\/v2\/woo-feed-brand?post=83267"}],"curies":[{"name":"wp","href":"https:\/\/api.w.org\/{rel}","templated":true}]}}