{"id":83296,"date":"2025-10-22T13:28:06","date_gmt":"2025-10-22T11:28:06","guid":{"rendered":"https:\/\/www.bojungle.eu\/product\/luxus-grooming-set-dune\/"},"modified":"2025-12-10T14:10:13","modified_gmt":"2025-12-10T13:10:13","slug":"luxus-grooming-set-dune","status":"publish","type":"product","link":"https:\/\/www.bojungle.eu\/de\/produkt\/luxus-grooming-set-dune\/","title":{"rendered":"Luxus-Grooming-Set Dune"},"content":{"rendered":"<p>Entdecken Sie unser schicken Baby Luxury Grooming Set! Es hat alles, was du brauchst, um dich um dein Kleines zu k\u00fcmmern \u2013 insgesamt 15 Gegenst\u00e4nde! <\/p>\n<ol>\n<li><strong>Pflege der N\u00e4gel:<\/strong> Wir haben Feilen, Scheren und einen Nagelknipser, um die winzigen N\u00e4gel sauber und ordentlich zu halten.<\/li>\n<li><strong>Zahnb\u00fcrsten:<\/strong> Es gibt eine normale und eine kleine Zahnb\u00fcrste f\u00fcr kleine Finger, damit die Z\u00e4hne sauber bleiben.<\/li>\n<li><strong>Haarpflege:<\/strong> Ein Kamm und eine weiche B\u00fcrste, damit das Haar Ihres Babys sch\u00f6n aussieht.<\/li>\n<li><strong>Medizinische Hilfsmittel:<\/strong> Wir haben eine Spritze f\u00fcr die genaue Verabreichung von fl\u00fcssigen Medikamenten beigelegt.<\/li>\n<li><strong>Temperaturmessger\u00e4te:<\/strong> Ein digitales Thermometer, um die Temperatur Ihres Babys zu messen, und ein spezielles Thermometer f\u00fcr die Badewanne, um sicherzustellen, dass die Temperatur genau richtig ist.<\/li>\n<li><strong>Nasensauger:<\/strong> Macht die verstopfte Nase Ihres Babys frei und erleichtert das Atmen.<\/li>\n<\/ol>\n<p>Die Tasche, in der alles geliefert wird, ist super trendy und bietet viel Platz f\u00fcr Extras wie Shampoo und Lotion. Au\u00dferdem gibt es einen H\u00e4nger, mit dem man es unterwegs an einen Haken h\u00e4ngen kann. Und machen Sie sich keine Sorgen wegen Versch\u00fcttungen \u2013 die Tasche besteht aus hochwertigem Material, das Sie bei einer Reinigung in die Waschmaschine werfen k\u00f6nnen. Sorgen Sie also daf\u00fcr, dass Ihr Baby mit unserem Baby-Grooming-Set in Grau gut aussieht und sich gut f\u00fchlt!   <\/p>\n","protected":false},"excerpt":{"rendered":"<p>Entdecken Sie unser luxuri\u00f6ses Pflegeset! Mit 15 unverzichtbaren Produkten, darunter Nagelpflegeger\u00e4te, Zahnb\u00fcrsten, Haarpflegezubeh\u00f6r und mehr, bietet dieses Set alles, was Sie brauchen, um Ihr Kleines sauber und komfortabel zu halten. Die stilvolle Tasche bietet bequeme Aufbewahrung und ist maschinenwaschbar f\u00fcr eine einfache Reinigung. Verbessern Sie noch heute die Pflegeroutine Ihres Babys mit diesem Must-have-Set!   <\/p>\n","protected":false},"featured_media":81961,"comment_status":"closed","ping_status":"closed","template":"","meta":{"_lmt_disableupdate":"","_lmt_disable":""},"product_brand":[],"product_cat":[514,585],"product_tag":[],"woo-feed-brand":[],"class_list":{"0":"post-83296","1":"product","2":"type-product","3":"status-publish","4":"has-post-thumbnail","6":"product_cat-korperpflege","7":"product_cat-schonheit-und-gesundheit-des-babys","9":"first","10":"instock","11":"featured","12":"taxable","13":"shipping-taxable","14":"purchasable","15":"product-type-simple"},"_links":{"self":[{"href":"https:\/\/www.bojungle.eu\/de\/wp-json\/wp\/v2\/product\/83296","targetHints":{"allow":["GET"]}}],"collection":[{"href":"https:\/\/www.bojungle.eu\/de\/wp-json\/wp\/v2\/product"}],"about":[{"href":"https:\/\/www.bojungle.eu\/de\/wp-json\/wp\/v2\/types\/product"}],"replies":[{"embeddable":true,"href":"https:\/\/www.bojungle.eu\/de\/wp-json\/wp\/v2\/comments?post=83296"}],"version-history":[{"count":0,"href":"https:\/\/www.bojungle.eu\/de\/wp-json\/wp\/v2\/product\/83296\/revisions"}],"wp:featuredmedia":[{"embeddable":true,"href":"https:\/\/www.bojungle.eu\/de\/wp-json\/wp\/v2\/media\/81961"}],"wp:attachment":[{"href":"https:\/\/www.bojungle.eu\/de\/wp-json\/wp\/v2\/media?parent=83296"}],"wp:term":[{"taxonomy":"product_brand","embeddable":true,"href":"https:\/\/www.bojungle.eu\/de\/wp-json\/wp\/v2\/product_brand?post=83296"},{"taxonomy":"product_cat","embeddable":true,"href":"https:\/\/www.bojungle.eu\/de\/wp-json\/wp\/v2\/product_cat?post=83296"},{"taxonomy":"product_tag","embeddable":true,"href":"https:\/\/www.bojungle.eu\/de\/wp-json\/wp\/v2\/product_tag?post=83296"},{"taxonomy":"woo-feed-brand","embeddable":true,"href":"https:\/\/www.bojungle.eu\/de\/wp-json\/wp\/v2\/woo-feed-brand?post=83296"}],"curies":[{"name":"wp","href":"https:\/\/api.w.org\/{rel}","templated":true}]}}