{"id":83300,"date":"2025-10-22T10:41:25","date_gmt":"2025-10-22T08:41:25","guid":{"rendered":"https:\/\/www.bojungle.eu\/product\/fruit-feeder-4-in-1-dune\/"},"modified":"2025-12-10T14:11:02","modified_gmt":"2025-12-10T13:11:02","slug":"fruit-feeder-4-in-1-dune","status":"publish","type":"product","link":"https:\/\/www.bojungle.eu\/de\/produkt\/fruit-feeder-4-in-1-dune\/","title":{"rendered":"Fruit Feeder 4-in-1 Dune"},"content":{"rendered":"<p>Wir stellen den Fruit Feeder 4-in-1 vor, eine unterhaltsame und sichere M\u00f6glichkeit f\u00fcr Ihr Kleines, verschiedene Lebensmittel zu probieren!<\/p>\n<p><strong>Merkmale:<\/strong><\/p>\n<ul>\n<li><strong>Sicherer Verzehr: <\/strong> Schneiden Sie einfach Obst oder Gem\u00fcse klein und geben Sie es hinein. Ihr Kind kann leckere Bissen genie\u00dfen, ohne sich Sorgen um ein Verschlucken machen zu m\u00fcssen.<\/li>\n<li><strong>4 Arten der F\u00fctterung: <\/strong> Er wird mit drei verschiedenen Teilen und einem Netz geliefert, so dass Sie ausw\u00e4hlen k\u00f6nnen, was f\u00fcr das Alter und den Geschmack Ihres Kindes am besten geeignet ist.<\/li>\n<li><strong>Leicht zu reinigen: <\/strong> Kein Aufhebens! Wenn er gewaschen werden muss, kann er einfach in die Sp\u00fclmaschine gegeben werden.<\/li>\n<li><strong>Keine Unordnung: <\/strong> Mit dem Deckel k\u00f6nnen Sie es ohne Kleckern aufbewahren.<\/li>\n<li><strong>Sicheres Material:<\/strong> Es ist ohne sch\u00e4dliche Chemikalien hergestellt, so dass es sicher f\u00fcr Ihr Kind ist.<\/li>\n<\/ul>\n<p>Mit dem Fruit Feeder 4-in-1 ist die Mahlzeit sowohl einfach als auch spa\u00dfig!<\/p>\n","protected":false},"excerpt":{"rendered":"<div class=\"elementor-element elementor-element-80cf67d elementor-widget elementor-widget-jet-single-excerpt\" data-id=\"80cf67d\" data-element_type=\"widget\" data-widget_type=\"jet-single-excerpt.default\">\n<div class=\"elementor-widget-container\">\n<div class=\"elementor-jet-single-excerpt jet-woo-builder\">\n<div class=\"woocommerce-product-details__short-description\">\n<p><span class=\"OYPEnA text-decoration-none text-strikethrough-none\">Mit diesem niedlichen Fruit Feeder 4-in-1 kann Ihr Kleines alle m\u00f6glichen Delikatessen nach Herzenslust und vor allem sicher probieren. Schneiden Sie Gem\u00fcse und\/oder Obst in kleine St\u00fccke und legen Sie sie in den passenden Aufsatz oder das passende Netz. So entdecken sie neue Geschmacksrichtungen, ohne das Risiko zu ersticken. Dank des praktischen Deckels kannst du den Obstfutterspender danach ohne Unordnung aufbewahren   <\/span><\/p>\n<\/div>\n<\/div>\n<\/div>\n<\/div>\n<div class=\"elementor-element elementor-element-c5d7d93 elementor-widget elementor-widget-spacer\" data-id=\"c5d7d93\" data-element_type=\"widget\" data-widget_type=\"spacer.default\">\n<div class=\"elementor-widget-container\">\n<div class=\"elementor-spacer\"><\/div>\n<\/div>\n<\/div>\n","protected":false},"featured_media":81209,"comment_status":"closed","ping_status":"closed","template":"","meta":{"_lmt_disableupdate":"","_lmt_disable":""},"product_brand":[],"product_cat":[450,555],"product_tag":[],"woo-feed-brand":[],"class_list":{"0":"post-83300","1":"product","2":"type-product","3":"status-publish","4":"has-post-thumbnail","6":"product_cat-essen-trinken","7":"product_cat-zeit-zum-abendessen","9":"first","10":"instock","11":"taxable","12":"shipping-taxable","13":"purchasable","14":"product-type-simple"},"_links":{"self":[{"href":"https:\/\/www.bojungle.eu\/de\/wp-json\/wp\/v2\/product\/83300","targetHints":{"allow":["GET"]}}],"collection":[{"href":"https:\/\/www.bojungle.eu\/de\/wp-json\/wp\/v2\/product"}],"about":[{"href":"https:\/\/www.bojungle.eu\/de\/wp-json\/wp\/v2\/types\/product"}],"replies":[{"embeddable":true,"href":"https:\/\/www.bojungle.eu\/de\/wp-json\/wp\/v2\/comments?post=83300"}],"version-history":[{"count":0,"href":"https:\/\/www.bojungle.eu\/de\/wp-json\/wp\/v2\/product\/83300\/revisions"}],"wp:featuredmedia":[{"embeddable":true,"href":"https:\/\/www.bojungle.eu\/de\/wp-json\/wp\/v2\/media\/81209"}],"wp:attachment":[{"href":"https:\/\/www.bojungle.eu\/de\/wp-json\/wp\/v2\/media?parent=83300"}],"wp:term":[{"taxonomy":"product_brand","embeddable":true,"href":"https:\/\/www.bojungle.eu\/de\/wp-json\/wp\/v2\/product_brand?post=83300"},{"taxonomy":"product_cat","embeddable":true,"href":"https:\/\/www.bojungle.eu\/de\/wp-json\/wp\/v2\/product_cat?post=83300"},{"taxonomy":"product_tag","embeddable":true,"href":"https:\/\/www.bojungle.eu\/de\/wp-json\/wp\/v2\/product_tag?post=83300"},{"taxonomy":"woo-feed-brand","embeddable":true,"href":"https:\/\/www.bojungle.eu\/de\/wp-json\/wp\/v2\/woo-feed-brand?post=83300"}],"curies":[{"name":"wp","href":"https:\/\/api.w.org\/{rel}","templated":true}]}}