{"id":83393,"date":"2025-10-22T12:58:06","date_gmt":"2025-10-22T10:58:06","guid":{"rendered":"https:\/\/www.bojungle.eu\/product\/biegsamer-loeffel-und-gabel-jade\/"},"modified":"2025-12-10T14:13:32","modified_gmt":"2025-12-10T13:13:32","slug":"biegsamer-loeffel-und-gabel-jade","status":"publish","type":"product","link":"https:\/\/www.bojungle.eu\/de\/produkt\/biegsamer-loeffel-und-gabel-jade\/","title":{"rendered":"Biegsamer L\u00f6ffel und Gabel Jade"},"content":{"rendered":"<ul>\n<li>Das perfekte Besteck f\u00fcr Kleinkinder, die lernen, selbstst\u00e4ndig zu essen<\/li>\n<li>Die Gabel und der L\u00f6ffel k\u00f6nnen in die gew\u00fcnschte Richtung gebogen werden.<\/li>\n<li>Richtung, damit Ihr Kleinkind leichter alleine essen kann<\/li>\n<li>Die Gabel hat abgerundete Spitzen, damit sich Kleinkinder beim Essen nicht verletzen k\u00f6nnen<\/li>\n<li>Sp\u00fclmaschinentauglich<\/li>\n<\/ul>\n","protected":false},"excerpt":{"rendered":"<p>Das perfekte Besteck f\u00fcr Kleinkinder, die lernen, selbstst\u00e4ndig zu essen<\/p>\n","protected":false},"featured_media":81849,"comment_status":"closed","ping_status":"closed","template":"","meta":{"_lmt_disableupdate":"","_lmt_disable":""},"product_brand":[],"product_cat":[450,555],"product_tag":[],"woo-feed-brand":[],"class_list":{"0":"post-83393","1":"product","2":"type-product","3":"status-publish","4":"has-post-thumbnail","6":"product_cat-essen-trinken","7":"product_cat-zeit-zum-abendessen","9":"first","10":"instock","11":"taxable","12":"shipping-taxable","13":"purchasable","14":"product-type-simple"},"_links":{"self":[{"href":"https:\/\/www.bojungle.eu\/de\/wp-json\/wp\/v2\/product\/83393","targetHints":{"allow":["GET"]}}],"collection":[{"href":"https:\/\/www.bojungle.eu\/de\/wp-json\/wp\/v2\/product"}],"about":[{"href":"https:\/\/www.bojungle.eu\/de\/wp-json\/wp\/v2\/types\/product"}],"replies":[{"embeddable":true,"href":"https:\/\/www.bojungle.eu\/de\/wp-json\/wp\/v2\/comments?post=83393"}],"version-history":[{"count":0,"href":"https:\/\/www.bojungle.eu\/de\/wp-json\/wp\/v2\/product\/83393\/revisions"}],"wp:featuredmedia":[{"embeddable":true,"href":"https:\/\/www.bojungle.eu\/de\/wp-json\/wp\/v2\/media\/81849"}],"wp:attachment":[{"href":"https:\/\/www.bojungle.eu\/de\/wp-json\/wp\/v2\/media?parent=83393"}],"wp:term":[{"taxonomy":"product_brand","embeddable":true,"href":"https:\/\/www.bojungle.eu\/de\/wp-json\/wp\/v2\/product_brand?post=83393"},{"taxonomy":"product_cat","embeddable":true,"href":"https:\/\/www.bojungle.eu\/de\/wp-json\/wp\/v2\/product_cat?post=83393"},{"taxonomy":"product_tag","embeddable":true,"href":"https:\/\/www.bojungle.eu\/de\/wp-json\/wp\/v2\/product_tag?post=83393"},{"taxonomy":"woo-feed-brand","embeddable":true,"href":"https:\/\/www.bojungle.eu\/de\/wp-json\/wp\/v2\/woo-feed-brand?post=83393"}],"curies":[{"name":"wp","href":"https:\/\/api.w.org\/{rel}","templated":true}]}}