{"id":83410,"date":"2025-10-22T12:41:32","date_gmt":"2025-10-22T10:41:32","guid":{"rendered":"https:\/\/www.bojungle.eu\/product\/soft-spoons-silikon-white-dune-terra\/"},"modified":"2025-12-18T10:53:00","modified_gmt":"2025-12-18T09:53:00","slug":"soft-spoons-silikon-weiss-duene-terrakotta","status":"publish","type":"product","link":"https:\/\/www.bojungle.eu\/de\/produkt\/soft-spoons-silikon-weiss-duene-terrakotta\/","title":{"rendered":"Soft Spoons Silikon (Wei\u00df-D\u00fcne-Terrakotta)"},"content":{"rendered":"<p>Machen Sie die Mahlzeiten mit unseren weichen Silikon-Babyl\u00f6ffeln, die auf das Wohlbefinden Ihres Kindes zugeschnitten sind, reibungsloser. Die sanfte Silikonspitze sch\u00fctzt empfindliches Zahnfleisch, w\u00e4hrend die flache Vorderseite das Ausschaufeln und Abhaken von Lebensmitteln zum Kinderspiel macht. Sicher und praktisch sind diese L\u00f6ffel sp\u00fclmaschinenfest f\u00fcr eine einfache Reinigung und kommen in drei Sets. Au\u00dferdem sind sie BPA-frei und gew\u00e4hrleisten die Sicherheit Ihres Babys bei jedem Bissen.<\/p>\n<ul>\n<li><strong>Weiche Silikonspitze<\/strong>: Schonend f\u00fcr das Zahnfleisch und perfekt f\u00fcr die ersten Bisse.<\/li>\n<li><strong>Flache Vorderseite: <\/strong>F\u00fcr einfaches Sch\u00f6pfen konzipiert.<\/li>\n<li><strong>Sp\u00fclmaschinenfest:<\/strong> Problemlose Reinigung.<\/li>\n<li><strong>BPA-frei: <\/strong>Sicher und ungiftig.<\/li>\n<\/ul>\n<p>Machen Sie die F\u00fctterungszeit spa\u00dfig, sicher und einfach!<\/p>\n","protected":false},"excerpt":{"rendered":"<div class=\"flex max-w-full flex-col flex-grow\">\n<div class=\"min-h-8 text-message flex w-full flex-col items-end gap-2 whitespace-normal break-words [.text-message+&amp;]:mt-5\" dir=\"auto\" data-message-author-role=\"assistant\" data-message-id=\"fd204360-cbd3-4df0-9ab5-f22ed10ca1b7\">\n<div class=\"flex w-full flex-col gap-1 empty:hidden first:pt-[3px]\">\n<div class=\"markdown prose w-full break-words dark:prose-invert light\">\n<p>Das weiche Silikonset ist f\u00fcr die ersten Bissen Ihres Babys konzipiert, diese L\u00f6ffel verf\u00fcgen \u00fcber eine weiche Silikonspitze zum Schutz des empfindlichen Zahnfleisches und eine flache Front f\u00fcr einfaches Futter. Sp\u00fclmaschinenfest und BPA-frei f\u00fcr sichere, einfache Nutzung.<\/p>\n<\/div>\n<\/div>\n<\/div>\n<\/div>\n<div class=\"mb-2 flex gap-3 empty:hidden -ml-2\">\n<div class=\"items-center justify-start rounded-xl p-1 flex\">\n<div class=\"flex items-center\">\n<div class=\"flex\"><\/div>\n<div class=\"flex items-center pb-0\"><\/div>\n<\/div>\n<\/div>\n<\/div>\n","protected":false},"featured_media":81793,"comment_status":"closed","ping_status":"closed","template":"","meta":{"_lmt_disableupdate":"no","_lmt_disable":""},"product_brand":[],"product_cat":[450,555],"product_tag":[],"woo-feed-brand":[],"class_list":{"0":"post-83410","1":"product","2":"type-product","3":"status-publish","4":"has-post-thumbnail","6":"product_cat-essen-trinken","7":"product_cat-zeit-zum-abendessen","9":"first","10":"instock","11":"taxable","12":"shipping-taxable","13":"purchasable","14":"product-type-simple"},"_links":{"self":[{"href":"https:\/\/www.bojungle.eu\/de\/wp-json\/wp\/v2\/product\/83410","targetHints":{"allow":["GET"]}}],"collection":[{"href":"https:\/\/www.bojungle.eu\/de\/wp-json\/wp\/v2\/product"}],"about":[{"href":"https:\/\/www.bojungle.eu\/de\/wp-json\/wp\/v2\/types\/product"}],"replies":[{"embeddable":true,"href":"https:\/\/www.bojungle.eu\/de\/wp-json\/wp\/v2\/comments?post=83410"}],"version-history":[{"count":2,"href":"https:\/\/www.bojungle.eu\/de\/wp-json\/wp\/v2\/product\/83410\/revisions"}],"predecessor-version":[{"id":83729,"href":"https:\/\/www.bojungle.eu\/de\/wp-json\/wp\/v2\/product\/83410\/revisions\/83729"}],"wp:featuredmedia":[{"embeddable":true,"href":"https:\/\/www.bojungle.eu\/de\/wp-json\/wp\/v2\/media\/81793"}],"wp:attachment":[{"href":"https:\/\/www.bojungle.eu\/de\/wp-json\/wp\/v2\/media?parent=83410"}],"wp:term":[{"taxonomy":"product_brand","embeddable":true,"href":"https:\/\/www.bojungle.eu\/de\/wp-json\/wp\/v2\/product_brand?post=83410"},{"taxonomy":"product_cat","embeddable":true,"href":"https:\/\/www.bojungle.eu\/de\/wp-json\/wp\/v2\/product_cat?post=83410"},{"taxonomy":"product_tag","embeddable":true,"href":"https:\/\/www.bojungle.eu\/de\/wp-json\/wp\/v2\/product_tag?post=83410"},{"taxonomy":"woo-feed-brand","embeddable":true,"href":"https:\/\/www.bojungle.eu\/de\/wp-json\/wp\/v2\/woo-feed-brand?post=83410"}],"curies":[{"name":"wp","href":"https:\/\/api.w.org\/{rel}","templated":true}]}}