{"id":83411,"date":"2025-10-22T11:52:10","date_gmt":"2025-10-22T09:52:10","guid":{"rendered":"https:\/\/www.bojungle.eu\/product\/nomadische-pulverkisten-jade\/"},"modified":"2025-12-10T14:13:49","modified_gmt":"2025-12-10T13:13:49","slug":"nomadische-pulverkisten-jade","status":"publish","type":"product","link":"https:\/\/www.bojungle.eu\/de\/produkt\/nomadische-pulverkisten-jade\/","title":{"rendered":"Nomadische Pulverkisten-Jade"},"content":{"rendered":"<p>Die Nomadic Powder Box ist der perfekte Begleiter f\u00fcr Eltern unterwegs. Diese Box wurde entwickelt, um Milchpulver oder andere pulverisierte Nahrungserg\u00e4nzungsmittel zu lagern, und bietet ultimative Bequemlichkeit. Sein kompaktes, tragbares Design macht es einfach, es \u00fcberall hinzunehmen, wohin das Leben einen f\u00fchrt. Egal, ob du unterwegs bist, im Park bist oder einfach nur Besorgungen machst \u2013 die Nomadic Powder Box h\u00e4lt dein Puder frisch und zug\u00e4nglich.   <\/p>\n<p>Wichtige Merkmale:<\/p>\n<ul>\n<li><strong>Lagerung von Milchpulver:<\/strong> Ideal zur Aufbewahrung von Milchpulver oder anderen Pulverprodukten.<\/li>\n<li><strong>Tragbar und praktisch:<\/strong> Leicht und leicht zu transportieren, passt nahtlos in deine Tasche oder deinen Kinderwagen.<\/li>\n<li><strong>Leicht zu reinigen:<\/strong> Einfach abzuwischen, was Hygiene und Bequemlichkeit gew\u00e4hrleistet.<\/li>\n<li><strong>L\u00f6ffel enthalten<\/strong>: Kommt mit einem praktischen L\u00f6ffel f\u00fcr einfaches Schaufeln und Abmessen.<\/li>\n<\/ul>\n<p>Halten Sie die Milch oder das Nahrungserg\u00e4nzungspulver Ihres Babys organisiert und zug\u00e4nglich mit der Nomadic Powder Box \u2013 ein Muss f\u00fcr jeden vielbesch\u00e4ftigten Elternteil!<\/p>\n","protected":false},"excerpt":{"rendered":"<div class=\"elementor-element elementor-element-80cf67d elementor-widget elementor-widget-jet-single-excerpt\" data-id=\"80cf67d\" data-element_type=\"widget\" data-widget_type=\"jet-single-excerpt.default\">\n<div class=\"elementor-widget-container\">\n<div class=\"elementor-jet-single-excerpt jet-woo-builder\">\n<div class=\"woocommerce-product-details__short-description\">\n<p>Die Nomadic Powder Box ist eine kompakte, tragbare L\u00f6sung zur Aufbewahrung von Milchpulver. Leicht und leicht zu tragen, enth\u00e4lt er einen L\u00f6ffel f\u00fcr Bequemlichkeit und ist einfach zu reinigen, was ihn perfekt f\u00fcr Eltern unterwegs macht. <\/p>\n<\/div>\n<\/div>\n<\/div>\n<\/div>\n<div class=\"elementor-element elementor-element-c5d7d93 elementor-widget elementor-widget-spacer\" data-id=\"c5d7d93\" data-element_type=\"widget\" data-widget_type=\"spacer.default\">\n<div class=\"elementor-widget-container\">\n<div class=\"elementor-spacer\"><\/div>\n<\/div>\n<\/div>\n","protected":false},"featured_media":81761,"comment_status":"closed","ping_status":"closed","template":"","meta":{"_lmt_disableupdate":"","_lmt_disable":""},"product_brand":[],"product_cat":[450,455],"product_tag":[],"woo-feed-brand":[],"class_list":{"0":"post-83411","1":"product","2":"type-product","3":"status-publish","4":"has-post-thumbnail","6":"product_cat-essen-trinken","7":"product_cat-zubereitung-von-mahlzeiten","9":"first","10":"instock","11":"featured","12":"taxable","13":"shipping-taxable","14":"purchasable","15":"product-type-simple"},"_links":{"self":[{"href":"https:\/\/www.bojungle.eu\/de\/wp-json\/wp\/v2\/product\/83411","targetHints":{"allow":["GET"]}}],"collection":[{"href":"https:\/\/www.bojungle.eu\/de\/wp-json\/wp\/v2\/product"}],"about":[{"href":"https:\/\/www.bojungle.eu\/de\/wp-json\/wp\/v2\/types\/product"}],"replies":[{"embeddable":true,"href":"https:\/\/www.bojungle.eu\/de\/wp-json\/wp\/v2\/comments?post=83411"}],"version-history":[{"count":0,"href":"https:\/\/www.bojungle.eu\/de\/wp-json\/wp\/v2\/product\/83411\/revisions"}],"wp:featuredmedia":[{"embeddable":true,"href":"https:\/\/www.bojungle.eu\/de\/wp-json\/wp\/v2\/media\/81761"}],"wp:attachment":[{"href":"https:\/\/www.bojungle.eu\/de\/wp-json\/wp\/v2\/media?parent=83411"}],"wp:term":[{"taxonomy":"product_brand","embeddable":true,"href":"https:\/\/www.bojungle.eu\/de\/wp-json\/wp\/v2\/product_brand?post=83411"},{"taxonomy":"product_cat","embeddable":true,"href":"https:\/\/www.bojungle.eu\/de\/wp-json\/wp\/v2\/product_cat?post=83411"},{"taxonomy":"product_tag","embeddable":true,"href":"https:\/\/www.bojungle.eu\/de\/wp-json\/wp\/v2\/product_tag?post=83411"},{"taxonomy":"woo-feed-brand","embeddable":true,"href":"https:\/\/www.bojungle.eu\/de\/wp-json\/wp\/v2\/woo-feed-brand?post=83411"}],"curies":[{"name":"wp","href":"https:\/\/api.w.org\/{rel}","templated":true}]}}