{"id":83449,"date":"2025-10-22T13:13:54","date_gmt":"2025-10-22T11:13:54","guid":{"rendered":"https:\/\/www.bojungle.eu\/product\/thermo-breastpump-organiser-dune\/"},"modified":"2025-12-18T10:01:51","modified_gmt":"2025-12-18T09:01:51","slug":"thermo-milchpumpen-organizer-dune","status":"publish","type":"product","link":"https:\/\/www.bojungle.eu\/de\/produkt\/thermo-milchpumpen-organizer-dune\/","title":{"rendered":"Thermo-Milchpumpen Organizer Dune"},"content":{"rendered":"<p>Unser Thermo Breastpump-Organizer ist die unverzichtbare L\u00f6sung f\u00fcr stillende M\u00fctter, die st\u00e4ndig unterwegs sind. Mit Blick auf Bequemlichkeit und Diskretion gestaltet, ist dieser Organizer darauf ausgelegt, sich nahtlos in Ihren gesch\u00e4ftigen Lebensstil einzuf\u00fcgen und gleichzeitig Ihre Still-Essentials ordentlich aufbewahrt und leicht zug\u00e4nglich zu halten.<\/p>\n<p>Mit einem diskreten Design, das m\u00fchelos mit den neuesten Trends und unserer Premium-Produktpalette harmoniert, sorgt dieser Organizer daf\u00fcr, dass Sie Ihre Stillreise mit Selbstvertrauen und Stil fortsetzen k\u00f6nnen. Egal, ob Sie ins B\u00fcro fahren oder ein Wochenendabenteuer unternehmen \u2013 diese elegante Tasche hat alles f\u00fcr Sie.<\/p>\n<p>Ausgestattet mit einem thermoisolierten Fach h\u00e4lt unser Organizer die optimale Temperatur f\u00fcr Ihre Muttermilch oder sp\u00e4ter f\u00fcr Gl\u00e4ser mit Babynahrung und sorgt so f\u00fcr Frische, wo Sie auch hinkommen.<\/p>\n<p>Mit zwei separaten F\u00e4chern k\u00f6nnen Sie Ihre wichtigsten Dinge effizient organisieren. Das obere Fach passt eng zur Milchpumpe, w\u00e4hrend das untere Fach ausreichend Platz f\u00fcr Milchflaschen und andere Notwendigkeiten bietet. Mit gen\u00fcgend Platz f\u00fcr eine Milchpumpe, zwei Babyflaschen, Stillpads und andere kleine Gegenst\u00e4nde ist alles, was Sie brauchen, direkt zur Hand.<\/p>\n<p>Im Inneren sorgen strategisch platzierte Taschen daf\u00fcr, dass Ihre Gegenst\u00e4nde sicher und leicht zug\u00e4nglich sind. Keine Suche mehr nach verlegten Gegenst\u00e4nden; Alles bleibt an seinem Platz, sodass du dich auf die Pflege deines Kleinen konzentrieren kannst.<\/p>\n<p>Verbessern Sie Ihre Stillreise mit unserem Thermo-Stillpumpen-Organizer. Praktisch, stilvoll und vielseitig &#8211; der perfekte Begleiter f\u00fcr jede stillende Mutter, die unterwegs ist.<\/p>\n","protected":false},"excerpt":{"rendered":"<ul>\n<li>Der Thermo Breastpump Organiser wurde entwickelt, um es stillenden M\u00fcttern zu erleichtern, alles, was sie brauchen, mitzunehmen, wenn sie z.B. wieder arbeiten gehen und weiter stillen wollen. Wenn das Baby nicht mehr gestillt wird, kann diese diskrete Tasche immer noch auf Reisen usw. mitgenommen werden!<\/li>\n<li>Diskretes Design auf der Grundlage der neuesten Trends und in \u00dcbereinstimmung mit unseren anderen Produkten<\/li>\n<li>Thermo-Isolierbeutel zur Aufbewahrung von Muttermilch (oder sp\u00e4ter von Gl\u00e4schen mit Babynahrung usw.) und zum K\u00fchlen<\/li>\n<li>Zwei separate F\u00e4cher: oberes Fach f\u00fcr die Milchpumpe, unteres Fach f\u00fcr Milchflaschen usw.<\/li>\n<li>Gen\u00fcgend Platz f\u00fcr eine Milchpumpe, zwei Fl\u00e4schchen, einige Stilleinlagen und andere kleine Gegenst\u00e4nde<\/li>\n<li>Taschen auf der Innenseite, um alles an seinem Platz zu halten<\/li>\n<\/ul>\n","protected":false},"featured_media":81917,"comment_status":"closed","ping_status":"closed","template":"","meta":{"_lmt_disableupdate":"no","_lmt_disable":""},"product_brand":[],"product_cat":[639,640],"product_tag":[],"woo-feed-brand":[],"class_list":{"0":"post-83449","1":"product","2":"type-product","3":"status-publish","4":"has-post-thumbnail","6":"product_cat-drausen","7":"product_cat-outdoor-zubehor","9":"first","10":"instock","11":"taxable","12":"shipping-taxable","13":"purchasable","14":"product-type-simple"},"_links":{"self":[{"href":"https:\/\/www.bojungle.eu\/de\/wp-json\/wp\/v2\/product\/83449","targetHints":{"allow":["GET"]}}],"collection":[{"href":"https:\/\/www.bojungle.eu\/de\/wp-json\/wp\/v2\/product"}],"about":[{"href":"https:\/\/www.bojungle.eu\/de\/wp-json\/wp\/v2\/types\/product"}],"replies":[{"embeddable":true,"href":"https:\/\/www.bojungle.eu\/de\/wp-json\/wp\/v2\/comments?post=83449"}],"version-history":[{"count":3,"href":"https:\/\/www.bojungle.eu\/de\/wp-json\/wp\/v2\/product\/83449\/revisions"}],"predecessor-version":[{"id":83863,"href":"https:\/\/www.bojungle.eu\/de\/wp-json\/wp\/v2\/product\/83449\/revisions\/83863"}],"wp:featuredmedia":[{"embeddable":true,"href":"https:\/\/www.bojungle.eu\/de\/wp-json\/wp\/v2\/media\/81917"}],"wp:attachment":[{"href":"https:\/\/www.bojungle.eu\/de\/wp-json\/wp\/v2\/media?parent=83449"}],"wp:term":[{"taxonomy":"product_brand","embeddable":true,"href":"https:\/\/www.bojungle.eu\/de\/wp-json\/wp\/v2\/product_brand?post=83449"},{"taxonomy":"product_cat","embeddable":true,"href":"https:\/\/www.bojungle.eu\/de\/wp-json\/wp\/v2\/product_cat?post=83449"},{"taxonomy":"product_tag","embeddable":true,"href":"https:\/\/www.bojungle.eu\/de\/wp-json\/wp\/v2\/product_tag?post=83449"},{"taxonomy":"woo-feed-brand","embeddable":true,"href":"https:\/\/www.bojungle.eu\/de\/wp-json\/wp\/v2\/woo-feed-brand?post=83449"}],"curies":[{"name":"wp","href":"https:\/\/api.w.org\/{rel}","templated":true}]}}