{"id":84254,"date":"2026-01-15T13:42:10","date_gmt":"2026-01-15T12:42:10","guid":{"rendered":"https:\/\/www.bojungle.eu\/product\/bath-seat-dune-5m\/"},"modified":"2026-01-15T13:43:36","modified_gmt":"2026-01-15T12:43:36","slug":"bath-seat-dune-5m","status":"publish","type":"product","link":"https:\/\/www.bojungle.eu\/de\/produkt\/bath-seat-dune-5m\/","title":{"rendered":"Bath Seat Dune (5M+)"},"content":{"rendered":"<p><span class=\"a_GcMg font-feature-liga-off font-feature-clig-off font-feature-calt-off text-decoration-none text-strikethrough-none\">Unser Badesitz sorgt f\u00fcr zus\u00e4tzlichen Spa\u00df im Wasser! Dank ihrer vier leistungsstarken Saugn\u00e4pfe ist sie stabil und sicher f\u00fcr die Verwendung im Bad. Au\u00dferdem kann er vorne ge\u00f6ffnet werden, sodass Ihr Kind problemlos in den Sitz ein- und aussteigen kann, ohne sich zu verletzen.  <\/span><\/p>\n<p>&nbsp;<\/p>\n<ul>\n<li><span class=\"a_GcMg font-feature-liga-off font-feature-clig-off font-feature-calt-off text-decoration-none text-strikethrough-none\">Hohe R\u00fcckenlehne und Armlehne<\/span><\/li>\n<li><span class=\"a_GcMg font-feature-liga-off font-feature-clig-off font-feature-calt-off text-decoration-none text-strikethrough-none\">kann vorne ge\u00f6ffnet werden<\/span><\/li>\n<li><span class=\"a_GcMg font-feature-liga-off font-feature-clig-off font-feature-calt-off text-decoration-none text-strikethrough-none\">3 Spielzeuge enthalten<\/span><\/li>\n<\/ul>\n","protected":false},"excerpt":{"rendered":"<p><span class=\"a_GcMg font-feature-liga-off font-feature-clig-off font-feature-calt-off text-decoration-none text-strikethrough-none\">Unser Badesitz sorgt f\u00fcr zus\u00e4tzlichen Spa\u00df im Wasser! Dank ihrer vier leistungsstarken Saugn\u00e4pfe ist sie stabil und sicher f\u00fcr die Verwendung im Bad. Au\u00dferdem kann er vorne ge\u00f6ffnet werden, sodass Ihr Kind problemlos in den Sitz ein- und aussteigen kann, ohne sich zu verletzen.  <\/span><\/p>\n","protected":false},"featured_media":84167,"comment_status":"open","ping_status":"closed","template":"","meta":{"_lmt_disableupdate":"","_lmt_disable":""},"product_brand":[],"product_cat":[584,514],"product_tag":[],"woo-feed-brand":[],"class_list":{"0":"post-84254","1":"product","2":"type-product","3":"status-publish","4":"has-post-thumbnail","6":"product_cat-baby-in-der-badewanne","7":"product_cat-korperpflege","9":"first","10":"instock","11":"taxable","12":"shipping-taxable","13":"purchasable","14":"product-type-simple"},"_links":{"self":[{"href":"https:\/\/www.bojungle.eu\/de\/wp-json\/wp\/v2\/product\/84254","targetHints":{"allow":["GET"]}}],"collection":[{"href":"https:\/\/www.bojungle.eu\/de\/wp-json\/wp\/v2\/product"}],"about":[{"href":"https:\/\/www.bojungle.eu\/de\/wp-json\/wp\/v2\/types\/product"}],"replies":[{"embeddable":true,"href":"https:\/\/www.bojungle.eu\/de\/wp-json\/wp\/v2\/comments?post=84254"}],"version-history":[{"count":0,"href":"https:\/\/www.bojungle.eu\/de\/wp-json\/wp\/v2\/product\/84254\/revisions"}],"wp:featuredmedia":[{"embeddable":true,"href":"https:\/\/www.bojungle.eu\/de\/wp-json\/wp\/v2\/media\/84167"}],"wp:attachment":[{"href":"https:\/\/www.bojungle.eu\/de\/wp-json\/wp\/v2\/media?parent=84254"}],"wp:term":[{"taxonomy":"product_brand","embeddable":true,"href":"https:\/\/www.bojungle.eu\/de\/wp-json\/wp\/v2\/product_brand?post=84254"},{"taxonomy":"product_cat","embeddable":true,"href":"https:\/\/www.bojungle.eu\/de\/wp-json\/wp\/v2\/product_cat?post=84254"},{"taxonomy":"product_tag","embeddable":true,"href":"https:\/\/www.bojungle.eu\/de\/wp-json\/wp\/v2\/product_tag?post=84254"},{"taxonomy":"woo-feed-brand","embeddable":true,"href":"https:\/\/www.bojungle.eu\/de\/wp-json\/wp\/v2\/woo-feed-brand?post=84254"}],"curies":[{"name":"wp","href":"https:\/\/api.w.org\/{rel}","templated":true}]}}