{"id":84387,"date":"2026-01-15T13:54:04","date_gmt":"2026-01-15T12:54:04","guid":{"rendered":"https:\/\/www.bojungle.eu\/product\/reisebett-pure-white\/"},"modified":"2026-03-31T17:00:49","modified_gmt":"2026-03-31T15:00:49","slug":"reisebett-pure-white","status":"publish","type":"product","link":"https:\/\/www.bojungle.eu\/de\/produkt\/reisebett-pure-white\/","title":{"rendered":"Reisebett Pure White"},"content":{"rendered":"<p>Das Reisebett Pure White wurde entwickelt, um Ihrem Baby zu Hause und unterwegs einen sicheren und komfortablen Schlafplatz zu bieten.<\/p>\n<p>Dank seines leichten, kompakten und zusammenklappbaren Designs l\u00e4sst sich dieses Reisebett einfach aufbauen, verstauen und transportieren.<br \/>\nDie zwei verstellbaren H\u00f6henstufen machen es sowohl f\u00fcr Neugeborene als auch f\u00fcr Kleinkinder geeignet, sodass sich das Bett dem Wachstum Ihres Kindes anpasst.<\/p>\n<p>Der stabile Aluminiumrahmen bietet zuverl\u00e4ssigen Halt, w\u00e4hrend die atmungsaktiven Mesh-Seiten f\u00fcr eine angenehme und gut bel\u00fcftete Schlafumgebung sorgen.<br \/>\nDie seitliche Rei\u00dfverschluss\u00f6ffnung erm\u00f6glicht einen praktischen Zugang und zus\u00e4tzlichen Komfort im Alltag.<\/p>\n<p>Eine komfortable waschbare Matratze ist im Lieferumfang enthalten, und das Reisebett wird mit einer praktischen Transporttasche geliefert. Damit ist es die ideale L\u00f6sung f\u00fcr Urlaube, Familienbesuche oder den t\u00e4glichen Gebrauch zu Hause.<\/p>\n<p>\u2022 Zwei verstellbare H\u00f6henstufen f\u00fcr Neugeborene und Kleinkinder<br \/>\n\u2022 Leichtes und kompaktes Klappdesign<br \/>\n\u2022 Einfach zu transportieren dank der mitgelieferten Transporttasche<br \/>\n\u2022 Stabiler Aluminiumrahmen<br \/>\n\u2022 Atmungsaktive Mesh-Seiten<br \/>\n\u2022 Praktische seitliche Rei\u00dfverschluss\u00f6ffnung<br \/>\n\u2022 Komfortable waschbare Matratze inklusive<br \/>\n\u2022 Ideal f\u00fcr zu Hause und unterwegs<\/p>\n","protected":false},"excerpt":{"rendered":"<div class=\"relative w-full mt-4 mb-1\">\n<div class=\"\">\n<div class=\"relative\">\n<div class=\"h-full min-h-0 min-w-0\">\n<div class=\"h-full min-h-0 min-w-0\">\n<div class=\"border border-token-border-light border-radius-3xl corner-superellipse\/1.1 rounded-3xl\">\n<div class=\"h-full w-full border-radius-3xl bg-token-bg-elevated-secondary corner-superellipse\/1.1 overflow-clip rounded-3xl lxnfua_clipPathFallback\">\n<div class=\"w-full overflow-x-hidden overflow-y-auto pe-11 pt-3\">\n<div class=\"relative z-0 flex max-w-full\">\n<div id=\"code-block-viewer\" class=\"q9tKkq_viewer cm-editor z-10 light:cm-light dark:cm-light flex h-full w-full flex-col items-stretch \u037cd \u037cr\" dir=\"ltr\">\n<div class=\"cm-scroller\">\n<div class=\"cm-content q9tKkq_readonly\">Kompakter Komfort, \u00fcberall dabei.<br \/>\nDas Reisebett Pure White ist ein leichtes und zusammenklappbares Reisebett mit zwei verstellbaren H\u00f6henstufen, atmungsaktiven Mesh-Seiten, einer praktischen seitlichen \u00d6ffnung und einer komfortablen waschbaren Matratze.<br \/>\nDank der mitgelieferten Transporttasche l\u00e4sst es sich einfach mitnehmen.<\/div>\n<\/div>\n<\/div>\n<\/div>\n<\/div>\n<\/div>\n<\/div>\n<\/div>\n<\/div>\n<div class=\"\">\n<div class=\"\"><\/div>\n<\/div>\n<\/div>\n<\/div>\n<\/div>\n","protected":false},"featured_media":84269,"comment_status":"open","ping_status":"closed","template":"","meta":{"_lmt_disableupdate":"","_lmt_disable":""},"product_brand":[],"product_cat":[639,530],"product_tag":[1537,1536,1538,1105,1533,1534,1539,1535],"woo-feed-brand":[],"class_list":{"0":"post-84387","1":"product","2":"type-product","3":"status-publish","4":"has-post-thumbnail","6":"product_cat-drausen","7":"product_cat-schlaf","8":"product_tag-babybett-mit-matratze","9":"product_tag-faltbares-reisebett","10":"product_tag-kompaktes-babybett","11":"product_tag-pure-white-de","12":"product_tag-reisebett","13":"product_tag-reisebett-fur-babys","14":"product_tag-tragbares-babybett","15":"product_tag-zusammenklappbares-reisebett","17":"first","18":"instock","19":"taxable","20":"shipping-taxable","21":"purchasable","22":"product-type-simple"},"_links":{"self":[{"href":"https:\/\/www.bojungle.eu\/de\/wp-json\/wp\/v2\/product\/84387","targetHints":{"allow":["GET"]}}],"collection":[{"href":"https:\/\/www.bojungle.eu\/de\/wp-json\/wp\/v2\/product"}],"about":[{"href":"https:\/\/www.bojungle.eu\/de\/wp-json\/wp\/v2\/types\/product"}],"replies":[{"embeddable":true,"href":"https:\/\/www.bojungle.eu\/de\/wp-json\/wp\/v2\/comments?post=84387"}],"version-history":[{"count":1,"href":"https:\/\/www.bojungle.eu\/de\/wp-json\/wp\/v2\/product\/84387\/revisions"}],"predecessor-version":[{"id":85400,"href":"https:\/\/www.bojungle.eu\/de\/wp-json\/wp\/v2\/product\/84387\/revisions\/85400"}],"wp:featuredmedia":[{"embeddable":true,"href":"https:\/\/www.bojungle.eu\/de\/wp-json\/wp\/v2\/media\/84269"}],"wp:attachment":[{"href":"https:\/\/www.bojungle.eu\/de\/wp-json\/wp\/v2\/media?parent=84387"}],"wp:term":[{"taxonomy":"product_brand","embeddable":true,"href":"https:\/\/www.bojungle.eu\/de\/wp-json\/wp\/v2\/product_brand?post=84387"},{"taxonomy":"product_cat","embeddable":true,"href":"https:\/\/www.bojungle.eu\/de\/wp-json\/wp\/v2\/product_cat?post=84387"},{"taxonomy":"product_tag","embeddable":true,"href":"https:\/\/www.bojungle.eu\/de\/wp-json\/wp\/v2\/product_tag?post=84387"},{"taxonomy":"woo-feed-brand","embeddable":true,"href":"https:\/\/www.bojungle.eu\/de\/wp-json\/wp\/v2\/woo-feed-brand?post=84387"}],"curies":[{"name":"wp","href":"https:\/\/api.w.org\/{rel}","templated":true}]}}