{"id":84568,"date":"2026-01-15T14:48:08","date_gmt":"2026-01-15T13:48:08","guid":{"rendered":"https:\/\/www.bojungle.eu\/product\/b-cosy-dune-memoryschaum\/"},"modified":"2026-01-15T14:58:32","modified_gmt":"2026-01-15T13:58:32","slug":"b-cosy-dune-memoryschaum","status":"publish","type":"product","link":"https:\/\/www.bojungle.eu\/de\/produkt\/b-cosy-dune-memoryschaum\/","title":{"rendered":"B-Cosy Dune (Memoryschaum)"},"content":{"rendered":"<p><span class=\"a_GcMg font-feature-liga-off font-feature-clig-off font-feature-calt-off text-decoration-none text-strikethrough-none\">Ein ergonomisches Kissen f\u00fcr einen sch\u00f6nen runden Kopf. Das B-Cosy kann von Geburt an verwendet werden und eignet sich f\u00fcr die Phase, in der das Baby auf dem R\u00fccken schl\u00e4ft. Hergestellt aus weicher, atmungsaktiver Baumwolle.  <\/span><\/p>\n<ul>\n<li><span class=\"a_GcMg font-feature-liga-off font-feature-clig-off font-feature-calt-off text-decoration-none text-strikethrough-none\">Memory-Schaum<\/span><\/li>\n<li><span class=\"a_GcMg font-feature-liga-off font-feature-clig-off font-feature-calt-off text-decoration-none text-strikethrough-none\">Weiche, atmungsaktive Baumwolle<\/span><\/li>\n<li><span class=\"a_GcMg font-feature-liga-off font-feature-clig-off font-feature-calt-off text-decoration-none text-strikethrough-none\">Niedliches Design<\/span><\/li>\n<li><span class=\"a_GcMg font-feature-liga-off font-feature-clig-off font-feature-calt-off text-decoration-none text-strikethrough-none\">Maschinenwaschbar 30\u00b0C<\/span><\/li>\n<\/ul>\n<p>&nbsp;<\/p>\n","protected":false},"excerpt":{"rendered":"<p><span class=\"a_GcMg font-feature-liga-off font-feature-clig-off font-feature-calt-off text-decoration-none text-strikethrough-none\">Ein ergonomisches Kissen f\u00fcr einen sch\u00f6nen runden Kopf. Das B-Cosy kann von Geburt an verwendet werden und eignet sich f\u00fcr die Phase, in der das Baby auf dem R\u00fccken schl\u00e4ft. Hergestellt aus weicher, atmungsaktiver Baumwolle.  <\/span><\/p>\n","protected":false},"featured_media":84442,"comment_status":"open","ping_status":"closed","template":"","meta":{"_lmt_disableupdate":"","_lmt_disable":""},"product_brand":[],"product_cat":[800,530],"product_tag":[],"woo-feed-brand":[],"class_list":{"0":"post-84568","1":"product","2":"type-product","3":"status-publish","4":"has-post-thumbnail","6":"product_cat-kopfkissen","7":"product_cat-schlaf","9":"first","10":"instock","11":"taxable","12":"shipping-taxable","13":"purchasable","14":"product-type-simple"},"_links":{"self":[{"href":"https:\/\/www.bojungle.eu\/de\/wp-json\/wp\/v2\/product\/84568","targetHints":{"allow":["GET"]}}],"collection":[{"href":"https:\/\/www.bojungle.eu\/de\/wp-json\/wp\/v2\/product"}],"about":[{"href":"https:\/\/www.bojungle.eu\/de\/wp-json\/wp\/v2\/types\/product"}],"replies":[{"embeddable":true,"href":"https:\/\/www.bojungle.eu\/de\/wp-json\/wp\/v2\/comments?post=84568"}],"version-history":[{"count":0,"href":"https:\/\/www.bojungle.eu\/de\/wp-json\/wp\/v2\/product\/84568\/revisions"}],"wp:featuredmedia":[{"embeddable":true,"href":"https:\/\/www.bojungle.eu\/de\/wp-json\/wp\/v2\/media\/84442"}],"wp:attachment":[{"href":"https:\/\/www.bojungle.eu\/de\/wp-json\/wp\/v2\/media?parent=84568"}],"wp:term":[{"taxonomy":"product_brand","embeddable":true,"href":"https:\/\/www.bojungle.eu\/de\/wp-json\/wp\/v2\/product_brand?post=84568"},{"taxonomy":"product_cat","embeddable":true,"href":"https:\/\/www.bojungle.eu\/de\/wp-json\/wp\/v2\/product_cat?post=84568"},{"taxonomy":"product_tag","embeddable":true,"href":"https:\/\/www.bojungle.eu\/de\/wp-json\/wp\/v2\/product_tag?post=84568"},{"taxonomy":"woo-feed-brand","embeddable":true,"href":"https:\/\/www.bojungle.eu\/de\/wp-json\/wp\/v2\/woo-feed-brand?post=84568"}],"curies":[{"name":"wp","href":"https:\/\/api.w.org\/{rel}","templated":true}]}}