{"id":84817,"date":"2026-01-15T15:13:17","date_gmt":"2026-01-15T14:13:17","guid":{"rendered":"https:\/\/www.bojungle.eu\/product\/potty-bear-nougat\/"},"modified":"2026-04-01T10:23:28","modified_gmt":"2026-04-01T08:23:28","slug":"potty-bear-nougat","status":"publish","type":"product","link":"https:\/\/www.bojungle.eu\/de\/produkt\/potty-bear-nougat\/","title":{"rendered":"Potty Bear Nougat"},"content":{"rendered":"<p>Das Potty Bear Nougat wurde entwickelt, um das T\u00f6pfchentraining f\u00fcr Ihr Kind einfacher, bequemer und einladender zu gestalten.<\/p>\n<p>Mit seinem niedlichen, von einem B\u00e4ren inspirierten Design und der sanften Farbe Nougat ermutigt dieses Lernt\u00f6pfchen Kinder dazu, ihre ersten Schritte in Richtung selbstst\u00e4ndiges Toilettentraining auf spielerische und beruhigende Weise zu machen.<\/p>\n<p>Der ergonomische Sitz und die st\u00fctzende R\u00fcckenlehne helfen Ihrem Kind, bequem zu sitzen, w\u00e4hrend die stabile Basis zus\u00e4tzliche Sicherheit w\u00e4hrend der Nutzung bietet. Dank des herausnehmbaren Innentopfes ist die Reinigung schnell und einfach, wodurch dieses T\u00f6pfchen besonders praktisch f\u00fcr den t\u00e4glichen Gebrauch zu Hause ist. <\/p>\n<p>Das Potty Bear Nougat ist eine stilvolle und funktionale L\u00f6sung f\u00fcr das T\u00f6pfchentraining, ideal f\u00fcr Eltern, die Wert auf Komfort, Benutzerfreundlichkeit und ein kindgerechtes Design legen.<\/p>\n<p>\u2022 Kindgerechtes Design f\u00fcr das T\u00f6pfchentraining<br \/>\n\u2022 Bequemer ergonomischer Sitz<br \/>\n\u2022 St\u00fctzende R\u00fcckenlehne<br \/>\n\u2022 Herausnehmbarer Innentopf f\u00fcr einfache Reinigung<br \/>\n\u2022 Stabile Basis f\u00fcr mehr Sicherheit bei der Nutzung<br \/>\n\u2022 Ideal f\u00fcr das t\u00e4gliche T\u00f6pfchentraining<br \/>\n\u2022 Stilvolle Farbe Nougat<\/p>\n","protected":false},"excerpt":{"rendered":"<p>Machen Sie das T\u00f6pfchentraining mit dem Potty Bear Nougat bequemer und spielerischer.<br \/>\nDieses kindgerechte Lernt\u00f6pfchen verf\u00fcgt \u00fcber eine komfortable R\u00fcckenlehne, einen herausnehmbaren Innentopf f\u00fcr eine einfache Reinigung und ein stabiles Design, damit sich Ihr Kind bei jedem Schritt des T\u00f6pfchentrainings sicher und geborgen f\u00fchlt.<\/p>\n","protected":false},"featured_media":84699,"comment_status":"open","ping_status":"closed","template":"","meta":{"_lmt_disableupdate":"","_lmt_disable":""},"product_brand":[],"product_cat":[514,544],"product_tag":[1461,1457,1460,1459,1455,1462,1458,1456],"woo-feed-brand":[],"class_list":{"0":"post-84817","1":"product","2":"type-product","3":"status-publish","4":"has-post-thumbnail","6":"product_cat-korperpflege","7":"product_cat-toilettenartikel","8":"product_tag-abnehmbares-topfchen","9":"product_tag-kinder-toilette","10":"product_tag-kleinkind-toilette","11":"product_tag-salbeigrunes-topfchen","12":"product_tag-stubenreinheit","13":"product_tag-topfchen-mit-ruckenlehne","14":"product_tag-topfchenbar","15":"product_tag-trainings-topfchen","17":"first","18":"outofstock","19":"taxable","20":"shipping-taxable","21":"purchasable","22":"product-type-simple"},"_links":{"self":[{"href":"https:\/\/www.bojungle.eu\/de\/wp-json\/wp\/v2\/product\/84817","targetHints":{"allow":["GET"]}}],"collection":[{"href":"https:\/\/www.bojungle.eu\/de\/wp-json\/wp\/v2\/product"}],"about":[{"href":"https:\/\/www.bojungle.eu\/de\/wp-json\/wp\/v2\/types\/product"}],"replies":[{"embeddable":true,"href":"https:\/\/www.bojungle.eu\/de\/wp-json\/wp\/v2\/comments?post=84817"}],"version-history":[{"count":1,"href":"https:\/\/www.bojungle.eu\/de\/wp-json\/wp\/v2\/product\/84817\/revisions"}],"predecessor-version":[{"id":85426,"href":"https:\/\/www.bojungle.eu\/de\/wp-json\/wp\/v2\/product\/84817\/revisions\/85426"}],"wp:featuredmedia":[{"embeddable":true,"href":"https:\/\/www.bojungle.eu\/de\/wp-json\/wp\/v2\/media\/84699"}],"wp:attachment":[{"href":"https:\/\/www.bojungle.eu\/de\/wp-json\/wp\/v2\/media?parent=84817"}],"wp:term":[{"taxonomy":"product_brand","embeddable":true,"href":"https:\/\/www.bojungle.eu\/de\/wp-json\/wp\/v2\/product_brand?post=84817"},{"taxonomy":"product_cat","embeddable":true,"href":"https:\/\/www.bojungle.eu\/de\/wp-json\/wp\/v2\/product_cat?post=84817"},{"taxonomy":"product_tag","embeddable":true,"href":"https:\/\/www.bojungle.eu\/de\/wp-json\/wp\/v2\/product_tag?post=84817"},{"taxonomy":"woo-feed-brand","embeddable":true,"href":"https:\/\/www.bojungle.eu\/de\/wp-json\/wp\/v2\/woo-feed-brand?post=84817"}],"curies":[{"name":"wp","href":"https:\/\/api.w.org\/{rel}","templated":true}]}}