{"id":84831,"date":"2026-01-15T15:04:40","date_gmt":"2026-01-15T14:04:40","guid":{"rendered":"https:\/\/www.bojungle.eu\/product\/potty-bear-grey\/"},"modified":"2026-01-15T15:19:35","modified_gmt":"2026-01-15T14:19:35","slug":"potty-bear-grey","status":"publish","type":"product","link":"https:\/\/www.bojungle.eu\/de\/produkt\/potty-bear-grey\/","title":{"rendered":"Potty Bear Grey"},"content":{"rendered":"<p><span class=\"a_GcMg font-feature-liga-off font-feature-clig-off font-feature-calt-off text-decoration-none text-strikethrough-none\">Stubenreinheit hat noch nie so viel Spa\u00df gemacht! Wie s\u00fc\u00df sind diese B\u00e4ren-T\u00f6pfchen? Attraktiv f\u00fcr Ihr Kleines, leicht zu reinigen dank des abnehmbaren T\u00f6pfchens und bequem dank der stabilen R\u00fcckenlehne und rutschfesten F\u00fc\u00dfen.  <\/span><\/p>\n<ul>\n<li><span class=\"a_GcMg font-feature-liga-off font-feature-clig-off font-feature-calt-off text-decoration-none text-strikethrough-none\">Attraktives Design<\/span><\/li>\n<li><span class=\"a_GcMg font-feature-liga-off font-feature-clig-off font-feature-calt-off text-decoration-none text-strikethrough-none\">Leicht zu reinigen<\/span><\/li>\n<li><span class=\"a_GcMg font-feature-liga-off font-feature-clig-off font-feature-calt-off text-decoration-none text-strikethrough-none\">Herausnehmbares T\u00f6pfchen<\/span><\/li>\n<li><span class=\"a_GcMg font-feature-liga-off font-feature-clig-off font-feature-calt-off text-decoration-none text-strikethrough-none\">Bequeme Sitzgelegenheiten dank der stabilen R\u00fcckenlehne<\/span><\/li>\n<li><span class=\"a_GcMg font-feature-liga-off font-feature-clig-off font-feature-calt-off text-decoration-none text-strikethrough-none\">Anti-Rutsch-F\u00fc\u00dfe<\/span><\/li>\n<li><span class=\"a_GcMg font-feature-liga-off font-feature-clig-off font-feature-calt-off text-decoration-none text-strikethrough-none\">Waschbare Polster als Toilettensitz<\/span><\/li>\n<\/ul>\n","protected":false},"excerpt":{"rendered":"<p><span class=\"a_GcMg font-feature-liga-off font-feature-clig-off font-feature-calt-off text-decoration-none text-strikethrough-none\">Stubenreinheit hat noch nie so viel Spa\u00df gemacht! Wie s\u00fc\u00df sind diese B\u00e4ren-T\u00f6pfchen? Attraktiv f\u00fcr Ihr Kleines, leicht zu reinigen dank des abnehmbaren T\u00f6pfchens und bequem dank der stabilen R\u00fcckenlehne und rutschfesten F\u00fc\u00dfen.  <\/span><\/p>\n","protected":false},"featured_media":84575,"comment_status":"open","ping_status":"closed","template":"","meta":{"_lmt_disableupdate":"","_lmt_disable":""},"product_brand":[],"product_cat":[514,544],"product_tag":[],"woo-feed-brand":[],"class_list":{"0":"post-84831","1":"product","2":"type-product","3":"status-publish","4":"has-post-thumbnail","6":"product_cat-korperpflege","7":"product_cat-toilettenartikel","9":"first","10":"instock","11":"taxable","12":"shipping-taxable","13":"purchasable","14":"product-type-simple"},"_links":{"self":[{"href":"https:\/\/www.bojungle.eu\/de\/wp-json\/wp\/v2\/product\/84831","targetHints":{"allow":["GET"]}}],"collection":[{"href":"https:\/\/www.bojungle.eu\/de\/wp-json\/wp\/v2\/product"}],"about":[{"href":"https:\/\/www.bojungle.eu\/de\/wp-json\/wp\/v2\/types\/product"}],"replies":[{"embeddable":true,"href":"https:\/\/www.bojungle.eu\/de\/wp-json\/wp\/v2\/comments?post=84831"}],"version-history":[{"count":0,"href":"https:\/\/www.bojungle.eu\/de\/wp-json\/wp\/v2\/product\/84831\/revisions"}],"wp:featuredmedia":[{"embeddable":true,"href":"https:\/\/www.bojungle.eu\/de\/wp-json\/wp\/v2\/media\/84575"}],"wp:attachment":[{"href":"https:\/\/www.bojungle.eu\/de\/wp-json\/wp\/v2\/media?parent=84831"}],"wp:term":[{"taxonomy":"product_brand","embeddable":true,"href":"https:\/\/www.bojungle.eu\/de\/wp-json\/wp\/v2\/product_brand?post=84831"},{"taxonomy":"product_cat","embeddable":true,"href":"https:\/\/www.bojungle.eu\/de\/wp-json\/wp\/v2\/product_cat?post=84831"},{"taxonomy":"product_tag","embeddable":true,"href":"https:\/\/www.bojungle.eu\/de\/wp-json\/wp\/v2\/product_tag?post=84831"},{"taxonomy":"woo-feed-brand","embeddable":true,"href":"https:\/\/www.bojungle.eu\/de\/wp-json\/wp\/v2\/woo-feed-brand?post=84831"}],"curies":[{"name":"wp","href":"https:\/\/api.w.org\/{rel}","templated":true}]}}