{"id":43221,"date":"2022-05-29T11:13:52","date_gmt":"2022-05-29T09:13:52","guid":{"rendered":"https:\/\/bojungle.eu\/shop\/product\/b-cosy-%ce%bc%cf%80%ce%bb%ce%b5-jersey\/"},"modified":"2024-08-21T12:51:46","modified_gmt":"2024-08-21T10:51:46","slug":"b-cosy-blue-jersey","status":"publish","type":"product","link":"https:\/\/www.bojungle.eu\/el\/product\/b-cosy-blue-jersey\/","title":{"rendered":"B-Cosy Jersey Blue"},"content":{"rendered":"<p>P\u0159edstavujeme ergonomick\u00fd pol\u0161t\u00e1\u0159ek B-Cosy Jersey Blue, dokonal\u00e9 \u0159e\u0161en\u00ed, kter\u00e9 zajist\u00ed, \u017ee hlavi\u010dka va\u0161eho d\u00edt\u011bte z\u016fstane kr\u00e1sn\u011b kulat\u00e1 a dob\u0159e podep\u0159en\u00e1 od prvn\u00edho dne. \u03a3\u03c7\u03b5\u03b4\u03b9\u03b1\u03c3\u03bc\u03ad\u03bd\u03bf \u03bc\u03b5 \u03b3\u03bd\u03ce\u03bc\u03bf\u03bd\u03b1 \u03c4\u03b7\u03bd \u03ac\u03bd\u03b5\u03c3\u03b7 \u03ba\u03b1\u03b9 \u03c4\u03b7\u03bd \u03c5\u03b3\u03b5\u03af\u03b1 \u03c4\u03bf\u03c5 \u03c0\u03b1\u03b9\u03b4\u03b9\u03bf\u03cd \u03c3\u03b1\u03c2, \u03b1\u03c5\u03c4\u03cc \u03c4\u03bf \u03b5\u03c5\u03ad\u03bb\u03b9\u03ba\u03c4\u03bf \u03bc\u03b1\u03be\u03b9\u03bb\u03ac\u03c1\u03b9 \u03b5\u03af\u03bd\u03b1\u03b9 \u03b9\u03b4\u03b1\u03bd\u03b9\u03ba\u03cc \u03b3\u03b9\u03b1 \u03c7\u03c1\u03ae\u03c3\u03b7 \u03c3\u03b5 \u03ba\u03b1\u03c1\u03bf\u03c4\u03c3\u03ac\u03ba\u03b9\u03b1, \u03ba\u03b1\u03b8\u03af\u03c3\u03bc\u03b1\u03c4\u03b1 \u03b1\u03c5\u03c4\u03bf\u03ba\u03b9\u03bd\u03ae\u03c4\u03bf\u03c5, \u03ba\u03bf\u03cd\u03bd\u03b9\u03b5\u03c2, \u03c8\u03b5\u03c5\u03c4\u03bf\u03c0\u03b1\u03bb\u03bb\u03b9\u03ba\u03b1\u03c1\u03ac\u03ba\u03b9\u03b1, \u03c0\u03b1\u03b9\u03b4\u03b9\u03ba\u03ac \u03ba\u03c1\u03b5\u03b2\u03ac\u03c4\u03b9\u03b1 \u03ba\u03b1\u03b9 \u03b2\u03c1\u03b5\u03c6\u03b9\u03ba\u03ad\u03c2 \u03ba\u03bf\u03cd\u03bd\u03b9\u03b5\u03c2. <strong>\u0392\u03b1\u03c3\u03b9\u03ba\u03ac \u03c7\u03b1\u03c1\u03b1\u03ba\u03c4\u03b7\u03c1\u03b9\u03c3\u03c4\u03b9\u03ba\u03ac:<\/strong><\/p>\n<ul>\n<li><strong>\u0395\u03c1\u03b3\u03bf\u03bd\u03bf\u03bc\u03b9\u03ba\u03cc\u03c2 \u03c3\u03c7\u03b5\u03b4\u03b9\u03b1\u03c3\u03bc\u03cc\u03c2:<\/strong> \u0394\u03b9\u03b1\u03bc\u03bf\u03c1\u03c6\u03c9\u03bc\u03ad\u03bd\u03bf \u03bc\u03b5 \u03b5\u03bc\u03c0\u03b5\u03b9\u03c1\u03bf\u03b3\u03bd\u03c9\u03bc\u03bf\u03c3\u03cd\u03bd\u03b7 \u03b3\u03b9\u03b1 \u03bd\u03b1 \u03c0\u03b5\u03c1\u03b9\u03b2\u03ac\u03bb\u03bb\u03b5\u03b9 \u03c4\u03bf \u03ba\u03b5\u03c6\u03ac\u03bb\u03b9 \u03c4\u03bf\u03c5 \u03bc\u03c9\u03c1\u03bf\u03cd \u03c3\u03b1\u03c2 \u03ba\u03b1\u03b9 \u03bd\u03b1 \u03ba\u03b1\u03c4\u03b1\u03bd\u03ad\u03bc\u03b5\u03b9 \u03bf\u03bc\u03bf\u03b9\u03cc\u03bc\u03bf\u03c1\u03c6\u03b1 \u03c4\u03b7\u03bd \u03c0\u03af\u03b5\u03c3\u03b7, \u03b1\u03c0\u03bf\u03c4\u03c1\u03ad\u03c0\u03bf\u03bd\u03c4\u03b1\u03c2 \u03c4\u03bf \u03c3\u03cd\u03bd\u03b4\u03c1\u03bf\u03bc\u03bf \u03c4\u03b7\u03c2 \u03b5\u03c0\u03af\u03c0\u03b5\u03b4\u03b7\u03c2 \u03ba\u03b5\u03c6\u03b1\u03bb\u03ae\u03c2.<\/li>\n<li><strong>\u03a7\u03c1\u03b7\u03c3\u03b9\u03bc\u03bf\u03c0\u03bf\u03b9\u03b5\u03af\u03c4\u03b1\u03b9 \u03b1\u03c0\u03cc \u03c4\u03b7 \u03b3\u03ad\u03bd\u03bd\u03b7\u03c3\u03b7:<\/strong> \u039a\u03b1\u03c4\u03ac\u03bb\u03bb\u03b7\u03bb\u03bf \u03b3\u03b9\u03b1 \u03bd\u03b5\u03bf\u03b3\u03ad\u03bd\u03bd\u03b7\u03c4\u03b1, \u03c0\u03b1\u03c1\u03ad\u03c7\u03bf\u03bd\u03c4\u03b1\u03c2 \u03bf\u03c5\u03c3\u03b9\u03b1\u03c3\u03c4\u03b9\u03ba\u03ae \u03c5\u03c0\u03bf\u03c3\u03c4\u03ae\u03c1\u03b9\u03be\u03b7 \u03ba\u03b1\u03c4\u03ac \u03c4\u03b7 \u03b4\u03b9\u03ac\u03c1\u03ba\u03b5\u03b9\u03b1 \u03b1\u03c5\u03c4\u03ce\u03bd \u03c4\u03c9\u03bd \u03ba\u03c1\u03af\u03c3\u03b9\u03bc\u03c9\u03bd \u03c0\u03c1\u03ce\u03c4\u03c9\u03bd \u03bc\u03b7\u03bd\u03ce\u03bd.<\/li>\n<li><strong>\u039c\u03b1\u03bb\u03b1\u03ba\u03ac \u03ba\u03b1\u03b9 \u03b1\u03bd\u03b1\u03c0\u03bd\u03b5\u03cd\u03c3\u03b9\u03bc\u03b1 \u03c5\u03bb\u03b9\u03ba\u03ac: <\/strong> \u03c0\u03bf\u03c5 \u03ba\u03c1\u03b1\u03c4\u03bf\u03cd\u03bd \u03c4\u03bf \u03bc\u03c9\u03c1\u03cc \u03c3\u03b1\u03c2 \u03b4\u03c1\u03bf\u03c3\u03b5\u03c1\u03cc \u03ba\u03b1\u03b9 \u03ac\u03bd\u03b5\u03c4\u03bf, \u03b1\u03bd\u03b5\u03be\u03ac\u03c1\u03c4\u03b7\u03c4\u03b1 \u03b1\u03c0\u03cc \u03c4\u03b7\u03bd \u03b5\u03c0\u03bf\u03c7\u03ae.<\/li>\n<li><strong>\u0395\u03c5\u03ad\u03bb\u03b9\u03ba\u03c4\u03b7 \u03c7\u03c1\u03ae\u03c3\u03b7: <\/strong> \u03a4\u03b1\u03b9\u03c1\u03b9\u03ac\u03b6\u03b5\u03b9 \u03ac\u03c8\u03bf\u03b3\u03b1 \u03c3\u03b5 \u03ba\u03b1\u03c1\u03bf\u03c4\u03c3\u03ac\u03ba\u03b9\u03b1, \u03ba\u03b1\u03b8\u03af\u03c3\u03bc\u03b1\u03c4\u03b1 \u03b1\u03c5\u03c4\u03bf\u03ba\u03b9\u03bd\u03ae\u03c4\u03bf\u03c5, \u03ba\u03bf\u03cd\u03bd\u03b9\u03b5\u03c2, \u03c8\u03b5\u03c5\u03c4\u03bf\u03c0\u03b1\u03bb\u03bb\u03b9\u03ba\u03b1\u03c1\u03ac\u03ba\u03b9\u03b1, \u03c0\u03b1\u03b9\u03b4\u03b9\u03ba\u03ac \u03ba\u03c1\u03b5\u03b2\u03ac\u03c4\u03b9\u03b1 \u03ba\u03b1\u03b9 \u03b2\u03c1\u03b5\u03c6\u03b9\u03ba\u03ad\u03c2 \u03ba\u03bf\u03cd\u03bd\u03b9\u03b5\u03c2, \u03ba\u03b1\u03b8\u03b9\u03c3\u03c4\u03ce\u03bd\u03c4\u03b1\u03c2 \u03c4\u03bf \u03bc\u03b9\u03b1 \u03b2\u03bf\u03bb\u03b9\u03ba\u03ae \u03b5\u03c0\u03b9\u03bb\u03bf\u03b3\u03ae \u03b3\u03b9\u03b1 \u03c0\u03bf\u03bb\u03c5\u03ac\u03c3\u03c7\u03bf\u03bb\u03bf\u03c5\u03c2 \u03b3\u03bf\u03bd\u03b5\u03af\u03c2 \u03b5\u03bd \u03ba\u03b9\u03bd\u03ae\u03c3\u03b5\u03b9.<\/li>\n<li><strong>\u0395\u03cd\u03ba\u03bf\u03bb\u03bf \u03c3\u03c4\u03bf \u03ba\u03b1\u03b8\u03ac\u03c1\u03b9\u03c3\u03bc\u03b1: <\/strong> \u03a4\u03b1 \u03c5\u03bb\u03b9\u03ba\u03ac \u03c4\u03bf\u03c5 \u03bc\u03b1\u03be\u03b9\u03bb\u03b1\u03c1\u03b9\u03bf\u03cd \u03b4\u03b5\u03bd \u03b5\u03af\u03bd\u03b1\u03b9 \u03bc\u03cc\u03bd\u03bf \u03b1\u03c0\u03b1\u03bb\u03ac \u03b3\u03b9\u03b1 \u03c4\u03bf \u03b4\u03ad\u03c1\u03bc\u03b1 \u03c4\u03bf\u03c5 \u03bc\u03c9\u03c1\u03bf\u03cd \u03c3\u03b1\u03c2, \u03b1\u03bb\u03bb\u03ac \u03ba\u03b1\u03b9 \u03b5\u03cd\u03ba\u03bf\u03bb\u03b1 \u03c3\u03c4\u03bf \u03c0\u03bb\u03cd\u03c3\u03b9\u03bc\u03bf, \u03b5\u03be\u03b1\u03c3\u03c6\u03b1\u03bb\u03af\u03b6\u03bf\u03bd\u03c4\u03b1\u03c2 \u03cc\u03c4\u03b9 \u03c0\u03b1\u03c1\u03b1\u03bc\u03ad\u03bd\u03b5\u03b9 \u03c6\u03c1\u03ad\u03c3\u03ba\u03bf \u03ba\u03b1\u03b9 \u03c5\u03b3\u03b9\u03b5\u03b9\u03bd\u03cc<\/li>\n<\/ul>\n<p> Dop\u0159ejte sv\u00e9mu d\u00edt\u011bti ten nejlep\u0161\u00ed start s ergonomick\u00fdm pol\u0161t\u00e1\u0159em B-Cosy Jersey Blue, ve kter\u00e9m se pohodl\u00ed snoub\u00ed s prakti\u010dnost\u00ed. \u0388\u03bd\u03b1 must-have \u03b3\u03b9\u03b1 \u03ba\u03ac\u03b8\u03b5 \u03b3\u03bf\u03bd\u03ad\u03b1 \u03c0\u03bf\u03c5 \u03b5\u03af\u03bd\u03b1\u03b9 \u03b1\u03c6\u03bf\u03c3\u03b9\u03c9\u03bc\u03ad\u03bd\u03bf\u03c2 \u03c3\u03c4\u03b7\u03bd \u03b5\u03c5\u03b7\u03bc\u03b5\u03c1\u03af\u03b1 \u03ba\u03b1\u03b9 \u03c4\u03b7\u03bd \u03b5\u03c5\u03c4\u03c5\u03c7\u03af\u03b1 \u03c4\u03bf\u03c5 \u03bc\u03c9\u03c1\u03bf\u03cd \u03c4\u03bf\u03c5.<\/p>\n","protected":false},"excerpt":{"rendered":"<div class=\"elementor-element elementor-element-80cf67d elementor-widget elementor-widget-jet-single-excerpt\" data-id=\"80cf67d\" data-element_type=\"widget\" data-widget_type=\"jet-single-excerpt.default\">\n<div class=\"elementor-widget-container\">\n<div class=\"elementor-jet-single-excerpt jet-woo-builder\">\n<div class=\"woocommerce-product-details__short-description\">\n<div class=\"elementor-element elementor-element-80cf67d elementor-widget elementor-widget-jet-single-excerpt\" data-id=\"80cf67d\" data-element_type=\"widget\" data-widget_type=\"jet-single-excerpt.default\">\n<div class=\"elementor-widget-container\">\n<div class=\"elementor-jet-single-excerpt jet-woo-builder\">\n<div class=\"woocommerce-product-details__short-description\">\n<div class=\"flex flex-grow flex-col max-w-full\">\n<div class=\"min-h-[20px] text-message flex flex-col items-start whitespace-pre-wrap break-words [.text-message+&amp;]:mt-5 juice:w-full juice:items-end overflow-x-auto gap-2\" dir=\"auto\" data-message-author-role=\"assistant\" data-message-id=\"cf4d27f0-e94a-46af-ad1f-544928a89c38\">\n<div class=\"flex w-full flex-col gap-1 juice:empty:hidden juice:first:pt-[3px]\">\n<div class=\"markdown prose w-full break-words dark:prose-invert light\"> Ergonomick\u00fd pol\u0161t\u00e1\u0159ek B-Cosy Jersey Blue zajist\u00ed, aby hlavi\u010dka va\u0161eho d\u00edt\u011bte z\u016fstala kr\u00e1sn\u011b kulat\u00e1. \u039a\u03b1\u03c4\u03ac\u03bb\u03bb\u03b7\u03bb\u03bf \u03b1\u03c0\u03cc \u03c4\u03b7 \u03b3\u03ad\u03bd\u03bd\u03b7\u03c3\u03b7, \u03b1\u03c5\u03c4\u03cc \u03c4\u03bf \u03bc\u03b1\u03be\u03b9\u03bb\u03ac\u03c1\u03b9 \u03c0\u03b1\u03c1\u03ad\u03c7\u03b5\u03b9 \u03bf\u03c5\u03c3\u03b9\u03b1\u03c3\u03c4\u03b9\u03ba\u03ae \u03c5\u03c0\u03bf\u03c3\u03c4\u03ae\u03c1\u03b9\u03be\u03b7 \u03bc\u03b5 \u03c4\u03bf\u03bd \u03b5\u03c1\u03b3\u03bf\u03bd\u03bf\u03bc\u03b9\u03ba\u03cc \u03c3\u03c7\u03b5\u03b4\u03b9\u03b1\u03c3\u03bc\u03cc \u03c4\u03bf\u03c5. \u039a\u03b1\u03c4\u03b1\u03c3\u03ba\u03b5\u03c5\u03b1\u03c3\u03bc\u03ad\u03bd\u03bf \u03b1\u03c0\u03cc \u03bc\u03b1\u03bb\u03b1\u03ba\u03ac, \u03b1\u03bd\u03b1\u03c0\u03bd\u03ad\u03bf\u03bd\u03c4\u03b1 \u03c5\u03bb\u03b9\u03ba\u03ac, \u03ba\u03c1\u03b1\u03c4\u03ac\u03b5\u03b9 \u03c4\u03bf \u03bc\u03c9\u03c1\u03cc \u03c3\u03b1\u03c2 \u03ac\u03bd\u03b5\u03c4\u03bf \u03c3\u03b5 \u03ba\u03b1\u03c1\u03bf\u03c4\u03c3\u03ac\u03ba\u03b9\u03b1, \u03ba\u03b1\u03b8\u03af\u03c3\u03bc\u03b1\u03c4\u03b1 \u03b1\u03c5\u03c4\u03bf\u03ba\u03b9\u03bd\u03ae\u03c4\u03bf\u03c5, \u03ba\u03bf\u03cd\u03bd\u03b9\u03b5\u03c2, \u03c6\u03bf\u03c5\u03c3\u03ba\u03c9\u03c4\u03ad\u03c2 \u03ba\u03bf\u03cd\u03bd\u03b9\u03b5\u03c2, \u03c0\u03b1\u03b9\u03b4\u03b9\u03ba\u03ac \u03ba\u03c1\u03b5\u03b2\u03ac\u03c4\u03b9\u03b1 \u03ba\u03b1\u03b9 \u03b2\u03c1\u03b5\u03c6\u03b9\u03ba\u03ad\u03c2 \u03ba\u03bf\u03cd\u03bd\u03b9\u03b5\u03c2. \u0395\u03cd\u03ba\u03bf\u03bb\u03bf \u03c3\u03c4\u03bf \u03ba\u03b1\u03b8\u03ac\u03c1\u03b9\u03c3\u03bc\u03b1 \u03ba\u03b1\u03b9 \u03b9\u03b4\u03b1\u03bd\u03b9\u03ba\u03cc \u03b3\u03b9\u03b1 \u03c4\u03bf\u03c5\u03c2 \u03b3\u03bf\u03bd\u03b5\u03af\u03c2 \u03c0\u03bf\u03c5 \u03b2\u03c1\u03af\u03c3\u03ba\u03bf\u03bd\u03c4\u03b1\u03b9 \u03b5\u03bd \u03ba\u03b9\u03bd\u03ae\u03c3\u03b5\u03b9, \u03b5\u03af\u03bd\u03b1\u03b9 \u03ad\u03bd\u03b1 must-have \u03b3\u03b9\u03b1 \u03c4\u03b7\u03bd \u03b5\u03c5\u03b7\u03bc\u03b5\u03c1\u03af\u03b1 \u03c4\u03bf\u03c5 \u03bc\u03c9\u03c1\u03bf\u03cd \u03c3\u03b1\u03c2. <\/div>\n<\/div>\n<\/div>\n<\/div>\n<\/div>\n<\/div>\n<\/div>\n<\/div>\n<\/div>\n<\/div>\n<\/div>\n<\/div>\n","protected":false},"featured_media":76021,"comment_status":"closed","ping_status":"closed","template":"","meta":{"_lmt_disableupdate":"","_lmt_disable":""},"product_brand":[],"product_cat":[802,623,534],"product_tag":[],"woo-feed-brand":[],"class_list":{"0":"post-43221","1":"product","2":"type-product","3":"status-publish","4":"has-post-thumbnail","6":"product_cat-802","7":"product_cat-623","8":"product_cat-534","10":"first","11":"instock","12":"taxable","13":"shipping-taxable","14":"purchasable","15":"product-type-simple"},"_links":{"self":[{"href":"https:\/\/www.bojungle.eu\/el\/wp-json\/wp\/v2\/product\/43221","targetHints":{"allow":["GET"]}}],"collection":[{"href":"https:\/\/www.bojungle.eu\/el\/wp-json\/wp\/v2\/product"}],"about":[{"href":"https:\/\/www.bojungle.eu\/el\/wp-json\/wp\/v2\/types\/product"}],"replies":[{"embeddable":true,"href":"https:\/\/www.bojungle.eu\/el\/wp-json\/wp\/v2\/comments?post=43221"}],"version-history":[{"count":1,"href":"https:\/\/www.bojungle.eu\/el\/wp-json\/wp\/v2\/product\/43221\/revisions"}],"predecessor-version":[{"id":76047,"href":"https:\/\/www.bojungle.eu\/el\/wp-json\/wp\/v2\/product\/43221\/revisions\/76047"}],"wp:featuredmedia":[{"embeddable":true,"href":"https:\/\/www.bojungle.eu\/el\/wp-json\/wp\/v2\/media\/76021"}],"wp:attachment":[{"href":"https:\/\/www.bojungle.eu\/el\/wp-json\/wp\/v2\/media?parent=43221"}],"wp:term":[{"taxonomy":"product_brand","embeddable":true,"href":"https:\/\/www.bojungle.eu\/el\/wp-json\/wp\/v2\/product_brand?post=43221"},{"taxonomy":"product_cat","embeddable":true,"href":"https:\/\/www.bojungle.eu\/el\/wp-json\/wp\/v2\/product_cat?post=43221"},{"taxonomy":"product_tag","embeddable":true,"href":"https:\/\/www.bojungle.eu\/el\/wp-json\/wp\/v2\/product_tag?post=43221"},{"taxonomy":"woo-feed-brand","embeddable":true,"href":"https:\/\/www.bojungle.eu\/el\/wp-json\/wp\/v2\/woo-feed-brand?post=43221"}],"curies":[{"name":"wp","href":"https:\/\/api.w.org\/{rel}","templated":true}]}}