{"id":77314,"date":"2024-09-04T16:33:14","date_gmt":"2024-09-04T14:33:14","guid":{"rendered":"https:\/\/www.bojungle.eu\/?post_type=product&#038;p=77314"},"modified":"2024-09-19T10:48:34","modified_gmt":"2024-09-19T08:48:34","slug":"grow-with-me-bouncer-%ce%ba%ce%b1%ce%b8%ce%b1%cf%81%cf%8c-%ce%bb%ce%b5%cf%85%ce%ba%cf%8c-kopie","status":"publish","type":"product","link":"https:\/\/www.bojungle.eu\/el\/product\/grow-with-me-bouncer-%ce%ba%ce%b1%ce%b8%ce%b1%cf%81%cf%8c-%ce%bb%ce%b5%cf%85%ce%ba%cf%8c-kopie\/","title":{"rendered":"Grow With Me Babywippe Shady Grey"},"content":{"rendered":"<div class=\"flex max-w-full flex-col flex-grow\">\n<div class=\"min-h-[20px] text-message flex w-full flex-col items-end gap-2 break-words [.text-message+&amp;]:mt-5 overflow-x-auto whitespace-normal\" dir=\"auto\" data-message-author-role=\"assistant\" data-message-id=\"d7faf530-0734-48f0-96fc-80ad607d2a5f\">\n<div class=\"flex w-full flex-col gap-1 empty:hidden first:pt-[3px]\">\n<div class=\"markdown prose w-full break-words dark:prose-invert light\"> Lernen Sie unsere Grow With Me Babywippe Shady Grey kennen &#8211; ein einfacher und stilvoller Sitz f\u00fcr Ihr Baby. Er ist perfekt, um Ihr Kleines ausruhen zu lassen oder um ihn w\u00e4hrend der Mahlzeiten am Grow With Me Hochstuhl zu befestigen. Die Babywippe verf\u00fcgt \u00fcber einen Sicherheitsgurt, der Ihr Baby sicher h\u00e4lt, ein weiches Kissen, das Sie abnehmen k\u00f6nnen, und l\u00e4sst sich zur einfachen Aufbewahrung klein zusammenlegen. Der Bezug ist maschinenwaschbar, so dass er leicht zu reinigen ist. Diese Babywippe vereint Komfort und Bequemlichkeit in einem eleganten Design und ist somit eine gro\u00dfartige Erg\u00e4nzung f\u00fcr Ihr Zuhause. <strong>Bitte beachten Sie, dass der Hochstuhl nicht im Lieferumfang enthalten ist, sondern separat erworben werden muss.<\/strong>    <\/p>\n<\/div>\n<\/div>\n<\/div>\n<\/div>\n","protected":false},"excerpt":{"rendered":"<p>Unsere Grow With Me Babywippe Shady Grey ist die perfekte Kombination aus Funktionalit\u00e4t und Design. Sie kann als wuscheliger Stuhl f\u00fcr Ihr Kleines zum Einschlafen oder als Newborn-Sitz f\u00fcr den Grow With Me Hochstuhl am Tisch verwendet werden. <\/p>\n","protected":false},"featured_media":77396,"comment_status":"closed","ping_status":"closed","template":"","meta":{"_lmt_disableupdate":"","_lmt_disable":""},"product_brand":[],"product_cat":[532],"product_tag":[],"woo-feed-brand":[],"class_list":{"0":"post-77314","1":"product","2":"type-product","3":"status-publish","4":"has-post-thumbnail","6":"product_cat---rockers","8":"first","9":"instock","10":"taxable","11":"shipping-taxable","12":"purchasable","13":"product-type-simple"},"_links":{"self":[{"href":"https:\/\/www.bojungle.eu\/el\/wp-json\/wp\/v2\/product\/77314","targetHints":{"allow":["GET"]}}],"collection":[{"href":"https:\/\/www.bojungle.eu\/el\/wp-json\/wp\/v2\/product"}],"about":[{"href":"https:\/\/www.bojungle.eu\/el\/wp-json\/wp\/v2\/types\/product"}],"replies":[{"embeddable":true,"href":"https:\/\/www.bojungle.eu\/el\/wp-json\/wp\/v2\/comments?post=77314"}],"version-history":[{"count":1,"href":"https:\/\/www.bojungle.eu\/el\/wp-json\/wp\/v2\/product\/77314\/revisions"}],"predecessor-version":[{"id":77447,"href":"https:\/\/www.bojungle.eu\/el\/wp-json\/wp\/v2\/product\/77314\/revisions\/77447"}],"wp:featuredmedia":[{"embeddable":true,"href":"https:\/\/www.bojungle.eu\/el\/wp-json\/wp\/v2\/media\/77396"}],"wp:attachment":[{"href":"https:\/\/www.bojungle.eu\/el\/wp-json\/wp\/v2\/media?parent=77314"}],"wp:term":[{"taxonomy":"product_brand","embeddable":true,"href":"https:\/\/www.bojungle.eu\/el\/wp-json\/wp\/v2\/product_brand?post=77314"},{"taxonomy":"product_cat","embeddable":true,"href":"https:\/\/www.bojungle.eu\/el\/wp-json\/wp\/v2\/product_cat?post=77314"},{"taxonomy":"product_tag","embeddable":true,"href":"https:\/\/www.bojungle.eu\/el\/wp-json\/wp\/v2\/product_tag?post=77314"},{"taxonomy":"woo-feed-brand","embeddable":true,"href":"https:\/\/www.bojungle.eu\/el\/wp-json\/wp\/v2\/woo-feed-brand?post=77314"}],"curies":[{"name":"wp","href":"https:\/\/api.w.org\/{rel}","templated":true}]}}