{"id":41832,"date":"2022-05-29T09:55:52","date_gmt":"2022-05-29T09:55:52","guid":{"rendered":"https:\/\/dev.authority.biz\/boj\/politica-de-privacidad\/"},"modified":"2023-02-06T12:30:31","modified_gmt":"2023-02-06T12:30:31","slug":"politica-de-privacidad","status":"publish","type":"page","link":"https:\/\/www.bojungle.eu\/es\/politica-de-privacidad\/","title":{"rendered":"Pol\u00edtica de privacidad"},"content":{"rendered":"\t\t<div data-elementor-type=\"wp-page\" data-elementor-id=\"41832\" class=\"elementor elementor-41832 elementor-3\" data-elementor-post-type=\"page\">\n\t\t\t\t\t\t<section class=\"elementor-section elementor-top-section elementor-element elementor-element-1711ebdd elementor-section-boxed elementor-section-height-default elementor-section-height-default rael-particle-no\" data-id=\"1711ebdd\" data-element_type=\"section\" data-e-type=\"section\" data-settings=\"{&quot;rae_animations_entrance&quot;:&quot;none&quot;}\">\n\t\t\t\t\t\t<div class=\"elementor-container elementor-column-gap-default\">\n\t\t\t\t\t<div class=\"elementor-column elementor-col-100 elementor-top-column elementor-element elementor-element-2999eab rael-particle-no\" data-id=\"2999eab\" data-element_type=\"column\" data-e-type=\"column\">\n\t\t\t<div class=\"elementor-widget-wrap elementor-element-populated\">\n\t\t\t\t\t\t<div class=\"elementor-element elementor-element-48a44f04 elementor-widget elementor-widget-text-editor\" data-id=\"48a44f04\" data-element_type=\"widget\" data-e-type=\"widget\" data-widget_type=\"text-editor.default\">\n\t\t\t\t<div class=\"elementor-widget-container\">\n\t\t\t\t\t\t\t\t\t<p><\/p>\n<p id=\"tw-target-text\" class=\"tw-data-text tw-text-large tw-ta\" dir=\"ltr\" data-placeholder=\"Vertaling\"><span class=\"Y2IQFc\" lang=\"en\">Bo Jungle, con domicilio en Brambroek 23b Geraadsbergen 9500, es responsable del tratamiento de los datos personales indicados en la presente declaraci\u00f3n de privacidad.  <\/span><\/p>\n<p class=\"tw-data-text tw-text-large tw-ta\" dir=\"ltr\" data-placeholder=\"Vertaling\"><span class=\"Y2IQFc\" lang=\"en\">Datos de contacto: http:\/\/www.bojungle.eu Brambroek 23b Geraadsbergen 9500 +32 54 24 03 31 Datos personales que tratamos  <\/span><\/p>\n<p class=\"tw-data-text tw-text-large tw-ta\" dir=\"ltr\" data-placeholder=\"Vertaling\"><span class=\"Y2IQFc\" lang=\"en\">Bo Jungle procesa sus datos personales porque usted utiliza nuestros servicios y\/o porque usted mismo nos los proporciona. A continuaci\u00f3n encontrar\u00e1 un resumen de los datos personales que procesamos:<\/span><\/p>\n<ol>\n<li class=\"tw-data-text tw-text-large tw-ta\" dir=\"ltr\" data-placeholder=\"Vertaling\"><span class=\"Y2IQFc\" lang=\"en\">Nombre y apellidos  <\/span><\/li>\n<li class=\"tw-data-text tw-text-large tw-ta\" dir=\"ltr\" data-placeholder=\"Vertaling\"><span class=\"Y2IQFc\" lang=\"en\">Sexo  <\/span><\/li>\n<li class=\"tw-data-text tw-text-large tw-ta\" dir=\"ltr\" data-placeholder=\"Vertaling\"><span class=\"Y2IQFc\" lang=\"en\">Fecha de nacimiento  <\/span><\/li>\n<li class=\"tw-data-text tw-text-large tw-ta\" dir=\"ltr\" data-placeholder=\"Vertaling\"><span class=\"Y2IQFc\" lang=\"en\">Lugar de nacimiento  <\/span><\/li>\n<li class=\"tw-data-text tw-text-large tw-ta\" dir=\"ltr\" data-placeholder=\"Vertaling\"><span class=\"Y2IQFc\" lang=\"en\">Direcci\u00f3n  <\/span><\/li>\n<li class=\"tw-data-text tw-text-large tw-ta\" dir=\"ltr\" data-placeholder=\"Vertaling\"><span class=\"Y2IQFc\" lang=\"en\">N\u00famero de tel\u00e9fono  <\/span><\/li>\n<li class=\"tw-data-text tw-text-large tw-ta\" dir=\"ltr\" data-placeholder=\"Vertaling\"><span class=\"Y2IQFc\" lang=\"en\">Correo electr\u00f3nico  <\/span><\/li>\n<li class=\"tw-data-text tw-text-large tw-ta\" dir=\"ltr\" data-placeholder=\"Vertaling\"><span class=\"Y2IQFc\" lang=\"en\">Direcci\u00f3n IP  <\/span><\/li>\n<li class=\"tw-data-text tw-text-large tw-ta\" dir=\"ltr\" data-placeholder=\"Vertaling\"><span class=\"Y2IQFc\" lang=\"en\">Otros datos personales que usted facilite activamente, por ejemplo, al crear un perfil en este sitio web, en la correspondencia y por tel\u00e9fono.  <\/span><\/li>\n<li class=\"tw-data-text tw-text-large tw-ta\" dir=\"ltr\" data-placeholder=\"Vertaling\"><span class=\"Y2IQFc\" lang=\"en\">Datos de localizaci\u00f3n  <\/span><\/li>\n<li class=\"tw-data-text tw-text-large tw-ta\" dir=\"ltr\" data-placeholder=\"Vertaling\"><span class=\"Y2IQFc\" lang=\"en\">Informaci\u00f3n sobre sus actividades en nuestro sitio web  <\/span><\/li>\n<li class=\"tw-data-text tw-text-large tw-ta\" dir=\"ltr\" data-placeholder=\"Vertaling\"><span class=\"Y2IQFc\" lang=\"en\">Datos sobre su comportamiento de navegaci\u00f3n en diferentes sitios web (por ejemplo, porque esta empresa forma parte de una red publicitaria)  <\/span><\/li>\n<li class=\"tw-data-text tw-text-large tw-ta\" dir=\"ltr\" data-placeholder=\"Vertaling\"><span class=\"Y2IQFc\" lang=\"en\">Navegador de Internet y tipo de dispositivo<\/span><\/li>\n<\/ol>\n<p dir=\"ltr\" data-placeholder=\"Vertaling\"> <\/p>\n<p id=\"tw-target-text\" class=\"tw-data-text tw-text-large tw-ta\" dir=\"ltr\" data-placeholder=\"Vertaling\"><span class=\"Y2IQFc\" lang=\"en\">Datos personales especiales y\/o sensibles que tratamos Nuestro sitio web y\/o servicio no pretende recopilar datos sobre visitantes del sitio web menores de 16 a\u00f1os. A menos que tengan permiso de sus padres o tutores. Sin embargo, no podemos comprobar si un visitante es mayor de 16 a\u00f1os. Por eso aconsejamos a los padres que se impliquen en las actividades en l\u00ednea de sus hijos, para evitar que se recopilen datos sobre ellos sin su consentimiento. Si est\u00e1 convencido de que hemos recopilado informaci\u00f3n personal sobre un menor sin este permiso, p\u00f3ngase en contacto con nosotros en marketing@bojungle.eu y eliminaremos dicha informaci\u00f3n. Con qu\u00e9 finalidad y sobre qu\u00e9 base tratamos los datos personales Bogle Jungle trata sus datos personales con las siguientes finalidades:  <\/span><\/p>\n<ol>\n<li class=\"tw-data-text tw-text-large tw-ta\" dir=\"ltr\" data-placeholder=\"Vertaling\"><span class=\"Y2IQFc\" lang=\"en\">Env\u00edo de nuestro bolet\u00edn y\/o folleto publicitario  <\/span><\/li>\n<li class=\"tw-data-text tw-text-large tw-ta\" dir=\"ltr\" data-placeholder=\"Vertaling\"><span class=\"Y2IQFc\" lang=\"en\">Informarle sobre cambios en nuestros servicios y productos  <\/span><\/li>\n<li class=\"tw-data-text tw-text-large tw-ta\" dir=\"ltr\" data-placeholder=\"Vertaling\"><span class=\"Y2IQFc\" lang=\"en\">Ofrecerle la posibilidad de crear una cuenta  <\/span><\/li>\n<li class=\"tw-data-text tw-text-large tw-ta\" dir=\"ltr\" data-placeholder=\"Vertaling\"><span class=\"Y2IQFc\" lang=\"en\">Para suministrarle bienes y servicios  <\/span><\/li>\n<li class=\"tw-data-text tw-text-large tw-ta\" dir=\"ltr\" data-placeholder=\"Vertaling\"><span class=\"Y2IQFc\" lang=\"en\">Bo Jungle analiza su comportamiento en el sitio web para mejorarlo y adaptar la gama de productos y servicios a sus preferencias.  <\/span><\/li>\n<li class=\"tw-data-text tw-text-large tw-ta\" dir=\"ltr\" data-placeholder=\"Vertaling\"><span class=\"Y2IQFc\" lang=\"en\">Bo Jungle rastrea su comportamiento de navegaci\u00f3n en varios sitios web con los que adaptamos nuestros productos y servicios a sus necesidades.  <\/span><\/li>\n<li class=\"tw-data-text tw-text-large tw-ta\" dir=\"ltr\" data-placeholder=\"Vertaling\"><span class=\"Y2IQFc\" lang=\"en\">Bo Jungle tambi\u00e9n procesa datos personales si estamos legalmente obligados a hacerlo, como los datos que necesitamos para nuestra declaraci\u00f3n de la renta.<\/span><\/li>\n<\/ol>\n<p dir=\"ltr\" data-placeholder=\"Vertaling\"> <\/p>\n<p id=\"tw-target-text\" class=\"tw-data-text tw-text-large tw-ta\" dir=\"ltr\" data-placeholder=\"Vertaling\"><span class=\"Y2IQFc\" lang=\"en\">Toma de decisiones automatizada  <\/span><\/p>\n<p class=\"tw-data-text tw-text-large tw-ta\" dir=\"ltr\" data-placeholder=\"Vertaling\"><span class=\"Y2IQFc\" lang=\"en\">Bo Jungle toma  <\/span><span class=\"Y2IQFc\" lang=\"en\">#decisiones de responsabilidad basadas en un tratamiento automatizado sobre asuntos que pueden tener consecuencias (importantes) para las personas. Se trata de decisiones tomadas por programas o sistemas inform\u00e1ticos, sin la participaci\u00f3n de una persona (por ejemplo, un empleado de Bo Jungle). Bo Jungle utiliza los siguientes programas o sistemas inform\u00e1ticos:  <\/span><\/p>\n<p class=\"tw-data-text tw-text-large tw-ta\" dir=\"ltr\" data-placeholder=\"Vertaling\"><span class=\"Y2IQFc\" lang=\"en\">#use_explanation  <\/span><\/p>\n<p class=\"tw-data-text tw-text-large tw-ta\" dir=\"ltr\" data-placeholder=\"Vertaling\"><span class=\"Y2IQFc\" lang=\"en\">Cu\u00e1nto tiempo conservamos los datos personales Bo Jungle no almacena sus datos personales m\u00e1s tiempo del estrictamente necesario para realizar los fines para los que se recogen sus datos. Utilizamos los siguientes periodos de conservaci\u00f3n para las siguientes (categor\u00edas) de datos personales:  <\/span><\/p>\n<p class=\"tw-data-text tw-text-large tw-ta\" dir=\"ltr\" data-placeholder=\"Vertaling\"><span class=\"Y2IQFc\" lang=\"en\">#periodo_de_retenci\u00f3n  <\/span><\/p>\n<p class=\"tw-data-text tw-text-large tw-ta\" dir=\"ltr\" data-placeholder=\"Vertaling\"><span class=\"Y2IQFc\" lang=\"en\">Intercambio de datos personales con terceros Bogle Jungle no vende sus datos a terceros y s\u00f3lo los facilita si es necesario para la ejecuci\u00f3n de nuestro acuerdo con usted o para cumplir una obligaci\u00f3n legal. Celebramos un acuerdo de procesamiento con empresas que procesan sus datos en nuestro nombre para garantizar el mismo nivel de seguridad y confidencialidad de sus datos. Bo Jungle sigue siendo responsable de estas operaciones de tratamiento. Cookies, o t\u00e9cnicas similares, que utilizamos Bo Jungle solo utiliza cookies t\u00e9cnicas y funcionales. Y cookies anal\u00edticas que no atentan contra su privacidad. Una cookie es un peque\u00f1o archivo de texto que se almacena en su ordenador, tableta o smartphone cuando visita este sitio web por primera vez. Las cookies que utilizamos son necesarias para el funcionamiento t\u00e9cnico del sitio web y para facilitar su uso. Garantizan que el sitio web funcione correctamente y, por ejemplo, recuerdan sus ajustes preferidos. Tambi\u00e9n podemos optimizar nuestro sitio web con esto. Puede desactivar las cookies configurando su navegador de Internet para que deje de almacenarlas. Adem\u00e1s, tambi\u00e9n puede eliminar toda la informaci\u00f3n que se haya almacenado previamente a trav\u00e9s de la configuraci\u00f3n de su navegador.<\/span><\/p>\n<p id=\"tw-target-text\" class=\"tw-data-text tw-text-large tw-ta\" dir=\"ltr\" data-placeholder=\"Vertaling\"><span class=\"Y2IQFc\" lang=\"en\">Ver, modificar o suprimir datos Tiene derecho a ver, rectificar o suprimir sus datos personales. Puede hacerlo usted mismo a trav\u00e9s de la configuraci\u00f3n personal de su cuenta. Adem\u00e1s, tiene derecho a retirar su consentimiento al tratamiento de datos o a oponerse al tratamiento de sus datos personales por parte de nuestra empresa y tiene derecho a la portabilidad de los datos. Esto significa que puede solicitarnos que le enviemos los datos personales que tenemos sobre usted en un archivo inform\u00e1tico a usted o a otra organizaci\u00f3n mencionada por usted. Si desea ejercer su derecho de oposici\u00f3n y\/o su derecho a la portabilidad de datos o si tiene otras preguntas\/comentarios sobre el tratamiento de datos, env\u00ede una solicitud espec\u00edfica a marketing@bojungle.eu. Para garantizar que la solicitud de acceso ha sido realizada por usted, le pedimos que adjunte a la solicitud una copia de su documento de identidad. Escriba en negro en esta copia la foto de su pasaporte, la MRZ (zona legible por m\u00e1quina, la franja con n\u00fameros situada en la parte inferior del pasaporte), el n\u00famero de pasaporte y el n\u00famero de servicio al ciudadano (BSN). Esto es para proteger su privacidad. Bo Jungle responder\u00e1 a su solicitud lo antes posible, pero en cualquier caso en un plazo de cuatro semanas. Bo Jungle tambi\u00e9n desea se\u00f1alar que tiene la opci\u00f3n de presentar una reclamaci\u00f3n ante la autoridad nacional de control, la Autoridad de Protecci\u00f3n de Datos de los Pa\u00edses Bajos. Puede hacerlo a trav\u00e9s del siguiente enlace: https:\/\/autoriteitpersoonsgegevens.nl\/nl\/contact-met-de-autoriteit-persoonsgegevens\/tip-ons C\u00f3mo protegemos los datos personales Bogle Jungle se toma muy en serio la protecci\u00f3n de sus datos y adopta las medidas adecuadas para evitar el uso indebido, la p\u00e9rdida, el acceso no autorizado, la divulgaci\u00f3n no deseada y la modificaci\u00f3n no autorizada. Si tiene la impresi\u00f3n de que sus datos no est\u00e1n debidamente protegidos o hay indicios de uso indebido, p\u00f3ngase en contacto con nuestro servicio de atenci\u00f3n al cliente o a trav\u00e9s de marketing@bojungle.eu.<\/span><\/p>\n<p><\/p>\t\t\t\t\t\t\t\t<\/div>\n\t\t\t\t<\/div>\n\t\t\t\t\t<\/div>\n\t\t<\/div>\n\t\t\t\t\t<\/div>\n\t\t<\/section>\n\t\t\t\t<\/div>\n\t\t","protected":false},"excerpt":{"rendered":"<p>Bo Jungle, con domicilio en Brambroek 23b Geraadsbergen 9500, es responsable del tratamiento de los datos personales indicados en la presente declaraci\u00f3n de privacidad. Datos de contacto: http:\/\/www.bojungle.eu Brambroek 23b Geraadsbergen 9500 +32 54 24 03 31 Datos personales que tratamos Bo Jungle procesa sus datos personales porque usted utiliza nuestros servicios y\/o porque usted [&hellip;]<\/p>\n","protected":false},"author":6,"featured_media":0,"parent":0,"menu_order":0,"comment_status":"closed","ping_status":"closed","template":"elementor_theme","meta":{"_lmt_disableupdate":"","_lmt_disable":"","footnotes":""},"categories":[],"tags":[],"class_list":["post-41832","page","type-page","status-publish","hentry"],"_links":{"self":[{"href":"https:\/\/www.bojungle.eu\/es\/wp-json\/wp\/v2\/pages\/41832","targetHints":{"allow":["GET"]}}],"collection":[{"href":"https:\/\/www.bojungle.eu\/es\/wp-json\/wp\/v2\/pages"}],"about":[{"href":"https:\/\/www.bojungle.eu\/es\/wp-json\/wp\/v2\/types\/page"}],"author":[{"embeddable":true,"href":"https:\/\/www.bojungle.eu\/es\/wp-json\/wp\/v2\/users\/6"}],"replies":[{"embeddable":true,"href":"https:\/\/www.bojungle.eu\/es\/wp-json\/wp\/v2\/comments?post=41832"}],"version-history":[{"count":3,"href":"https:\/\/www.bojungle.eu\/es\/wp-json\/wp\/v2\/pages\/41832\/revisions"}],"predecessor-version":[{"id":41845,"href":"https:\/\/www.bojungle.eu\/es\/wp-json\/wp\/v2\/pages\/41832\/revisions\/41845"}],"wp:attachment":[{"href":"https:\/\/www.bojungle.eu\/es\/wp-json\/wp\/v2\/media?parent=41832"}],"wp:term":[{"taxonomy":"category","embeddable":true,"href":"https:\/\/www.bojungle.eu\/es\/wp-json\/wp\/v2\/categories?post=41832"},{"taxonomy":"post_tag","embeddable":true,"href":"https:\/\/www.bojungle.eu\/es\/wp-json\/wp\/v2\/tags?post=41832"}],"curies":[{"name":"wp","href":"https:\/\/api.w.org\/{rel}","templated":true}]}}