{"id":64765,"date":"2020-08-19T07:40:26","date_gmt":"2020-08-19T05:40:26","guid":{"rendered":"https:\/\/www.bojungle.eu\/faq\/"},"modified":"2024-01-23T11:37:27","modified_gmt":"2024-01-23T10:37:27","slug":"faq","status":"publish","type":"page","link":"https:\/\/www.bojungle.eu\/es\/faq\/","title":{"rendered":"Faq"},"content":{"rendered":"\t\t<div data-elementor-type=\"wp-page\" data-elementor-id=\"64765\" class=\"elementor elementor-64765 elementor-14474\" data-elementor-post-type=\"page\">\n\t\t\t\t<div class=\"elementor-element elementor-element-223e7ce e-flex e-con-boxed rael-particle-no e-con e-parent\" data-id=\"223e7ce\" data-element_type=\"container\" data-e-type=\"container\" data-settings=\"{&quot;rae_animations_entrance&quot;:&quot;none&quot;}\">\n\t\t\t\t\t<div class=\"e-con-inner\">\n\t\t<div class=\"elementor-element elementor-element-534d81a e-con-full e-flex rael-particle-no e-con e-child\" data-id=\"534d81a\" data-element_type=\"container\" data-e-type=\"container\" data-settings=\"{&quot;rae_animations_entrance&quot;:&quot;none&quot;}\">\n\t\t\t\t<div class=\"elementor-element elementor-element-a5c7eab title-block-1 elementor-widget elementor-widget-heading\" data-id=\"a5c7eab\" data-element_type=\"widget\" data-e-type=\"widget\" data-widget_type=\"heading.default\">\n\t\t\t\t<div class=\"elementor-widget-container\">\n\t\t\t\t\t<h2 class=\"elementor-heading-title elementor-size-default\">Preguntas frecuentes<\/h2>\t\t\t\t<\/div>\n\t\t\t\t<\/div>\n\t\t\t\t<\/div>\n\t\t\t\t\t<\/div>\n\t\t\t\t<\/div>\n\t\t<div class=\"elementor-element elementor-element-2b1cb52 e-flex e-con-boxed rael-particle-no e-con e-parent\" data-id=\"2b1cb52\" data-element_type=\"container\" data-e-type=\"container\" data-settings=\"{&quot;rae_animations_entrance&quot;:&quot;none&quot;}\">\n\t\t\t\t\t<div class=\"e-con-inner\">\n\t\t<div class=\"elementor-element elementor-element-f2c3de9 e-flex e-con-boxed rael-particle-no e-con e-child\" data-id=\"f2c3de9\" data-element_type=\"container\" data-e-type=\"container\" data-settings=\"{&quot;rae_animations_entrance&quot;:&quot;none&quot;}\">\n\t\t\t\t\t<div class=\"e-con-inner\">\n\t\t\t\t<div class=\"elementor-element elementor-element-b20a25a elementor-widget elementor-widget-toggle\" data-id=\"b20a25a\" data-element_type=\"widget\" data-e-type=\"widget\" data-widget_type=\"toggle.default\">\n\t\t\t\t<div class=\"elementor-widget-container\">\n\t\t\t\t\t\t\t<div class=\"elementor-toggle\">\n\t\t\t\t\t\t\t<div class=\"elementor-toggle-item\">\n\t\t\t\t\t<div id=\"elementor-tab-title-1861\" class=\"elementor-tab-title\" data-tab=\"1\" role=\"button\" aria-controls=\"elementor-tab-content-1861\" aria-expanded=\"false\">\n\t\t\t\t\t\t\t\t\t\t\t\t<span class=\"elementor-toggle-icon elementor-toggle-icon-left\" aria-hidden=\"true\">\n\t\t\t\t\t\t\t\t\t\t\t\t\t\t\t<span class=\"elementor-toggle-icon-closed\"><i class=\"fas fa-caret-right\"><\/i><\/span>\n\t\t\t\t\t\t\t\t<span class=\"elementor-toggle-icon-opened\"><i class=\"elementor-toggle-icon-opened fas fa-caret-up\"><\/i><\/span>\n\t\t\t\t\t\t\t\t\t\t\t\t\t<\/span>\n\t\t\t\t\t\t\t\t\t\t\t\t<a class=\"elementor-toggle-title\" tabindex=\"0\">\u00bfQu\u00e9 significa Bo Jungle?<\/a>\n\t\t\t\t\t<\/div>\n\n\t\t\t\t\t<div id=\"elementor-tab-content-1861\" class=\"elementor-tab-content elementor-clearfix\" data-tab=\"1\" role=\"region\" aria-labelledby=\"elementor-tab-title-1861\"><p style=\"border: 0px solid #d9d9e3; --tw-border-spacing-x: 0; --tw-border-spacing-y: 0; --tw-translate-x: 0; --tw-translate-y: 0; --tw-rotate: 0; --tw-skew-x: 0; --tw-skew-y: 0; --tw-scale-x: 1; --tw-scale-y: 1; --tw-scroll-snap-strictness: proximity; --tw-ring-offset-width: 0px; --tw-ring-offset-color: #fff; --tw-ring-color: rgba(69,89,164,.5); --tw-ring-offset-shadow: 0 0 transparent; --tw-ring-shadow: 0 0 transparent; --tw-shadow: 0 0 transparent; --tw-shadow-colored: 0 0 transparent; margin: 1.25em 0px; color: #374151; font-family: S\u00f6hne, ui-sans-serif, system-ui, -apple-system, 'Segoe UI', Roboto, Ubuntu, Cantarell, 'Noto Sans', sans-serif, 'Helvetica Neue', Arial, 'Apple Color Emoji', 'Segoe UI Emoji', 'Segoe UI Symbol', 'Noto Color Emoji'; letter-spacing: normal; white-space-collapse: preserve;\">Bo Jungle es m\u00e1s que una simple marca; es un compromiso de apoyar a los padres y cuidadores en el gratificante viaje de criar a sus peque\u00f1os. Originarios de B\u00e9lgica, nuestra misi\u00f3n es brindar asistencia integral en diversos aspectos de la crianza de los hijos, incluidos comidas, salidas, cuidados, tiempo de juego, sue\u00f1o, seguridad y m\u00e1s. <\/p>\n<p style=\"border: 0px solid #d9d9e3; --tw-border-spacing-x: 0; --tw-border-spacing-y: 0; --tw-translate-x: 0; --tw-translate-y: 0; --tw-rotate: 0; --tw-skew-x: 0; --tw-skew-y: 0; --tw-scale-x: 1; --tw-scale-y: 1; --tw-scroll-snap-strictness: proximity; --tw-ring-offset-width: 0px; --tw-ring-offset-color: #fff; --tw-ring-color: rgba(69,89,164,.5); --tw-ring-offset-shadow: 0 0 transparent; --tw-ring-shadow: 0 0 transparent; --tw-shadow: 0 0 transparent; --tw-shadow-colored: 0 0 transparent; margin: 1.25em 0px 0px; color: #374151; font-family: S\u00f6hne, ui-sans-serif, system-ui, -apple-system, 'Segoe UI', Roboto, Ubuntu, Cantarell, 'Noto Sans', sans-serif, 'Helvetica Neue', Arial, 'Apple Color Emoji', 'Segoe UI Emoji', 'Segoe UI Symbol', 'Noto Color Emoji'; letter-spacing: normal; white-space-collapse: preserve;\">Nuestra amplia gama de productos asequibles est\u00e1 cuidadosamente dise\u00f1ada para mejorar la vida diaria de padres e hijos. Con un enfoque en el hermoso dise\u00f1o, la innovaci\u00f3n y, lo m\u00e1s importante, la artesan\u00eda de alta calidad, Bo Jungle se esfuerza por hacer que la experiencia de ser padre sea m\u00e1s placentera y satisfactoria. Creemos en la creaci\u00f3n de productos que no s\u00f3lo satisfagan las necesidades pr\u00e1cticas de los padres sino que tambi\u00e9n agreguen un toque de alegr\u00eda y comodidad a la vida de los peque\u00f1os que amamos.  <\/p><\/p>\n<\/div>\n\t\t\t\t<\/div>\n\t\t\t\t\t\t\t<div class=\"elementor-toggle-item\">\n\t\t\t\t\t<div id=\"elementor-tab-title-1862\" class=\"elementor-tab-title\" data-tab=\"2\" role=\"button\" aria-controls=\"elementor-tab-content-1862\" aria-expanded=\"false\">\n\t\t\t\t\t\t\t\t\t\t\t\t<span class=\"elementor-toggle-icon elementor-toggle-icon-left\" aria-hidden=\"true\">\n\t\t\t\t\t\t\t\t\t\t\t\t\t\t\t<span class=\"elementor-toggle-icon-closed\"><i class=\"fas fa-caret-right\"><\/i><\/span>\n\t\t\t\t\t\t\t\t<span class=\"elementor-toggle-icon-opened\"><i class=\"elementor-toggle-icon-opened fas fa-caret-up\"><\/i><\/span>\n\t\t\t\t\t\t\t\t\t\t\t\t\t<\/span>\n\t\t\t\t\t\t\t\t\t\t\t\t<a class=\"elementor-toggle-title\" tabindex=\"0\">\u00bfQu\u00e9 pasa si tengo una queja sobre un producto Bo Jungle?<\/a>\n\t\t\t\t\t<\/div>\n\n\t\t\t\t\t<div id=\"elementor-tab-content-1862\" class=\"elementor-tab-content elementor-clearfix\" data-tab=\"2\" role=\"region\" aria-labelledby=\"elementor-tab-title-1862\"><p>Si su producto est\u00e1 defectuoso, comun\u00edquese con su tienda de compra con su comprobante de compra. Ellos podr\u00e1n ayudarle m\u00e1s. <br \/>Si se trata de otra cosa, siempre puede enviarnos un mensaje a trav\u00e9s de la p\u00e1gina de<a href=\"https:\/\/www.bojungle.eu\/es\/contacte-con\/\">\u00abcontacto<\/a>\u00ab.<\/p><\/p>\n<\/div>\n\t\t\t\t<\/div>\n\t\t\t\t\t\t\t<div class=\"elementor-toggle-item\">\n\t\t\t\t\t<div id=\"elementor-tab-title-1863\" class=\"elementor-tab-title\" data-tab=\"3\" role=\"button\" aria-controls=\"elementor-tab-content-1863\" aria-expanded=\"false\">\n\t\t\t\t\t\t\t\t\t\t\t\t<span class=\"elementor-toggle-icon elementor-toggle-icon-left\" aria-hidden=\"true\">\n\t\t\t\t\t\t\t\t\t\t\t\t\t\t\t<span class=\"elementor-toggle-icon-closed\"><i class=\"fas fa-caret-right\"><\/i><\/span>\n\t\t\t\t\t\t\t\t<span class=\"elementor-toggle-icon-opened\"><i class=\"elementor-toggle-icon-opened fas fa-caret-up\"><\/i><\/span>\n\t\t\t\t\t\t\t\t\t\t\t\t\t<\/span>\n\t\t\t\t\t\t\t\t\t\t\t\t<a class=\"elementor-toggle-title\" tabindex=\"0\">\u00bfQu\u00e9 servicio de env\u00edo utiliza Bo Jungle?<\/a>\n\t\t\t\t\t<\/div>\n\n\t\t\t\t\t<div id=\"elementor-tab-content-1863\" class=\"elementor-tab-content elementor-clearfix\" data-tab=\"3\" role=\"region\" aria-labelledby=\"elementor-tab-title-1863\"><p>\n            <span style=\"color: #374151; font-family: S\u00f6hne, ui-sans-serif, system-ui, -apple-system, 'Segoe UI', Roboto, Ubuntu, Cantarell, 'Noto Sans', sans-serif, 'Helvetica Neue', Arial, 'Apple Color Emoji', 'Segoe UI Emoji', 'Segoe UI Symbol', 'Noto Color Emoji'; letter-spacing: normal; white-space-collapse: preserve;\">Bo Jungle utiliza el servicio de env\u00edo DPD.<\/span>\n          <\/p>\n<\/div>\n\t\t\t\t<\/div>\n\t\t\t\t\t\t\t<div class=\"elementor-toggle-item\">\n\t\t\t\t\t<div id=\"elementor-tab-title-1864\" class=\"elementor-tab-title\" data-tab=\"4\" role=\"button\" aria-controls=\"elementor-tab-content-1864\" aria-expanded=\"false\">\n\t\t\t\t\t\t\t\t\t\t\t\t<span class=\"elementor-toggle-icon elementor-toggle-icon-left\" aria-hidden=\"true\">\n\t\t\t\t\t\t\t\t\t\t\t\t\t\t\t<span class=\"elementor-toggle-icon-closed\"><i class=\"fas fa-caret-right\"><\/i><\/span>\n\t\t\t\t\t\t\t\t<span class=\"elementor-toggle-icon-opened\"><i class=\"elementor-toggle-icon-opened fas fa-caret-up\"><\/i><\/span>\n\t\t\t\t\t\t\t\t\t\t\t\t\t<\/span>\n\t\t\t\t\t\t\t\t\t\t\t\t<a class=\"elementor-toggle-title\" tabindex=\"0\">\u00bfA partir de qu\u00e9 monto los art\u00edculos califican para env\u00edo gratuito?<\/a>\n\t\t\t\t\t<\/div>\n\n\t\t\t\t\t<div id=\"elementor-tab-content-1864\" class=\"elementor-tab-content elementor-clearfix\" data-tab=\"4\" role=\"region\" aria-labelledby=\"elementor-tab-title-1864\"><p>\n            <span style=\"color: #374151; font-family: S\u00f6hne, ui-sans-serif, system-ui, -apple-system, 'Segoe UI', Roboto, Ubuntu, Cantarell, 'Noto Sans', sans-serif, 'Helvetica Neue', Arial, 'Apple Color Emoji', 'Segoe UI Emoji', 'Segoe UI Symbol', 'Noto Color Emoji'; letter-spacing: normal; white-space-collapse: preserve;\">Los art\u00edculos son elegibles para env\u00edo gratuito en pedidos por un total de 40 \u20ac o m\u00e1s.<\/span>\n          <\/p>\n<\/div>\n\t\t\t\t<\/div>\n\t\t\t\t\t\t\t<div class=\"elementor-toggle-item\">\n\t\t\t\t\t<div id=\"elementor-tab-title-1865\" class=\"elementor-tab-title\" data-tab=\"5\" role=\"button\" aria-controls=\"elementor-tab-content-1865\" aria-expanded=\"false\">\n\t\t\t\t\t\t\t\t\t\t\t\t<span class=\"elementor-toggle-icon elementor-toggle-icon-left\" aria-hidden=\"true\">\n\t\t\t\t\t\t\t\t\t\t\t\t\t\t\t<span class=\"elementor-toggle-icon-closed\"><i class=\"fas fa-caret-right\"><\/i><\/span>\n\t\t\t\t\t\t\t\t<span class=\"elementor-toggle-icon-opened\"><i class=\"elementor-toggle-icon-opened fas fa-caret-up\"><\/i><\/span>\n\t\t\t\t\t\t\t\t\t\t\t\t\t<\/span>\n\t\t\t\t\t\t\t\t\t\t\t\t<a class=\"elementor-toggle-title\" tabindex=\"0\">\u00bfQu\u00e9 indica la funci\u00f3n \"Localizador de tiendas\"?<\/a>\n\t\t\t\t\t<\/div>\n\n\t\t\t\t\t<div id=\"elementor-tab-content-1865\" class=\"elementor-tab-content elementor-clearfix\" data-tab=\"5\" role=\"region\" aria-labelledby=\"elementor-tab-title-1865\"><p>El localizador de tiendas le ayuda a encontrar tiendas f\u00edsicas que vendan productos Bo Jungle. Sin embargo, tenga en cuenta que esto no garantiza que todos los productos est\u00e9n disponibles en todas las tiendas enumeradas. <\/p>\n<\/div>\n\t\t\t\t<\/div>\n\t\t\t\t\t\t\t<div class=\"elementor-toggle-item\">\n\t\t\t\t\t<div id=\"elementor-tab-title-1866\" class=\"elementor-tab-title\" data-tab=\"6\" role=\"button\" aria-controls=\"elementor-tab-content-1866\" aria-expanded=\"false\">\n\t\t\t\t\t\t\t\t\t\t\t\t<span class=\"elementor-toggle-icon elementor-toggle-icon-left\" aria-hidden=\"true\">\n\t\t\t\t\t\t\t\t\t\t\t\t\t\t\t<span class=\"elementor-toggle-icon-closed\"><i class=\"fas fa-caret-right\"><\/i><\/span>\n\t\t\t\t\t\t\t\t<span class=\"elementor-toggle-icon-opened\"><i class=\"elementor-toggle-icon-opened fas fa-caret-up\"><\/i><\/span>\n\t\t\t\t\t\t\t\t\t\t\t\t\t<\/span>\n\t\t\t\t\t\t\t\t\t\t\t\t<a class=\"elementor-toggle-title\" tabindex=\"0\">\u00bfBo Jungle tiene su propia tienda f\u00edsica?<\/a>\n\t\t\t\t\t<\/div>\n\n\t\t\t\t\t<div id=\"elementor-tab-content-1866\" class=\"elementor-tab-content elementor-clearfix\" data-tab=\"6\" role=\"region\" aria-labelledby=\"elementor-tab-title-1866\"><p>No, Bo Jungle opera exclusivamente a trav\u00e9s de ventas en l\u00ednea y no tiene tiendas f\u00edsicas. Sin embargo, puedes encontrar productos de Bo Jungle en varias tiendas f\u00edsicas. Utilice nuestro localizador de tiendas para descubrir qu\u00e9 tiendas venden art\u00edculos de Bo Jungle. Tenga en cuenta que es posible que no todos los productos est\u00e9n disponibles en todas las tiendas de la lista.   <\/p>\n<\/div>\n\t\t\t\t<\/div>\n\t\t\t\t\t\t\t<div class=\"elementor-toggle-item\">\n\t\t\t\t\t<div id=\"elementor-tab-title-1867\" class=\"elementor-tab-title\" data-tab=\"7\" role=\"button\" aria-controls=\"elementor-tab-content-1867\" aria-expanded=\"false\">\n\t\t\t\t\t\t\t\t\t\t\t\t<span class=\"elementor-toggle-icon elementor-toggle-icon-left\" aria-hidden=\"true\">\n\t\t\t\t\t\t\t\t\t\t\t\t\t\t\t<span class=\"elementor-toggle-icon-closed\"><i class=\"fas fa-caret-right\"><\/i><\/span>\n\t\t\t\t\t\t\t\t<span class=\"elementor-toggle-icon-opened\"><i class=\"elementor-toggle-icon-opened fas fa-caret-up\"><\/i><\/span>\n\t\t\t\t\t\t\t\t\t\t\t\t\t<\/span>\n\t\t\t\t\t\t\t\t\t\t\t\t<a class=\"elementor-toggle-title\" tabindex=\"0\">Estoy buscando un repuesto, \u00bfc\u00f3mo puedo encontrarlo?<\/a>\n\t\t\t\t\t<\/div>\n\n\t\t\t\t\t<div id=\"elementor-tab-content-1867\" class=\"elementor-tab-content elementor-clearfix\" data-tab=\"7\" role=\"region\" aria-labelledby=\"elementor-tab-title-1867\"><p>Si tiene consultas sobre repuestos, puede enviar un correo electr\u00f3nico a <a target=\"_new\">office@bojungle.eu<\/a> para comprobar si se puede proporcionar asistencia. Tenga en cuenta que es posible que las piezas de repuesto no siempre est\u00e9n disponibles.<\/p>\n<\/div>\n\t\t\t\t<\/div>\n\t\t\t\t\t\t\t<div class=\"elementor-toggle-item\">\n\t\t\t\t\t<div id=\"elementor-tab-title-1868\" class=\"elementor-tab-title\" data-tab=\"8\" role=\"button\" aria-controls=\"elementor-tab-content-1868\" aria-expanded=\"false\">\n\t\t\t\t\t\t\t\t\t\t\t\t<span class=\"elementor-toggle-icon elementor-toggle-icon-left\" aria-hidden=\"true\">\n\t\t\t\t\t\t\t\t\t\t\t\t\t\t\t<span class=\"elementor-toggle-icon-closed\"><i class=\"fas fa-caret-right\"><\/i><\/span>\n\t\t\t\t\t\t\t\t<span class=\"elementor-toggle-icon-opened\"><i class=\"elementor-toggle-icon-opened fas fa-caret-up\"><\/i><\/span>\n\t\t\t\t\t\t\t\t\t\t\t\t\t<\/span>\n\t\t\t\t\t\t\t\t\t\t\t\t<a class=\"elementor-toggle-title\" tabindex=\"0\">\u00bfPuedo adquirir productos Bo Jungle en una tienda f\u00edsica?<\/a>\n\t\t\t\t\t<\/div>\n\n\t\t\t\t\t<div id=\"elementor-tab-content-1868\" class=\"elementor-tab-content elementor-clearfix\" data-tab=\"8\" role=\"region\" aria-labelledby=\"elementor-tab-title-1868\"><p>\u00a1Ciertamente! Utilice nuestro localizador de tiendas para encontrar tiendas que vendan productos Bo Jungle. Sin embargo, es importante tener en cuenta que es posible que no todos los productos est\u00e9n disponibles en todas las tiendas de la lista.  <\/p>\n<\/div>\n\t\t\t\t<\/div>\n\t\t\t\t\t\t\t<div class=\"elementor-toggle-item\">\n\t\t\t\t\t<div id=\"elementor-tab-title-1869\" class=\"elementor-tab-title\" data-tab=\"9\" role=\"button\" aria-controls=\"elementor-tab-content-1869\" aria-expanded=\"false\">\n\t\t\t\t\t\t\t\t\t\t\t\t<span class=\"elementor-toggle-icon elementor-toggle-icon-left\" aria-hidden=\"true\">\n\t\t\t\t\t\t\t\t\t\t\t\t\t\t\t<span class=\"elementor-toggle-icon-closed\"><i class=\"fas fa-caret-right\"><\/i><\/span>\n\t\t\t\t\t\t\t\t<span class=\"elementor-toggle-icon-opened\"><i class=\"elementor-toggle-icon-opened fas fa-caret-up\"><\/i><\/span>\n\t\t\t\t\t\t\t\t\t\t\t\t\t<\/span>\n\t\t\t\t\t\t\t\t\t\t\t\t<a class=\"elementor-toggle-title\" tabindex=\"0\">\u00bfEn qu\u00e9 pa\u00edses est\u00e1 disponible para su compra Bo Jungle?<\/a>\n\t\t\t\t\t<\/div>\n\n\t\t\t\t\t<div id=\"elementor-tab-content-1869\" class=\"elementor-tab-content elementor-clearfix\" data-tab=\"9\" role=\"region\" aria-labelledby=\"elementor-tab-title-1869\"><p>Los productos Bo Jungle est\u00e1n disponibles en varios pa\u00edses; sin embargo, este sitio web actualmente facilita entregas a Benelux y Francia \u00fanicamente. Para clientes de otros pa\u00edses, incluidos Rep\u00fablica Checa, Polonia, Espa\u00f1a, Malta, Italia, Portugal, Grecia, Alemania, Sud\u00e1frica, Kazajst\u00e1n, Kirguist\u00e1n, Albania y Bulgaria, recomendamos comunicarse con nosotros directamente. P\u00f3ngase en contacto con nuestro servicio de atenci\u00f3n al cliente y estaremos encantados de ayudarle a encontrar la tienda o distribuidor m\u00e1s cercano en su pa\u00eds para acceder c\u00f3modamente a los productos Bo Jungle.  <\/p>\n<\/div>\n\t\t\t\t<\/div>\n\t\t\t\t\t\t\t\t\t\t<script type=\"application\/ld+json\">{\"@context\":\"https:\\\/\\\/schema.org\",\"@type\":\"FAQPage\",\"mainEntity\":[{\"@type\":\"Question\",\"name\":\"\\u00bfQu\\u00e9 significa Bo Jungle?\",\"acceptedAnswer\":{\"@type\":\"Answer\",\"text\":\"<p style=\\\"border: 0px solid #d9d9e3; --tw-border-spacing-x: 0; --tw-border-spacing-y: 0; --tw-translate-x: 0; --tw-translate-y: 0; --tw-rotate: 0; --tw-skew-x: 0; --tw-skew-y: 0; --tw-scale-x: 1; --tw-scale-y: 1; --tw-scroll-snap-strictness: proximity; --tw-ring-offset-width: 0px; --tw-ring-offset-color: #fff; --tw-ring-color: rgba(69,89,164,.5); --tw-ring-offset-shadow: 0 0 transparent; --tw-ring-shadow: 0 0 transparent; --tw-shadow: 0 0 transparent; --tw-shadow-colored: 0 0 transparent; margin: 1.25em 0px; color: #374151; font-family: S\\u00f6hne, ui-sans-serif, system-ui, -apple-system, 'Segoe UI', Roboto, Ubuntu, Cantarell, 'Noto Sans', sans-serif, 'Helvetica Neue', Arial, 'Apple Color Emoji', 'Segoe UI Emoji', 'Segoe UI Symbol', 'Noto Color Emoji'; letter-spacing: normal; white-space-collapse: preserve;\\\">Bo Jungle es m\\u00e1s que una simple marca; es un compromiso de apoyar a los padres y cuidadores en el gratificante viaje de criar a sus peque\\u00f1os. Originarios de B\\u00e9lgica, nuestra misi\\u00f3n es brindar asistencia integral en diversos aspectos de la crianza de los hijos, incluidos comidas, salidas, cuidados, tiempo de juego, sue\\u00f1o, seguridad y m\\u00e1s. <\\\/p>\\n<p style=\\\"border: 0px solid #d9d9e3; --tw-border-spacing-x: 0; --tw-border-spacing-y: 0; --tw-translate-x: 0; --tw-translate-y: 0; --tw-rotate: 0; --tw-skew-x: 0; --tw-skew-y: 0; --tw-scale-x: 1; --tw-scale-y: 1; --tw-scroll-snap-strictness: proximity; --tw-ring-offset-width: 0px; --tw-ring-offset-color: #fff; --tw-ring-color: rgba(69,89,164,.5); --tw-ring-offset-shadow: 0 0 transparent; --tw-ring-shadow: 0 0 transparent; --tw-shadow: 0 0 transparent; --tw-shadow-colored: 0 0 transparent; margin: 1.25em 0px 0px; color: #374151; font-family: S\\u00f6hne, ui-sans-serif, system-ui, -apple-system, 'Segoe UI', Roboto, Ubuntu, Cantarell, 'Noto Sans', sans-serif, 'Helvetica Neue', Arial, 'Apple Color Emoji', 'Segoe UI Emoji', 'Segoe UI Symbol', 'Noto Color Emoji'; letter-spacing: normal; white-space-collapse: preserve;\\\">Nuestra amplia gama de productos asequibles est\\u00e1 cuidadosamente dise\\u00f1ada para mejorar la vida diaria de padres e hijos. Con un enfoque en el hermoso dise\\u00f1o, la innovaci\\u00f3n y, lo m\\u00e1s importante, la artesan\\u00eda de alta calidad, Bo Jungle se esfuerza por hacer que la experiencia de ser padre sea m\\u00e1s placentera y satisfactoria. Creemos en la creaci\\u00f3n de productos que no s\\u00f3lo satisfagan las necesidades pr\\u00e1cticas de los padres sino que tambi\\u00e9n agreguen un toque de alegr\\u00eda y comodidad a la vida de los peque\\u00f1os que amamos.  <\\\/p><\\\/p>\\n\"}},{\"@type\":\"Question\",\"name\":\"\\u00bfQu\\u00e9 pasa si tengo una queja sobre un producto Bo Jungle?\",\"acceptedAnswer\":{\"@type\":\"Answer\",\"text\":\"<p>Si su producto est\\u00e1 defectuoso, comun\\u00edquese con su tienda de compra con su comprobante de compra. Ellos podr\\u00e1n ayudarle m\\u00e1s. <br \\\/>Si se trata de otra cosa, siempre puede enviarnos un mensaje a trav\\u00e9s de la p\\u00e1gina de<a href=\\\"https:\\\/\\\/www.bojungle.eu\\\/es\\\/contacte-con\\\/\\\">\\u00abcontacto<\\\/a>\\u00ab.<\\\/p><\\\/p>\\n\"}},{\"@type\":\"Question\",\"name\":\"\\u00bfQu\\u00e9 servicio de env\\u00edo utiliza Bo Jungle?\",\"acceptedAnswer\":{\"@type\":\"Answer\",\"text\":\"<p>\\n            <span style=\\\"color: #374151; font-family: S\\u00f6hne, ui-sans-serif, system-ui, -apple-system, 'Segoe UI', Roboto, Ubuntu, Cantarell, 'Noto Sans', sans-serif, 'Helvetica Neue', Arial, 'Apple Color Emoji', 'Segoe UI Emoji', 'Segoe UI Symbol', 'Noto Color Emoji'; letter-spacing: normal; white-space-collapse: preserve;\\\">Bo Jungle utiliza el servicio de env\\u00edo DPD.<\\\/span>\\n          <\\\/p>\\n\"}},{\"@type\":\"Question\",\"name\":\"\\u00bfA partir de qu\\u00e9 monto los art\\u00edculos califican para env\\u00edo gratuito?\",\"acceptedAnswer\":{\"@type\":\"Answer\",\"text\":\"<p>\\n            <span style=\\\"color: #374151; font-family: S\\u00f6hne, ui-sans-serif, system-ui, -apple-system, 'Segoe UI', Roboto, Ubuntu, Cantarell, 'Noto Sans', sans-serif, 'Helvetica Neue', Arial, 'Apple Color Emoji', 'Segoe UI Emoji', 'Segoe UI Symbol', 'Noto Color Emoji'; letter-spacing: normal; white-space-collapse: preserve;\\\">Los art\\u00edculos son elegibles para env\\u00edo gratuito en pedidos por un total de 40 \\u20ac o m\\u00e1s.<\\\/span>\\n          <\\\/p>\\n\"}},{\"@type\":\"Question\",\"name\":\"\\u00bfQu\\u00e9 indica la funci\\u00f3n \\\"Localizador de tiendas\\\"?\",\"acceptedAnswer\":{\"@type\":\"Answer\",\"text\":\"<p>El localizador de tiendas le ayuda a encontrar tiendas f\\u00edsicas que vendan productos Bo Jungle. Sin embargo, tenga en cuenta que esto no garantiza que todos los productos est\\u00e9n disponibles en todas las tiendas enumeradas. <\\\/p>\\n\"}},{\"@type\":\"Question\",\"name\":\"\\u00bfBo Jungle tiene su propia tienda f\\u00edsica?\",\"acceptedAnswer\":{\"@type\":\"Answer\",\"text\":\"<p>No, Bo Jungle opera exclusivamente a trav\\u00e9s de ventas en l\\u00ednea y no tiene tiendas f\\u00edsicas. Sin embargo, puedes encontrar productos de Bo Jungle en varias tiendas f\\u00edsicas. Utilice nuestro localizador de tiendas para descubrir qu\\u00e9 tiendas venden art\\u00edculos de Bo Jungle. Tenga en cuenta que es posible que no todos los productos est\\u00e9n disponibles en todas las tiendas de la lista.   <\\\/p>\\n\"}},{\"@type\":\"Question\",\"name\":\"Estoy buscando un repuesto, \\u00bfc\\u00f3mo puedo encontrarlo?\",\"acceptedAnswer\":{\"@type\":\"Answer\",\"text\":\"<p>Si tiene consultas sobre repuestos, puede enviar un correo electr\\u00f3nico a <a target=\\\"_new\\\">office@bojungle.eu<\\\/a> para comprobar si se puede proporcionar asistencia. Tenga en cuenta que es posible que las piezas de repuesto no siempre est\\u00e9n disponibles.<\\\/p>\\n\"}},{\"@type\":\"Question\",\"name\":\"\\u00bfPuedo adquirir productos Bo Jungle en una tienda f\\u00edsica?\",\"acceptedAnswer\":{\"@type\":\"Answer\",\"text\":\"<p>\\u00a1Ciertamente! Utilice nuestro localizador de tiendas para encontrar tiendas que vendan productos Bo Jungle. Sin embargo, es importante tener en cuenta que es posible que no todos los productos est\\u00e9n disponibles en todas las tiendas de la lista.  <\\\/p>\\n\"}},{\"@type\":\"Question\",\"name\":\"\\u00bfEn qu\\u00e9 pa\\u00edses est\\u00e1 disponible para su compra Bo Jungle?\",\"acceptedAnswer\":{\"@type\":\"Answer\",\"text\":\"<p>Los productos Bo Jungle est\\u00e1n disponibles en varios pa\\u00edses; sin embargo, este sitio web actualmente facilita entregas a Benelux y Francia \\u00fanicamente. Para clientes de otros pa\\u00edses, incluidos Rep\\u00fablica Checa, Polonia, Espa\\u00f1a, Malta, Italia, Portugal, Grecia, Alemania, Sud\\u00e1frica, Kazajst\\u00e1n, Kirguist\\u00e1n, Albania y Bulgaria, recomendamos comunicarse con nosotros directamente. P\\u00f3ngase en contacto con nuestro servicio de atenci\\u00f3n al cliente y estaremos encantados de ayudarle a encontrar la tienda o distribuidor m\\u00e1s cercano en su pa\\u00eds para acceder c\\u00f3modamente a los productos Bo Jungle.  <\\\/p>\\n\"}}]}<\/script>\n\t\t\t\t\t<\/div>\n\t\t\t\t\t\t<\/div>\n\t\t\t\t<\/div>\n\t\t\t\t\t<\/div>\n\t\t\t\t<\/div>\n\t\t\t\t\t<\/div>\n\t\t\t\t<\/div>\n\t\t\t\t<\/div>\n\t\t","protected":false},"excerpt":{"rendered":"<p>Preguntas frecuentes \u00bfQu\u00e9 significa Bo Jungle? Bo Jungle es m\u00e1s que una simple marca; es un compromiso de apoyar a los padres y cuidadores en el gratificante viaje de criar a sus peque\u00f1os. Originarios de B\u00e9lgica, nuestra misi\u00f3n es brindar asistencia integral en diversos aspectos de la crianza de los hijos, incluidos comidas, salidas, cuidados, [&hellip;]<\/p>\n","protected":false},"author":6,"featured_media":0,"parent":0,"menu_order":0,"comment_status":"closed","ping_status":"closed","template":"elementor_header_footer","meta":{"_lmt_disableupdate":"","_lmt_disable":"","footnotes":""},"categories":[],"tags":[],"class_list":["post-64765","page","type-page","status-publish","hentry"],"_links":{"self":[{"href":"https:\/\/www.bojungle.eu\/es\/wp-json\/wp\/v2\/pages\/64765","targetHints":{"allow":["GET"]}}],"collection":[{"href":"https:\/\/www.bojungle.eu\/es\/wp-json\/wp\/v2\/pages"}],"about":[{"href":"https:\/\/www.bojungle.eu\/es\/wp-json\/wp\/v2\/types\/page"}],"author":[{"embeddable":true,"href":"https:\/\/www.bojungle.eu\/es\/wp-json\/wp\/v2\/users\/6"}],"replies":[{"embeddable":true,"href":"https:\/\/www.bojungle.eu\/es\/wp-json\/wp\/v2\/comments?post=64765"}],"version-history":[{"count":1,"href":"https:\/\/www.bojungle.eu\/es\/wp-json\/wp\/v2\/pages\/64765\/revisions"}],"predecessor-version":[{"id":64766,"href":"https:\/\/www.bojungle.eu\/es\/wp-json\/wp\/v2\/pages\/64765\/revisions\/64766"}],"wp:attachment":[{"href":"https:\/\/www.bojungle.eu\/es\/wp-json\/wp\/v2\/media?parent=64765"}],"wp:term":[{"taxonomy":"category","embeddable":true,"href":"https:\/\/www.bojungle.eu\/es\/wp-json\/wp\/v2\/categories?post=64765"},{"taxonomy":"post_tag","embeddable":true,"href":"https:\/\/www.bojungle.eu\/es\/wp-json\/wp\/v2\/tags?post=64765"}],"curies":[{"name":"wp","href":"https:\/\/api.w.org\/{rel}","templated":true}]}}