{"id":39951,"date":"2022-09-23T13:09:38","date_gmt":"2022-09-23T11:09:38","guid":{"rendered":"https:\/\/dev.authority.biz\/boj\/product\/b-egg-proyector-de-luz-nocturna-con-musica-turquesa\/"},"modified":"2022-09-23T13:09:38","modified_gmt":"2022-09-23T13:09:38","slug":"b-nightlight-duplicate-1-2","status":"publish","type":"product","link":"https:\/\/www.bojungle.eu\/es\/producto\/b-nightlight-duplicate-1-2\/","title":{"rendered":"B-Egg Proyector de Luz Nocturna con M\u00fasica Turquesa"},"content":{"rendered":"<ul>\n<li>Simp\u00e1tica luz nocturna con la reconocible forma de un huevo que ayudar\u00e1 a su hijo a conciliar el sue\u00f1o<\/li>\n<li>Con diferentes sonidos configurables que se apagan autom\u00e1ticamente a los 15 minutos<\/li>\n<li>Proyecta estrellas de colores en el techo<\/li>\n<li>Funciona con pilas (3 x AA) no incluidas o con corriente alterna (adaptador incluido)<\/li>\n<\/ul>\n","protected":false},"excerpt":{"rendered":"<p>Simp\u00e1tica luz nocturna con la reconocible forma de un huevo que ayudar\u00e1 a su hijo a conciliar el sue\u00f1o<\/p>\n<p>&nbsp;<\/p>\n","protected":false},"featured_media":66944,"comment_status":"closed","ping_status":"closed","template":"","meta":{"_lmt_disableupdate":"","_lmt_disable":""},"product_brand":[],"product_cat":[531],"product_tag":[],"woo-feed-brand":[],"class_list":{"0":"post-39951","1":"product","2":"type-product","3":"status-publish","4":"has-post-thumbnail","6":"product_cat-dormir-es","8":"first","9":"instock","10":"taxable","11":"shipping-taxable","12":"purchasable","13":"product-type-simple"},"_links":{"self":[{"href":"https:\/\/www.bojungle.eu\/es\/wp-json\/wp\/v2\/product\/39951","targetHints":{"allow":["GET"]}}],"collection":[{"href":"https:\/\/www.bojungle.eu\/es\/wp-json\/wp\/v2\/product"}],"about":[{"href":"https:\/\/www.bojungle.eu\/es\/wp-json\/wp\/v2\/types\/product"}],"replies":[{"embeddable":true,"href":"https:\/\/www.bojungle.eu\/es\/wp-json\/wp\/v2\/comments?post=39951"}],"version-history":[{"count":0,"href":"https:\/\/www.bojungle.eu\/es\/wp-json\/wp\/v2\/product\/39951\/revisions"}],"wp:featuredmedia":[{"embeddable":true,"href":"https:\/\/www.bojungle.eu\/es\/wp-json\/wp\/v2\/media\/66944"}],"wp:attachment":[{"href":"https:\/\/www.bojungle.eu\/es\/wp-json\/wp\/v2\/media?parent=39951"}],"wp:term":[{"taxonomy":"product_brand","embeddable":true,"href":"https:\/\/www.bojungle.eu\/es\/wp-json\/wp\/v2\/product_brand?post=39951"},{"taxonomy":"product_cat","embeddable":true,"href":"https:\/\/www.bojungle.eu\/es\/wp-json\/wp\/v2\/product_cat?post=39951"},{"taxonomy":"product_tag","embeddable":true,"href":"https:\/\/www.bojungle.eu\/es\/wp-json\/wp\/v2\/product_tag?post=39951"},{"taxonomy":"woo-feed-brand","embeddable":true,"href":"https:\/\/www.bojungle.eu\/es\/wp-json\/wp\/v2\/woo-feed-brand?post=39951"}],"curies":[{"name":"wp","href":"https:\/\/api.w.org\/{rel}","templated":true}]}}