{"id":40123,"date":"2022-05-29T12:06:19","date_gmt":"2022-05-29T10:06:19","guid":{"rendered":"https:\/\/dev.authority.biz\/boj\/product\/b-biodegradable-cpla-vajilla-5pcs-terracota\/"},"modified":"2024-12-05T13:44:28","modified_gmt":"2024-12-05T12:44:28","slug":"b-biodegradable-cpla-vajilla-5-piezas-terracota","status":"publish","type":"product","link":"https:\/\/www.bojungle.eu\/es\/producto\/b-biodegradable-cpla-vajilla-5-piezas-terracota\/","title":{"rendered":"Vajilla CPLA Eco-Responible 5pzas Terracota"},"content":{"rendered":"<p>Mejora tu experiencia gastron\u00f3mica con nuestro juego de vajilla CPLA de 5 piezas, respetuoso con el medio ambiente y dise\u00f1ado espec\u00edficamente para ni\u00f1os. Este juego de 5 piezas incluye un vaso, un plato, cubiertos y un bol: todo lo que tu hijo necesita para disfrutar de una experiencia gastron\u00f3mica segura y sostenible. Elaborada con CPLA (\u00e1cido polil\u00e1ctico cristalizado), una forma de PLA m\u00e1s fuerte y resistente al calor, esta vajilla est\u00e1 hecha de recursos renovables como ma\u00edz, ca\u00f1a de az\u00facar, mandioca y otras plantas naturales. El CPLA es una alternativa 100 % biodegradable al pl\u00e1stico tradicional, lo que garantiza un producto sin aceite, sin toxicidad y sin metales pesados que es seguro y respetuoso con el medio ambiente. Apta para microondas y lavavajillas (no para horno), nuestra vajilla CPLA para ni\u00f1os combina comodidad y sostenibilidad, ofreciendo una opci\u00f3n no t\u00f3xica, duradera y respetuosa con el medio ambiente para tu hijo. \u00a1Haz el cambio hacia un futuro m\u00e1s ecol\u00f3gico con este juego de vajilla de alta calidad y de origen natural! <\/p>\n","protected":false},"excerpt":{"rendered":"<div class=\"flex max-w-full flex-col flex-grow\">\n<div class=\"min-h-8 text-message flex w-full flex-col items-end gap-2 whitespace-normal break-words text-start [.text-message+&amp;]:mt-5\" dir=\"auto\" data-message-author-role=\"assistant\" data-message-id=\"78eb40a4-57b3-45ff-9d68-8f3e746316e9\" data-message-model-slug=\"gpt-4o-mini\">\n<div class=\"flex w-full flex-col gap-1 empty:hidden first:pt-[3px]\">\n<div class=\"markdown prose w-full break-words dark:prose-invert light\">\n<p>Este juego de vajilla CPLA de 5 piezas, respetuoso con el medio ambiente, incluye una taza, un plato, cubiertos y un bol, todos fabricados con materiales renovables de origen vegetal, como ma\u00edz y ca\u00f1a de az\u00facar. El CPLA es resistente, resistente al calor y 100 % biodegradable, no es t\u00f3xico y es seguro para los ni\u00f1os. Este juego ecol\u00f3gico, apto para microondas y lavavajillas, es la opci\u00f3n sostenible perfecta para la hora de comer de tu hijo.  <\/p>\n<\/div>\n<\/div>\n<\/div>\n<\/div>\n<div class=\"mb-2 flex gap-3 empty:hidden -ml-2\">\n<div class=\"items-center justify-start rounded-xl p-1 flex\">\n<div class=\"flex items-center\"><\/div>\n<\/div>\n<\/div>\n","protected":false},"featured_media":70297,"comment_status":"closed","ping_status":"closed","template":"","meta":{"_lmt_disableupdate":"","_lmt_disable":""},"product_brand":[],"product_cat":[462,558,557],"product_tag":[1144],"woo-feed-brand":[],"class_list":{"0":"post-40123","1":"product","2":"type-product","3":"status-publish","4":"has-post-thumbnail","6":"product_cat-comida-y-bebida","7":"product_cat-gama-cpla-es","8":"product_cat-hora-de-cenar","9":"product_tag-comer-es","11":"first","12":"outofstock","13":"taxable","14":"shipping-taxable","15":"purchasable","16":"product-type-simple"},"_links":{"self":[{"href":"https:\/\/www.bojungle.eu\/es\/wp-json\/wp\/v2\/product\/40123","targetHints":{"allow":["GET"]}}],"collection":[{"href":"https:\/\/www.bojungle.eu\/es\/wp-json\/wp\/v2\/product"}],"about":[{"href":"https:\/\/www.bojungle.eu\/es\/wp-json\/wp\/v2\/types\/product"}],"replies":[{"embeddable":true,"href":"https:\/\/www.bojungle.eu\/es\/wp-json\/wp\/v2\/comments?post=40123"}],"version-history":[{"count":1,"href":"https:\/\/www.bojungle.eu\/es\/wp-json\/wp\/v2\/product\/40123\/revisions"}],"predecessor-version":[{"id":78589,"href":"https:\/\/www.bojungle.eu\/es\/wp-json\/wp\/v2\/product\/40123\/revisions\/78589"}],"wp:featuredmedia":[{"embeddable":true,"href":"https:\/\/www.bojungle.eu\/es\/wp-json\/wp\/v2\/media\/70297"}],"wp:attachment":[{"href":"https:\/\/www.bojungle.eu\/es\/wp-json\/wp\/v2\/media?parent=40123"}],"wp:term":[{"taxonomy":"product_brand","embeddable":true,"href":"https:\/\/www.bojungle.eu\/es\/wp-json\/wp\/v2\/product_brand?post=40123"},{"taxonomy":"product_cat","embeddable":true,"href":"https:\/\/www.bojungle.eu\/es\/wp-json\/wp\/v2\/product_cat?post=40123"},{"taxonomy":"product_tag","embeddable":true,"href":"https:\/\/www.bojungle.eu\/es\/wp-json\/wp\/v2\/product_tag?post=40123"},{"taxonomy":"woo-feed-brand","embeddable":true,"href":"https:\/\/www.bojungle.eu\/es\/wp-json\/wp\/v2\/woo-feed-brand?post=40123"}],"curies":[{"name":"wp","href":"https:\/\/api.w.org\/{rel}","templated":true}]}}