{"id":40172,"date":"2022-05-29T12:06:17","date_gmt":"2022-05-29T10:06:17","guid":{"rendered":"https:\/\/dev.authority.biz\/boj\/product\/b-wrap-mono-topo-grande\/"},"modified":"2022-05-29T12:06:17","modified_gmt":"2022-05-29T12:06:17","slug":"b-wrap-taupe-monkey-large-2","status":"publish","type":"product","link":"https:\/\/www.bojungle.eu\/es\/producto\/b-wrap-taupe-monkey-large-2\/","title":{"rendered":"B-Wrap Mono Topo Grande"},"content":{"rendered":"<ul>\n<li>Grandes (de 6,4 a 10 kg ): a partir de +\/- 4 meses<\/li>\n<li>Manta envolvente de algod\u00f3n 100%<\/li>\n<li>La forma m\u00e1s f\u00e1cil de envolver a tu beb\u00e9 en 3 pasos<\/li>\n<\/ul>\n","protected":false},"excerpt":{"rendered":"<p>Manta envolvente de algod\u00f3n 100%<\/p>\n","protected":false},"featured_media":67952,"comment_status":"closed","ping_status":"closed","template":"","meta":{"_lmt_disableupdate":"","_lmt_disable":""},"product_brand":[],"product_cat":[531,573],"product_tag":[],"woo-feed-brand":[],"class_list":{"0":"post-40172","1":"product","2":"type-product","3":"status-publish","4":"has-post-thumbnail","6":"product_cat-dormir-es","7":"product_cat-mantas-para-envolver","9":"first","10":"instock","11":"taxable","12":"shipping-taxable","13":"purchasable","14":"product-type-simple"},"_links":{"self":[{"href":"https:\/\/www.bojungle.eu\/es\/wp-json\/wp\/v2\/product\/40172","targetHints":{"allow":["GET"]}}],"collection":[{"href":"https:\/\/www.bojungle.eu\/es\/wp-json\/wp\/v2\/product"}],"about":[{"href":"https:\/\/www.bojungle.eu\/es\/wp-json\/wp\/v2\/types\/product"}],"replies":[{"embeddable":true,"href":"https:\/\/www.bojungle.eu\/es\/wp-json\/wp\/v2\/comments?post=40172"}],"version-history":[{"count":0,"href":"https:\/\/www.bojungle.eu\/es\/wp-json\/wp\/v2\/product\/40172\/revisions"}],"wp:featuredmedia":[{"embeddable":true,"href":"https:\/\/www.bojungle.eu\/es\/wp-json\/wp\/v2\/media\/67952"}],"wp:attachment":[{"href":"https:\/\/www.bojungle.eu\/es\/wp-json\/wp\/v2\/media?parent=40172"}],"wp:term":[{"taxonomy":"product_brand","embeddable":true,"href":"https:\/\/www.bojungle.eu\/es\/wp-json\/wp\/v2\/product_brand?post=40172"},{"taxonomy":"product_cat","embeddable":true,"href":"https:\/\/www.bojungle.eu\/es\/wp-json\/wp\/v2\/product_cat?post=40172"},{"taxonomy":"product_tag","embeddable":true,"href":"https:\/\/www.bojungle.eu\/es\/wp-json\/wp\/v2\/product_tag?post=40172"},{"taxonomy":"woo-feed-brand","embeddable":true,"href":"https:\/\/www.bojungle.eu\/es\/wp-json\/wp\/v2\/woo-feed-brand?post=40172"}],"curies":[{"name":"wp","href":"https:\/\/api.w.org\/{rel}","templated":true}]}}