{"id":40272,"date":"2022-05-29T12:05:40","date_gmt":"2022-05-29T10:05:40","guid":{"rendered":"https:\/\/dev.authority.biz\/boj\/product\/b-wrap-ballenas-oceanicas-pequeno\/"},"modified":"2024-01-16T13:07:36","modified_gmt":"2024-01-16T12:07:36","slug":"b-envolver-ballenas-oceanicas-pequenas","status":"publish","type":"product","link":"https:\/\/www.bojungle.eu\/es\/producto\/b-envolver-ballenas-oceanicas-pequenas\/","title":{"rendered":"B-Wrap Ballenas oce\u00e1nicas Peque\u00f1o"},"content":{"rendered":"<ul>\n<li>Peque\u00f1os (de 3,2 a 6,4 kg): desde el nacimiento hasta +\/- 4 meses<\/li>\n<li>Manta envolvente de algod\u00f3n 100%<\/li>\n<li>La forma m\u00e1s f\u00e1cil de envolver a tu beb\u00e9 en 3 pasos<\/li>\n<\/ul>\n","protected":false},"excerpt":{"rendered":"<p>La Wrap Ocean Whales es una acogedora manta envolvente 100% algod\u00f3n con un elegante patr\u00f3n de ballenas oce\u00e1nicas, dise\u00f1ada espec\u00edficamente para beb\u00e9s en el rango de tama\u00f1o peque\u00f1o (3,2 a 6,4 kg), adecuada desde el nacimiento hasta aproximadamente los 4 meses. Esta manta envolvente, confeccionada en algod\u00f3n de alta calidad, proporciona un ambiente acogedor y c\u00f3modo para tu peque\u00f1o. Simplificando el proceso, ofrece la forma m\u00e1s f\u00e1cil de envolver a su beb\u00e9 en solo tres sencillos pasos.<\/p>\n","protected":false},"featured_media":64541,"comment_status":"closed","ping_status":"closed","template":"","meta":{"_lmt_disableupdate":"","_lmt_disable":""},"product_brand":[],"product_cat":[531,573],"product_tag":[],"woo-feed-brand":[],"class_list":{"0":"post-40272","1":"product","2":"type-product","3":"status-publish","4":"has-post-thumbnail","6":"product_cat-dormir-es","7":"product_cat-mantas-para-envolver","9":"first","10":"instock","11":"taxable","12":"shipping-taxable","13":"purchasable","14":"product-type-simple"},"_links":{"self":[{"href":"https:\/\/www.bojungle.eu\/es\/wp-json\/wp\/v2\/product\/40272","targetHints":{"allow":["GET"]}}],"collection":[{"href":"https:\/\/www.bojungle.eu\/es\/wp-json\/wp\/v2\/product"}],"about":[{"href":"https:\/\/www.bojungle.eu\/es\/wp-json\/wp\/v2\/types\/product"}],"replies":[{"embeddable":true,"href":"https:\/\/www.bojungle.eu\/es\/wp-json\/wp\/v2\/comments?post=40272"}],"version-history":[{"count":1,"href":"https:\/\/www.bojungle.eu\/es\/wp-json\/wp\/v2\/product\/40272\/revisions"}],"predecessor-version":[{"id":64551,"href":"https:\/\/www.bojungle.eu\/es\/wp-json\/wp\/v2\/product\/40272\/revisions\/64551"}],"wp:featuredmedia":[{"embeddable":true,"href":"https:\/\/www.bojungle.eu\/es\/wp-json\/wp\/v2\/media\/64541"}],"wp:attachment":[{"href":"https:\/\/www.bojungle.eu\/es\/wp-json\/wp\/v2\/media?parent=40272"}],"wp:term":[{"taxonomy":"product_brand","embeddable":true,"href":"https:\/\/www.bojungle.eu\/es\/wp-json\/wp\/v2\/product_brand?post=40272"},{"taxonomy":"product_cat","embeddable":true,"href":"https:\/\/www.bojungle.eu\/es\/wp-json\/wp\/v2\/product_cat?post=40272"},{"taxonomy":"product_tag","embeddable":true,"href":"https:\/\/www.bojungle.eu\/es\/wp-json\/wp\/v2\/product_tag?post=40272"},{"taxonomy":"woo-feed-brand","embeddable":true,"href":"https:\/\/www.bojungle.eu\/es\/wp-json\/wp\/v2\/woo-feed-brand?post=40272"}],"curies":[{"name":"wp","href":"https:\/\/api.w.org\/{rel}","templated":true}]}}