{"id":40288,"date":"2022-05-29T12:05:39","date_gmt":"2022-05-29T10:05:39","guid":{"rendered":"https:\/\/dev.authority.biz\/boj\/product\/b-wrap-plumas-grises-pequeno\/"},"modified":"2024-01-16T10:20:16","modified_gmt":"2024-01-16T09:20:16","slug":"b-wrap-gris-plumas-pequeno","status":"publish","type":"product","link":"https:\/\/www.bojungle.eu\/es\/producto\/b-wrap-gris-plumas-pequeno\/","title":{"rendered":"B-Wrap Plumas Grises Peque\u00f1o"},"content":{"rendered":"<ul>\n<li>Peque\u00f1os (de 3,2 a 6,4 kg): desde el nacimiento hasta +\/- 4 meses<\/li>\n<li>Manta envolvente de algod\u00f3n 100%<\/li>\n<li>La forma m\u00e1s f\u00e1cil de envolver a tu beb\u00e9 en 3 pasos<\/li>\n<\/ul>\n","protected":false},"excerpt":{"rendered":"<p>La Wrap Grey Feathers es una acogedora manta envolvente 100% algod\u00f3n con un elegante patr\u00f3n de plumas grises, dise\u00f1ada espec\u00edficamente para beb\u00e9s en el rango de tallas peque\u00f1as (3,2 a 6,4 kg), adecuada desde el nacimiento hasta aproximadamente los 4 meses. Esta manta envolvente, confeccionada en algod\u00f3n de alta calidad, proporciona un ambiente acogedor y c\u00f3modo para tu peque\u00f1o. Simplificando el proceso, ofrece la forma m\u00e1s f\u00e1cil de envolver a su beb\u00e9 en solo tres sencillos pasos.<\/p>\n<p>&nbsp;<\/p>\n","protected":false},"featured_media":64389,"comment_status":"closed","ping_status":"closed","template":"","meta":{"_lmt_disableupdate":"","_lmt_disable":""},"product_brand":[],"product_cat":[531,573],"product_tag":[],"woo-feed-brand":[],"class_list":{"0":"post-40288","1":"product","2":"type-product","3":"status-publish","4":"has-post-thumbnail","6":"product_cat-dormir-es","7":"product_cat-mantas-para-envolver","9":"first","10":"instock","11":"taxable","12":"shipping-taxable","13":"purchasable","14":"product-type-simple"},"_links":{"self":[{"href":"https:\/\/www.bojungle.eu\/es\/wp-json\/wp\/v2\/product\/40288","targetHints":{"allow":["GET"]}}],"collection":[{"href":"https:\/\/www.bojungle.eu\/es\/wp-json\/wp\/v2\/product"}],"about":[{"href":"https:\/\/www.bojungle.eu\/es\/wp-json\/wp\/v2\/types\/product"}],"replies":[{"embeddable":true,"href":"https:\/\/www.bojungle.eu\/es\/wp-json\/wp\/v2\/comments?post=40288"}],"version-history":[{"count":1,"href":"https:\/\/www.bojungle.eu\/es\/wp-json\/wp\/v2\/product\/40288\/revisions"}],"predecessor-version":[{"id":64419,"href":"https:\/\/www.bojungle.eu\/es\/wp-json\/wp\/v2\/product\/40288\/revisions\/64419"}],"wp:featuredmedia":[{"embeddable":true,"href":"https:\/\/www.bojungle.eu\/es\/wp-json\/wp\/v2\/media\/64389"}],"wp:attachment":[{"href":"https:\/\/www.bojungle.eu\/es\/wp-json\/wp\/v2\/media?parent=40288"}],"wp:term":[{"taxonomy":"product_brand","embeddable":true,"href":"https:\/\/www.bojungle.eu\/es\/wp-json\/wp\/v2\/product_brand?post=40288"},{"taxonomy":"product_cat","embeddable":true,"href":"https:\/\/www.bojungle.eu\/es\/wp-json\/wp\/v2\/product_cat?post=40288"},{"taxonomy":"product_tag","embeddable":true,"href":"https:\/\/www.bojungle.eu\/es\/wp-json\/wp\/v2\/product_tag?post=40288"},{"taxonomy":"woo-feed-brand","embeddable":true,"href":"https:\/\/www.bojungle.eu\/es\/wp-json\/wp\/v2\/woo-feed-brand?post=40288"}],"curies":[{"name":"wp","href":"https:\/\/api.w.org\/{rel}","templated":true}]}}