{"id":40375,"date":"2022-05-29T12:05:38","date_gmt":"2022-05-29T10:05:38","guid":{"rendered":"https:\/\/dev.authority.biz\/boj\/product\/b-woody-conejo-sobre-ruedas-azul\/"},"modified":"2026-03-30T16:38:37","modified_gmt":"2026-03-30T14:38:37","slug":"b-woody-conejo-en-ruedas-azul","status":"publish","type":"product","link":"https:\/\/www.bojungle.eu\/es\/producto\/b-woody-conejo-en-ruedas-azul\/","title":{"rendered":"B-Woody Conejo sobre ruedas Azul"},"content":{"rendered":"<p>Estas simp\u00e1ticas figuras de agarre est\u00e1n hechas de madera expertamente trabajada y son ideales para manos peque\u00f1as y entusiastas amantes de los animales. Nuestros animales pueden agarrarse y tambi\u00e9n rodar sobre sus resistentes ruedas de colores pastel. Las figuras de agarre entrenan la motricidad de tu peque\u00f1o y garantizan una diversi\u00f3n extra.<\/p>\n","protected":false},"excerpt":{"rendered":"<p>Estas simp\u00e1ticas figuras de agarre est\u00e1n hechas de madera expertamente trabajada y son ideales para manos peque\u00f1as y entusiastas amantes de los animales. Nuestros animales pueden agarrarse y tambi\u00e9n rodar sobre sus resistentes ruedas de colores pastel. Las figuras de agarre entrenan la motricidad de tu peque\u00f1o y garantizan una diversi\u00f3n extra.<\/p>\n","protected":false},"featured_media":74826,"comment_status":"closed","ping_status":"closed","template":"","meta":{"_lmt_disableupdate":"","_lmt_disable":""},"product_brand":[],"product_cat":[478,476],"product_tag":[],"woo-feed-brand":[],"class_list":{"0":"post-40375","1":"product","2":"type-product","3":"status-publish","4":"has-post-thumbnail","6":"product_cat-juguetes-de-silicona","7":"product_cat-tiempo-de-juego","9":"first","10":"instock","11":"taxable","12":"shipping-taxable","13":"purchasable","14":"product-type-simple"},"_links":{"self":[{"href":"https:\/\/www.bojungle.eu\/es\/wp-json\/wp\/v2\/product\/40375","targetHints":{"allow":["GET"]}}],"collection":[{"href":"https:\/\/www.bojungle.eu\/es\/wp-json\/wp\/v2\/product"}],"about":[{"href":"https:\/\/www.bojungle.eu\/es\/wp-json\/wp\/v2\/types\/product"}],"replies":[{"embeddable":true,"href":"https:\/\/www.bojungle.eu\/es\/wp-json\/wp\/v2\/comments?post=40375"}],"version-history":[{"count":0,"href":"https:\/\/www.bojungle.eu\/es\/wp-json\/wp\/v2\/product\/40375\/revisions"}],"wp:featuredmedia":[{"embeddable":true,"href":"https:\/\/www.bojungle.eu\/es\/wp-json\/wp\/v2\/media\/74826"}],"wp:attachment":[{"href":"https:\/\/www.bojungle.eu\/es\/wp-json\/wp\/v2\/media?parent=40375"}],"wp:term":[{"taxonomy":"product_brand","embeddable":true,"href":"https:\/\/www.bojungle.eu\/es\/wp-json\/wp\/v2\/product_brand?post=40375"},{"taxonomy":"product_cat","embeddable":true,"href":"https:\/\/www.bojungle.eu\/es\/wp-json\/wp\/v2\/product_cat?post=40375"},{"taxonomy":"product_tag","embeddable":true,"href":"https:\/\/www.bojungle.eu\/es\/wp-json\/wp\/v2\/product_tag?post=40375"},{"taxonomy":"woo-feed-brand","embeddable":true,"href":"https:\/\/www.bojungle.eu\/es\/wp-json\/wp\/v2\/woo-feed-brand?post=40375"}],"curies":[{"name":"wp","href":"https:\/\/api.w.org\/{rel}","templated":true}]}}