{"id":40474,"date":"2022-05-29T12:03:58","date_gmt":"2022-05-29T10:03:58","guid":{"rendered":"https:\/\/dev.authority.biz\/boj\/product\/andador-b-jumpy-gris\/"},"modified":"2025-06-25T16:43:48","modified_gmt":"2025-06-25T14:43:48","slug":"b-andador-jumpy-gris","status":"publish","type":"product","link":"https:\/\/www.bojungle.eu\/es\/producto\/b-andador-jumpy-gris\/","title":{"rendered":"Andador B Jumpy Gris"},"content":{"rendered":"<p>Tranquilo, tranquilo&#8230;<br \/>\n\u00a1Que el beb\u00e9 se lo pase en grande!<\/p>\n<p>Es un producto m\u00e1gico, muy sencillo como dise\u00f1o y muy f\u00e1cil.<br \/>\nSeguro para los ni\u00f1os.<\/p>\n<table border=\"1\">\n<tbody>\n<tr>\n<td>Manual<\/td>\n<td><a href=\"https:\/\/www.bojungle.eu\/wp-content\/uploads\/2025\/06\/Manual-Walking-aid-activity.pdf\">Haga clic aqu\u00ed<\/a><\/td>\n<\/tr>\n<\/tbody>\n<\/table>\n","protected":false},"excerpt":{"rendered":"<p>Tranquilo, tranquilo&#8230;<br \/>\n\u00a1Que el beb\u00e9 se lo pase en grande!<\/p>\n<p>Es un producto m\u00e1gico, muy sencillo como dise\u00f1o y muy f\u00e1cil.<br \/>\nSeguro para los ni\u00f1os.<\/p>\n","protected":false},"featured_media":73232,"comment_status":"closed","ping_status":"closed","template":"","meta":{"_lmt_disableupdate":"","_lmt_disable":""},"product_brand":[],"product_cat":[621,622,1347,476],"product_tag":[],"woo-feed-brand":[],"class_list":{"0":"post-40474","1":"product","2":"type-product","3":"status-publish","4":"has-post-thumbnail","6":"product_cat-juguetes-de-actividades","7":"product_cat-juguetes-musicales","8":"product_cat-sale-es-2","9":"product_cat-tiempo-de-juego","11":"first","12":"instock","13":"sale","14":"taxable","15":"shipping-taxable","16":"purchasable","17":"product-type-simple"},"_links":{"self":[{"href":"https:\/\/www.bojungle.eu\/es\/wp-json\/wp\/v2\/product\/40474","targetHints":{"allow":["GET"]}}],"collection":[{"href":"https:\/\/www.bojungle.eu\/es\/wp-json\/wp\/v2\/product"}],"about":[{"href":"https:\/\/www.bojungle.eu\/es\/wp-json\/wp\/v2\/types\/product"}],"replies":[{"embeddable":true,"href":"https:\/\/www.bojungle.eu\/es\/wp-json\/wp\/v2\/comments?post=40474"}],"version-history":[{"count":1,"href":"https:\/\/www.bojungle.eu\/es\/wp-json\/wp\/v2\/product\/40474\/revisions"}],"predecessor-version":[{"id":80628,"href":"https:\/\/www.bojungle.eu\/es\/wp-json\/wp\/v2\/product\/40474\/revisions\/80628"}],"wp:featuredmedia":[{"embeddable":true,"href":"https:\/\/www.bojungle.eu\/es\/wp-json\/wp\/v2\/media\/73232"}],"wp:attachment":[{"href":"https:\/\/www.bojungle.eu\/es\/wp-json\/wp\/v2\/media?parent=40474"}],"wp:term":[{"taxonomy":"product_brand","embeddable":true,"href":"https:\/\/www.bojungle.eu\/es\/wp-json\/wp\/v2\/product_brand?post=40474"},{"taxonomy":"product_cat","embeddable":true,"href":"https:\/\/www.bojungle.eu\/es\/wp-json\/wp\/v2\/product_cat?post=40474"},{"taxonomy":"product_tag","embeddable":true,"href":"https:\/\/www.bojungle.eu\/es\/wp-json\/wp\/v2\/product_tag?post=40474"},{"taxonomy":"woo-feed-brand","embeddable":true,"href":"https:\/\/www.bojungle.eu\/es\/wp-json\/wp\/v2\/woo-feed-brand?post=40474"}],"curies":[{"name":"wp","href":"https:\/\/api.w.org\/{rel}","templated":true}]}}