{"id":40510,"date":"2022-05-29T11:59:03","date_gmt":"2022-05-29T09:59:03","guid":{"rendered":"https:\/\/dev.authority.biz\/boj\/product\/b-turtle-silicona-verde\/"},"modified":"2022-05-29T11:59:03","modified_gmt":"2022-05-29T11:59:03","slug":"b-tortuga-silicona-verde","status":"publish","type":"product","link":"https:\/\/www.bojungle.eu\/es\/producto\/b-tortuga-silicona-verde\/","title":{"rendered":"B-Turtle Silicona Verde"},"content":{"rendered":"<ul>\n<li>Nuestra tortuga de silicona estimula tanto la mordedura como el agarre. Se asegura de que el dolor y las molestias de los dientes de paso se suavizan hasta tal punto y tambi\u00e9n estimula los labios y la lengua debido a sus diferentes superficies de mordida. Se masajean los dientes y tambi\u00e9n se ablandan las enc\u00edas. \u00a1Ideal para manos peque\u00f1as y dientes pr\u00f3ximos!<\/li>\n<li>F\u00e1cil de mantener, lavable a m\u00e1quina<\/li>\n<li>Fabricado en silicona<\/li>\n<\/ul>\n","protected":false},"excerpt":{"rendered":"<p>Nuestra tortuga de silicona estimula tanto la mordedura como el agarre. Se asegura de que el dolor y las molestias de los dientes de paso se suavizan hasta tal punto y tambi\u00e9n estimula los labios y la lengua debido a sus diferentes superficies de mordida. Se masajean los dientes y tambi\u00e9n se ablandan las enc\u00edas. \u00a1Ideal para manos peque\u00f1as y dientes pr\u00f3ximos!<\/p>\n","protected":false},"featured_media":73222,"comment_status":"closed","ping_status":"closed","template":"","meta":{"_lmt_disableupdate":"","_lmt_disable":""},"product_brand":[],"product_cat":[478,602,476],"product_tag":[],"woo-feed-brand":[],"class_list":{"0":"post-40510","1":"product","2":"type-product","3":"status-publish","4":"has-post-thumbnail","6":"product_cat-juguetes-de-silicona","7":"product_cat-juguetes-mordedores","8":"product_cat-tiempo-de-juego","10":"first","11":"instock","12":"taxable","13":"shipping-taxable","14":"purchasable","15":"product-type-simple"},"_links":{"self":[{"href":"https:\/\/www.bojungle.eu\/es\/wp-json\/wp\/v2\/product\/40510","targetHints":{"allow":["GET"]}}],"collection":[{"href":"https:\/\/www.bojungle.eu\/es\/wp-json\/wp\/v2\/product"}],"about":[{"href":"https:\/\/www.bojungle.eu\/es\/wp-json\/wp\/v2\/types\/product"}],"replies":[{"embeddable":true,"href":"https:\/\/www.bojungle.eu\/es\/wp-json\/wp\/v2\/comments?post=40510"}],"version-history":[{"count":0,"href":"https:\/\/www.bojungle.eu\/es\/wp-json\/wp\/v2\/product\/40510\/revisions"}],"wp:featuredmedia":[{"embeddable":true,"href":"https:\/\/www.bojungle.eu\/es\/wp-json\/wp\/v2\/media\/73222"}],"wp:attachment":[{"href":"https:\/\/www.bojungle.eu\/es\/wp-json\/wp\/v2\/media?parent=40510"}],"wp:term":[{"taxonomy":"product_brand","embeddable":true,"href":"https:\/\/www.bojungle.eu\/es\/wp-json\/wp\/v2\/product_brand?post=40510"},{"taxonomy":"product_cat","embeddable":true,"href":"https:\/\/www.bojungle.eu\/es\/wp-json\/wp\/v2\/product_cat?post=40510"},{"taxonomy":"product_tag","embeddable":true,"href":"https:\/\/www.bojungle.eu\/es\/wp-json\/wp\/v2\/product_tag?post=40510"},{"taxonomy":"woo-feed-brand","embeddable":true,"href":"https:\/\/www.bojungle.eu\/es\/wp-json\/wp\/v2\/woo-feed-brand?post=40510"}],"curies":[{"name":"wp","href":"https:\/\/api.w.org\/{rel}","templated":true}]}}