{"id":40555,"date":"2022-05-29T11:58:22","date_gmt":"2022-05-29T09:58:22","guid":{"rendered":"https:\/\/dev.authority.biz\/boj\/product\/b-thermo-saco-universal-topo\/"},"modified":"2024-03-04T13:56:34","modified_gmt":"2024-03-04T12:56:34","slug":"b-thermo-footmuff-universal-taupe-2","status":"publish","type":"product","link":"https:\/\/www.bojungle.eu\/es\/producto\/b-thermo-footmuff-universal-taupe-2\/","title":{"rendered":"B-Thermo Saco Universal Topo"},"content":{"rendered":"<p>El saco t\u00e9rmico universal en color topo es la soluci\u00f3n definitiva para mantener a tu peque\u00f1o c\u00f3modo y abrigado durante los paseos fr\u00edos. Elaborado con meticulosa atenci\u00f3n al detalle, este saco est\u00e1 dise\u00f1ado para satisfacer las diversas necesidades de los padres modernos y sus beb\u00e9s.<\/p>\n<p><strong>Compatibilidad universal:<\/strong> Compatible con la mayor\u00eda de los tipos de cochecitos, nuestro saco cuenta con aberturas estrat\u00e9gicamente ubicadas para arneses de seguridad, lo que garantiza un ajuste seguro y ofrece la m\u00e1xima comodidad.<\/p>\n<p><strong>Calidez y comodidad superiores:<\/strong> envuelto en un forro polar suntuosamente suave y con un grosor de 400 gramos, nuestro saco promete una calidez incomparable incluso en los meses m\u00e1s fr\u00edos del invierno. Su beb\u00e9 permanecer\u00e1 lujosamente c\u00f3modo durante todo el viaje.<\/p>\n<p><strong>Dise\u00f1o lujoso:<\/strong> Consiente a tu peque\u00f1o con el ep\u00edtome del lujo. Nuestro saco cuenta con opulentos tejidos exteriores, que elevan tanto el estilo como la funcionalidad. <\/p>\n<p><strong>Protecci\u00f3n mejorada:<\/strong> proteja a su beb\u00e9 de los elementos con nuestro saco para pies resistente al agua y al viento. Ya sea que llueva o nieve, tenga la seguridad de que su peque\u00f1o permanecer\u00e1 c\u00f3modo y seco. <\/p>\n<p><strong>Capucha adaptable:<\/strong> Combate los vientos helados con facilidad. Nuestro saco ofrece la flexibilidad de formar una capucha protectora alrededor de la cabeza de su beb\u00e9, brind\u00e1ndole calidez y seguridad adicionales en los d\u00edas helados. <\/p>\n<p><strong>Robusto y seguro:<\/strong> Dise\u00f1ado para su tranquilidad, nuestro saco para pies cuenta con una parte inferior antideslizante y correas, lo que garantiza que permanezca seguro en su lugar mientras est\u00e1 sujeto al cochecito.<\/p>\n<p><strong>Uso vers\u00e1til:<\/strong> A medida que su beb\u00e9 crece, tambi\u00e9n lo hace nuestro saco. El extremo de los pies se puede abrir c\u00f3modamente para permitir libertad de movimiento y adaptarse a las necesidades cambiantes de su peque\u00f1o.<\/p>\n<p><strong>F\u00e1cil mantenimiento:<\/strong> Dise\u00f1ado para padres ocupados, nuestro saco se puede lavar f\u00e1cilmente a 30\u00b0C, manteni\u00e9ndolo limpio y fresco en cada salida.<\/p>\n<p>Experimente la personificaci\u00f3n de la calidez, la comodidad y el estilo con el Thermo Footmuff Universal, el compa\u00f1ero perfecto para las aventuras al aire libre de su beb\u00e9.<\/p>\n","protected":false},"excerpt":{"rendered":"<div class=\"flex flex-grow flex-col max-w-full\">\n<div class=\"min-h-[20px] text-message flex flex-col items-start gap-3 whitespace-pre-wrap break-words [.text-message+&amp;]:mt-5 overflow-x-auto\" data-message-author-role=\"assistant\" data-message-id=\"b8d9f90e-46a7-45ac-9c2b-1b996e36b397\">\n<div class=\"markdown prose w-full break-words dark:prose-invert light\">\n<p>Descubra el Thermo Footmuff Universal en Taupe: la soluci\u00f3n acogedora definitiva para los paseos invernales. Con un lujoso forro polar de 400 g, resistencia al agua y al viento y un dise\u00f1o vers\u00e1til, ofrece calidez, protecci\u00f3n y comodidad inigualables.  Mant\u00e9n a tu peque\u00f1o c\u00f3modo y elegante en cada salida. \u200b<\/p>\n<\/div>\n<\/div>\n<\/div>\n<div class=\"mt-1 flex justify-start gap-3 empty:hidden\">\n<div class=\"text-gray-400 flex self-end lg:self-center justify-center lg:justify-start mt-0 -ml-1 h-7 visible\"><\/div>\n<\/div>\n","protected":false},"featured_media":67672,"comment_status":"closed","ping_status":"closed","template":"","meta":{"_lmt_disableupdate":"","_lmt_disable":""},"product_brand":[],"product_cat":[638,637],"product_tag":[],"woo-feed-brand":[],"class_list":{"0":"post-40555","1":"product","2":"type-product","3":"status-publish","4":"has-post-thumbnail","6":"product_cat-accesorios-de-exterior","7":"product_cat-en-el-exterior","9":"first","10":"instock","11":"taxable","12":"shipping-taxable","13":"purchasable","14":"product-type-simple"},"_links":{"self":[{"href":"https:\/\/www.bojungle.eu\/es\/wp-json\/wp\/v2\/product\/40555","targetHints":{"allow":["GET"]}}],"collection":[{"href":"https:\/\/www.bojungle.eu\/es\/wp-json\/wp\/v2\/product"}],"about":[{"href":"https:\/\/www.bojungle.eu\/es\/wp-json\/wp\/v2\/types\/product"}],"replies":[{"embeddable":true,"href":"https:\/\/www.bojungle.eu\/es\/wp-json\/wp\/v2\/comments?post=40555"}],"version-history":[{"count":1,"href":"https:\/\/www.bojungle.eu\/es\/wp-json\/wp\/v2\/product\/40555\/revisions"}],"predecessor-version":[{"id":67701,"href":"https:\/\/www.bojungle.eu\/es\/wp-json\/wp\/v2\/product\/40555\/revisions\/67701"}],"wp:featuredmedia":[{"embeddable":true,"href":"https:\/\/www.bojungle.eu\/es\/wp-json\/wp\/v2\/media\/67672"}],"wp:attachment":[{"href":"https:\/\/www.bojungle.eu\/es\/wp-json\/wp\/v2\/media?parent=40555"}],"wp:term":[{"taxonomy":"product_brand","embeddable":true,"href":"https:\/\/www.bojungle.eu\/es\/wp-json\/wp\/v2\/product_brand?post=40555"},{"taxonomy":"product_cat","embeddable":true,"href":"https:\/\/www.bojungle.eu\/es\/wp-json\/wp\/v2\/product_cat?post=40555"},{"taxonomy":"product_tag","embeddable":true,"href":"https:\/\/www.bojungle.eu\/es\/wp-json\/wp\/v2\/product_tag?post=40555"},{"taxonomy":"woo-feed-brand","embeddable":true,"href":"https:\/\/www.bojungle.eu\/es\/wp-json\/wp\/v2\/woo-feed-brand?post=40555"}],"curies":[{"name":"wp","href":"https:\/\/api.w.org\/{rel}","templated":true}]}}